{"id":1340,"date":"2022-02-16T17:12:13","date_gmt":"2022-02-16T16:12:13","guid":{"rendered":"https:\/\/invest.warmia.mazury.pl\/en\/?page_id=1340"},"modified":"2025-05-29T08:57:24","modified_gmt":"2025-05-29T06:57:24","slug":"deklaracja-dostepnosci","status":"publish","type":"page","link":"https:\/\/invest.warmia.mazury.pl\/en\/deklaracja-dostepnosci\/","title":{"rendered":"Deklaracja dost\u0119pno\u015bci"},"content":{"rendered":"\n<h2 class=\"wp-block-heading has-medium-font-size\"><strong>Wst\u0119p deklaracji<\/strong><\/h2>\n\n\n\n<p id=\"a11y-wstep\">Urz\u0105d Marsza\u0142kowski Wojew\u00f3dztwa Warmi\u0144sko-Mazurskiego w Olsztynie zobowi\u0105zuje si\u0119 zapewni\u0107 dost\u0119pno\u015b\u0107 swojej strony Invest In Warmia &amp; Mazury zgodnie z przepisami ustawy z dnia 4 kwietnia 2019 r. o dost\u0119pno\u015bci cyfrowej stron internetowych i aplikacji mobilnych podmiot\u00f3w publicznych. <\/p>\n\n\n\n<p id=\"a11y-zakres\">O\u015bwiadczenie w sprawie dost\u0119pno\u015bci ma zastosowanie do strony internetowej:<\/p>\n\n\n\n<p id=\"a11y-url\"> <a href=\"https:\/\/invest.warmia.mazury.pl\">https:\/\/invest.warmia.mazury.pl<\/a><\/p>\n\n\n\n<p class=\"has-medium-font-size\"><strong>Dane teleadresowe jednostki:<\/strong><\/p>\n\n\n\n<p id=\"a11y-podmiot\">Urz\u0105d Marsza\u0142kowski Wojew\u00f3dztwa Warmi\u0144sko-Mazurskiego w Olsztynie<br>ul. Emilii Plater 1<br>10-562 Olsztyn<\/p>\n\n\n\n<p>Data publikacji strony internetowej: <time id=\"a11y-data-publikacja\" datetime=\"2022-02-09\">9 lutego 2022<\/p>\n\n\n\n<p>Data ostatniej istotnej aktualizacji: <time id=\"a11y-data-aktualizacja\" datetime=\"2022-02-21\">21 lutego 2022<\/p>\n\n\n\n<h2 class=\"wp-block-heading has-medium-font-size\"><strong>Stan dost\u0119pno\u015bci cyfrowej<\/strong><\/h2>\n\n\n\n<p id=\"a11y-status\">Strona internetowa jest cz\u0119\u015bciowo zgodna z za\u0142\u0105cznikiem do ustawy o dost\u0119pno\u015bci cyfrowej z dnia 4 kwietnia 2019 r. o dost\u0119pno\u015bci cyfrowej stron internetowych i aplikacji mobilnych podmiot\u00f3w publicznych z powodu niezgodno\u015bci lub wy\u0142\u0105cze\u0144 wymienionych poni\u017cej.<\/p>\n\n\n\n<h2 class=\"wp-block-heading has-medium-font-size\"><strong>Niedost\u0119pne tre\u015bci<\/strong><\/h2>\n\n\n\n<h2 class=\"wp-block-heading has-medium-font-size\">Niezgodno\u015b\u0107 z za\u0142\u0105cznikiem<\/h2>\n\n\n\n<ul id=\"a11y-ocena\" class=\"wp-block-list\">\n<li>linki prowadz\u0105ce do dokument\u00f3w do pobrania nie zawieraj\u0105 informacji o ich j\u0119zyku, formacie oraz rozmiarze,<\/li>\n\n\n\n<li>filmy nie posiadaj\u0105 napis\u00f3w dla os\u00f3b g\u0142uchych,<\/li>\n\n\n\n<li>cz\u0119\u015b\u0107 z opublikowanych zdj\u0119\u0107 nie posiada opisu alternatywnego, maj\u0105 one charakter promocyjny i nie s\u0105 wykorzystywane do realizacji bie\u017c\u0105cych zada\u0144.<\/li>\n<\/ul>\n\n\n\n<p>Na stronie internetowej mo\u017cna u\u017cywa\u0107 standardowych skr\u00f3t\u00f3w klawiaturowych przegl\u0105darki.<\/p>\n\n\n\n<h2 class=\"wp-block-heading has-medium-font-size\"><strong>U\u0142atwienia na stronie<\/strong><\/h2>\n\n\n\n<p>Strona podmiotowa Invest Urz\u0119du Marsza\u0142kowskiego Wojew\u00f3dztwa Warmi\u0144sko-Mazurskiego w Olsztynie posiada nast\u0119puj\u0105ce u\u0142atwienia:<\/p>\n\n\n\n<ul class=\"wp-block-list\">\n<li>odpowiedni kontrast<\/li>\n\n\n\n<li>mo\u017cliwo\u015b\u0107 powi\u0119kszenia wielko\u015bci liter na stronie<\/li>\n\n\n\n<li>wyr\u00f3\u017cniony kontrast odno\u015bnik\u00f3w<\/li>\n<\/ul>\n\n\n\n<h2 class=\"wp-block-heading has-medium-font-size\"><strong>Przygotowanie deklaracji dost\u0119pno\u015bci i jej aktualizacja<\/strong><\/h2>\n\n\n\n<p>Data sporz\u0105dzenia deklaracji: <time id=\"a11y-data-sporzadzenie\" datetime=\"2022-02-09\">09 lutego 2022<\/p>\n\n\n\n<p>Data ostatniego przegl\u0105du deklaracji: <time id=\"a11y-data-przeglad\" datetime=\"2025-04-09\">9 kwietnia 2025<\/p>\n\n\n\n<p>Deklaracj\u0119 sporz\u0105dzili\u015bmy na podstawie samooceny w oparciu o <a href=\"https:\/\/www.gov.pl\/attachment\/1a3e2bb5-6d60-4897-ac2f-07a8e91e70ed\">List\u0119 kontroln\u0105 do badania dost\u0119pno\u015bci cyfrowej strony internetowej v. 2.2 (docx, 0,12MB)<\/a>.<\/p>\n\n\n\n<h2 class=\"wp-block-heading has-medium-font-size\" id=\"a11y-kontakt\"><strong>Informacje zwrotne i dane kontaktowe<\/strong><\/h2>\n\n\n\n<p>W przypadku problem\u00f3w z dost\u0119pno\u015bci\u0105 strony internetowej prosimy o kontakt. <\/p>\n\n\n\n<p>Osob\u0105 kontaktow\u0105 jest Pan:<\/p>\n\n\n\n<p id=\"a11y-osoba\">Miros\u0142aw Mindrow <\/p>\n\n\n\n<p id=\"a11y-email\"><a href=\"mailto:bip@warmia.mazury.pl\">bip@warmia.mazury.pl<\/a> <\/p>\n\n\n\n<p>Kontaktowa\u0107 mo\u017cna si\u0119 tak\u017ce dzwoni\u0105c na numer telefonu:<\/p>\n\n\n\n<p id=\"a11y-telefon\">(89) 52 19 400 <\/p>\n\n\n\n<p>T\u0105 sam\u0105 drog\u0105 mo\u017cna sk\u0142ada\u0107 wnioski o udost\u0119pnienie informacji niedost\u0119pnej oraz sk\u0142ada\u0107 \u017c\u0105dania zapewnienia dost\u0119pno\u015bci.<\/p>\n\n\n\n<h2 class=\"wp-block-heading has-medium-font-size\"><strong>Obs\u0142uga wniosk\u00f3w i skarg zwi\u0105zanych z dost\u0119pno\u015bci\u0105<\/strong><\/h2>\n\n\n\n<p id=\"a11y-procedura\">Ka\u017cdy ma prawo do wyst\u0105pienia z \u017c\u0105daniem zapewnienia dost\u0119pno\u015bci cyfrowej strony internetowej, aplikacji mobilnej lub jakiego\u015b ich elementu. Mo\u017cna tak\u017ce za\u017c\u0105da\u0107 udost\u0119pnienia informacji za pomoc\u0105 alternatywnego sposobu dost\u0119pu, na przyk\u0142ad przez odczytanie niedost\u0119pnego cyfrowo dokumentu, opisanie zawarto\u015bci filmu bez audiodeskrypcji itp. \u017b\u0105danie powinno zawiera\u0107 dane osoby zg\u0142aszaj\u0105cej \u017c\u0105danie, wskazanie, o kt\u00f3r\u0105 stron\u0119 internetow\u0105 lub aplikacj\u0119 mobiln\u0105 chodzi oraz spos\u00f3b kontaktu. Je\u017celi osoba \u017c\u0105daj\u0105ca zg\u0142asza potrzeb\u0119 otrzymania informacji za pomoc\u0105 alternatywnego sposobu dost\u0119pu, powinna tak\u017ce okre\u015bli\u0107 dogodny dla niej spos\u00f3b przedstawienia tej informacji. Podmiot publiczny powinien zrealizowa\u0107 \u017c\u0105danie niezw\u0142ocznie, nie p\u00f3\u017aniej ni\u017c w ci\u0105gu 7 dni od dnia wyst\u0105pienia z \u017c\u0105daniem. Je\u017celi dotrzymanie tego terminu nie jest mo\u017cliwe, podmiot publiczny niezw\u0142ocznie informuje o tym wnosz\u0105cego \u017c\u0105danie, kiedy realizacja \u017c\u0105dania b\u0119dzie mo\u017cliwa, przy czym termin ten nie mo\u017ce by\u0107 d\u0142u\u017cszy ni\u017c 2 miesi\u0105ce od dnia wyst\u0105pienia z \u017c\u0105daniem. Je\u017celi zapewnienie dost\u0119pno\u015bci cyfrowej nie jest mo\u017cliwe, podmiot publiczny mo\u017ce zaproponowa\u0107 alternatywny spos\u00f3b dost\u0119pu do informacji. W przypadku, gdy podmiot publiczny odm\u00f3wi realizacji \u017c\u0105dania zapewnienia dost\u0119pno\u015bci lub alternatywnego sposobu dost\u0119pu do informacji, wnosz\u0105cy \u017c\u0105danie mo\u017cne z\u0142o\u017cy\u0107 skarg\u0119 w sprawie zapewniana dost\u0119pno\u015bci cyfrowej strony internetowej, aplikacji mobilnej lub elementu strony internetowej, lub aplikacji mobilnej. Po wyczerpaniu wskazanej wy\u017cej procedury mo\u017cna tak\u017ce z\u0142o\u017cy\u0107 wniosek do Rzecznika Praw Obywatelskich (<a href=\"https:\/\/www.rpo.gov.pl\/\">link do strony podmiotowej Rzecznika Praw Obywatelskich<\/a>).<\/p>\n\n\n\n<h2 class=\"wp-block-heading\">Pozosta\u0142e informacje<\/h2>\n\n\n\n<h2 class=\"wp-block-heading has-medium-font-size\" id=\"a11y-architektura\"><strong>Dost\u0119pno\u015b\u0107 architektoniczna<\/strong><\/h2>\n\n\n\n<p>Urz\u0105d Marsza\u0142kowski Wojew\u00f3dztwa Warmi\u0144sko-Mazurskiego w Olsztynie zlokalizowany jest w trzynastu budynkach:<\/p>\n\n\n\n<ol class=\"wp-block-list\">\n<li>Budynek zlokalizowany przy ul. Emilii Plater 1 w Olsztynie:\n<ol style=\"list-style-type:lower-alpha\" class=\"wp-block-list\">\n<li>dwa wej\u015bcia do budynku:\n<ol style=\"list-style-type:lower-roman\" class=\"wp-block-list\">\n<li>od strony ul. Emilii Plater (schody),<\/li>\n\n\n\n<li>od ul. Ko\u015bciuszki,<\/li>\n<\/ol>\n<\/li>\n\n\n\n<li>dwie windy osobowe &#8211; wej\u015bcie od strony ul. E. Plater i od ul. Ko\u015bciuszki,<\/li>\n\n\n\n<li>dwa d\u017awigi platformowe pochy\u0142owe,<\/li>\n\n\n\n<li>szeroko\u015b\u0107 korytarzy umo\u017cliwia poruszanie si\u0119 os\u00f3b na w\u00f3zkach inwalidzkich,<\/li>\n\n\n\n<li>toaleta przystosowana dla os\u00f3b niepe\u0142nosprawnych &#8211; parter od strony ul. Ko\u015bciuszki &#8211; dost\u0119pno\u015b\u0107 wind\u0105 z poziomu przyziemia,<\/li>\n\n\n\n<li>miejsca parkingowe dla os\u00f3b niepe\u0142nosprawnych:\n<ol style=\"list-style-type:lower-roman\" class=\"wp-block-list\">\n<li>jedno miejsce od strony ul. Ko\u015bciuszki,<\/li>\n<\/ol>\n<\/li>\n\n\n\n<li>informacja w budynku:\n<ol style=\"list-style-type:lower-roman\" class=\"wp-block-list\">\n<li>numery pi\u0119ter w druku powi\u0119kszonym przy windzie &#8211; od strony ul. Ko\u015bciuszki,<\/li>\n\n\n\n<li>informacja g\u0142osowa w windzie &#8211; od strony ul. E. Plater.<\/li>\n<\/ol>\n<\/li>\n<\/ol>\n<\/li>\n\n\n\n<li>Budynek zlokalizowany przy ul. G\u0142owackiego 17 w Olsztynie:\n<ol style=\"list-style-type:lower-alpha\" class=\"wp-block-list\">\n<li>dwa wej\u015bcia do budynku:\n<ol style=\"list-style-type:lower-roman\" class=\"wp-block-list\">\n<li>od strony Placu Solidarno\u015bci (podjazd),<\/li>\n\n\n\n<li>od strony ul. G\u0142owackiego (podjazd),<\/li>\n<\/ol>\n<\/li>\n\n\n\n<li>winda elektryczna &#8211; wej\u015bcie od strony Placu Solidarno\u015bci,<\/li>\n\n\n\n<li>szeroko\u015b\u0107 korytarzy umo\u017cliwia poruszanie si\u0119 os\u00f3b na w\u00f3zkach inwalidzkich,<\/li>\n\n\n\n<li>toaleta przystosowana dla os\u00f3b niepe\u0142nosprawnych &#8211; na poziomie piwnicy &#8211; dost\u0119p wind\u0105 (wej\u015bcie od strony Placu Solidarno\u015bci),<\/li>\n\n\n\n<li>miejsca parkingowe dla os\u00f3b niepe\u0142nosprawnych &#8211; parking na Placu Solidarno\u015bci,<\/li>\n\n\n\n<li>informacja w budynku:\n<ol style=\"list-style-type:lower-roman\" class=\"wp-block-list\">\n<li>informacja g\u0142osowa w windzie,<\/li>\n\n\n\n<li>numery pi\u0119ter w druku powi\u0119kszonym umieszczone przy windzie.<\/li>\n<\/ol>\n<\/li>\n<\/ol>\n<\/li>\n\n\n\n<li>Budynek zlokalizowany przy ul. Bema 3 w Olsztynie:\n<ol style=\"list-style-type:lower-alpha\" class=\"wp-block-list\">\n<li>jedno wej\u015bcie do budynku,<\/li>\n\n\n\n<li>winda osobowa,<\/li>\n\n\n\n<li>szeroko\u015b\u0107 korytarzy umo\u017cliwia poruszanie si\u0119 os\u00f3b na w\u00f3zkach inwalidzkich,<\/li>\n\n\n\n<li>toaleta przystosowana dla os\u00f3b niepe\u0142nosprawnych &#8211; parter budynku,<\/li>\n\n\n\n<li>miejsca parkingowe dla os\u00f3b niepe\u0142nosprawnych &#8211; parking przy ul. Kopernika.<\/li>\n<\/ol>\n<\/li>\n\n\n\n<li>Budynek zlokalizowany przy ul. Partyzant\u00f3w 24 w Olsztynie:\n<ol style=\"list-style-type:lower-alpha\" class=\"wp-block-list\">\n<li>dwa wej\u015bcia do budynku (podjazd),<\/li>\n\n\n\n<li>szeroko\u015b\u0107 korytarzy umo\u017cliwia poruszanie si\u0119 os\u00f3b na w\u00f3zkach inwalidzkich,<\/li>\n\n\n\n<li>toaleta przystosowana dla os\u00f3b niepe\u0142nosprawnych &#8211; parter.<\/li>\n<\/ol>\n<\/li>\n\n\n\n<li>Budynek zlokalizowany przy ul. Ko\u015bciuszki 89\/91 w Olsztynie:\n<ol style=\"list-style-type:lower-alpha\" class=\"wp-block-list\">\n<li>dwa wej\u015bcia do budynku: od strony ul. \u017bo\u0142nierskiej oraz od strony ul. Ko\u015bciuszki (wej\u015bcie dla os\u00f3b niepe\u0142nosprawnych),<\/li>\n\n\n\n<li>winda osobowa &#8211; wej\u015bcie z parkingu na dziedzi\u0144cu budynku &#8211; wjazd od strony ul. Ko\u015bciuszki,<\/li>\n\n\n\n<li>szeroko\u015b\u0107 korytarzy umo\u017cliwia poruszanie si\u0119 os\u00f3b na w\u00f3zkach inwalidzkich,<\/li>\n\n\n\n<li>toaleta przystosowana dla os\u00f3b niepe\u0142nosprawnych na poziomie parteru &#8211; wej\u015bcie od strony ul. Ko\u015bciuszki,<\/li>\n<\/ol>\n<\/li>\n\n\n\n<li>Budynek zlokalizowany przy ul. Pi\u0142sudskiego 11\/17 w Olsztynie:\n<ol style=\"list-style-type:lower-alpha\" class=\"wp-block-list\">\n<li>jedno wej\u015bcie do budynku,<\/li>\n\n\n\n<li>trzy windy,<\/li>\n\n\n\n<li>szeroko\u015b\u0107 korytarzy umo\u017cliwia poruszanie si\u0119 os\u00f3b na w\u00f3zkach inwalidzkich;<\/li>\n\n\n\n<li>toaleta przystosowana dla os\u00f3b niepe\u0142nosprawnych \u2013 parter<\/li>\n\n\n\n<li>miejsce parkingowe dla os\u00f3b niepe\u0142nosprawnych &#8211; od strony ul. G\u0142owackiego,<\/li>\n\n\n\n<li>informacja w budynku &#8211; informacja g\u0142osowa w windzie.<\/li>\n<\/ol>\n<\/li>\n\n\n\n<li>Budynek zlokalizowany przy ul. Pi\u0142sudskiego 32 w Olsztynie:\n<ol style=\"list-style-type:lower-alpha\" class=\"wp-block-list\">\n<li>jedno wej\u015bcie do budynku,<\/li>\n\n\n\n<li>winda umo\u017cliwiaj\u0105ca wjazd do budynku z poziomu chodnika,<\/li>\n\n\n\n<li>informacja w budynku &#8211; informacja g\u0142osowa w windzie,<\/li>\n\n\n\n<li>toaleta przystosowana dla os\u00f3b niepe\u0142nosprawnych,<\/li>\n\n\n\n<li>szeroko\u015b\u0107 korytarzy umo\u017cliwia poruszanie si\u0119 os\u00f3b na w\u00f3zkach inwalidzkich,<\/li>\n\n\n\n<li>miejsce parkingowe dla os\u00f3b niepe\u0142nosprawnych &#8211; od strony ul. G\u0142owackiego.<\/li>\n<\/ol>\n<\/li>\n\n\n\n<li>Budynek zlokalizowany przy ul. Zacisze 18 w Elbl\u0105gu &#8211; Biuro Regionalne:\n<ol style=\"list-style-type:lower-alpha\" class=\"wp-block-list\">\n<li>jedno wej\u015bcie do budynku (podjazd);<\/li>\n\n\n\n<li>mo\u017cliwe jest wej\u015bcie do wysoko\u015bci parteru;<\/li>\n\n\n\n<li>szeroko\u015b\u0107 korytarzy umo\u017cliwia poruszanie si\u0119 os\u00f3b na w\u00f3zkach inwalidzkich;<\/li>\n\n\n\n<li>toaleta przystosowana dla os\u00f3b niepe\u0142nosprawnych,<\/li>\n\n\n\n<li>miejsce parkingowe dla os\u00f3b niepe\u0142nosprawnych.<\/li>\n<\/ol>\n<\/li>\n\n\n\n<li>Budynek zlokalizowany przy ul. Kajki 10 w E\u0142ku &#8211; Biuro Regionalne:\n<ol style=\"list-style-type:lower-alpha\" class=\"wp-block-list\">\n<li>jedno wej\u015bcie do budynku (dzwonek przy wej\u015bciu);<\/li>\n\n\n\n<li>schodo\u0142az;<\/li>\n\n\n\n<li>szeroko\u015b\u0107 korytarzy umo\u017cliwia poruszanie si\u0119 os\u00f3b na w\u00f3zkach inwalidzkich;<\/li>\n\n\n\n<li>toaleta przystosowana dla os\u00f3b niepe\u0142nosprawnych,<\/li>\n<\/ol>\n<\/li>\n<\/ol>\n\n\n\n<p>Nie ma urz\u0105dze\u0144 ani podjazd\u00f3w w budynkach: ul. Pstrowskiego 28 B, ul. Partyzant\u00f3w 87, ul. Maria\u0144ska 3, ul. Ko\u015bciuszki 37A w Olsztynie.<\/p>\n\n\n\n<h2 class=\"wp-block-heading has-medium-font-size\">Dost\u0119pno\u015b\u0107 komunikacyjno-informacyjna<\/h2>\n\n\n\n<p id=\"a11y-komunikacja\"><a href=\"http:\/\/bip.warmia.mazury.pl\/kategoria\/94\/informacje-dodatkowe-jezyk-migowy.html\">Link do informacji dotycz\u0105cej mo\u017cliwo\u015bci korzystania z us\u0142ug t\u0142umacza j\u0119zyka migowego w Urz\u0119dzie Marsza\u0142kowskim Wojew\u00f3dztwa Warmi\u0144sko-Mazurskiego w Olsztynie.<\/a><\/p>\n","protected":false},"excerpt":{"rendered":"<p>Wst\u0119p deklaracji Urz\u0105d Marsza\u0142kowski Wojew\u00f3dztwa Warmi\u0144sko-Mazurskiego w Olsztynie zobowi\u0105zuje si\u0119 zapewni\u0107 dost\u0119pno\u015b\u0107 swojej strony Invest In Warmia &amp; Mazury zgodnie z przepisami ustawy z dnia 4 kwietnia 2019 r. o [&hellip;]<\/p>\n","protected":false},"author":1,"featured_media":0,"parent":0,"menu_order":0,"comment_status":"closed","ping_status":"closed","template":"","meta":{"inline_featured_image":false,"footnotes":""},"class_list":["post-1340","page","type-page","status-publish","hentry"],"yoast_head":"<!-- This site is optimized with the Yoast SEO plugin v26.7 - https:\/\/yoast.com\/wordpress\/plugins\/seo\/ -->\n<title>Deklaracja dost\u0119pno\u015bci - Invest Warmia and Mazury<\/title>\n<meta name=\"robots\" content=\"index, follow, max-snippet:-1, max-image-preview:large, max-video-preview:-1\" \/>\n<link rel=\"canonical\" href=\"https:\/\/invest.warmia.mazury.pl\/en\/deklaracja-dostepnosci\/\" \/>\n<meta property=\"og:locale\" content=\"en_US\" \/>\n<meta property=\"og:type\" content=\"article\" \/>\n<meta property=\"og:title\" content=\"Deklaracja dost\u0119pno\u015bci - Invest Warmia and Mazury\" \/>\n<meta property=\"og:description\" content=\"Wst\u0119p deklaracji Urz\u0105d Marsza\u0142kowski Wojew\u00f3dztwa Warmi\u0144sko-Mazurskiego w Olsztynie zobowi\u0105zuje si\u0119 zapewni\u0107 dost\u0119pno\u015b\u0107 swojej strony Invest In Warmia &amp; Mazury zgodnie z przepisami ustawy z dnia 4 kwietnia 2019 r. o [&hellip;]\" \/>\n<meta property=\"og:url\" content=\"https:\/\/invest.warmia.mazury.pl\/en\/deklaracja-dostepnosci\/\" \/>\n<meta property=\"og:site_name\" content=\"Invest Warmia and Mazury\" \/>\n<meta property=\"article:modified_time\" content=\"2025-05-29T06:57:24+00:00\" \/>\n<meta name=\"twitter:card\" content=\"summary_large_image\" \/>\n<script type=\"application\/ld+json\" class=\"yoast-schema-graph\">{\"@context\":\"https:\/\/schema.org\",\"@graph\":[{\"@type\":\"WebPage\",\"@id\":\"https:\/\/invest.warmia.mazury.pl\/en\/deklaracja-dostepnosci\/\",\"url\":\"https:\/\/invest.warmia.mazury.pl\/en\/deklaracja-dostepnosci\/\",\"name\":\"Deklaracja dost\u0119pno\u015bci - Invest Warmia and Mazury\",\"isPartOf\":{\"@id\":\"https:\/\/invest.warmia.mazury.pl\/en\/#website\"},\"datePublished\":\"2022-02-16T16:12:13+00:00\",\"dateModified\":\"2025-05-29T06:57:24+00:00\",\"breadcrumb\":{\"@id\":\"https:\/\/invest.warmia.mazury.pl\/en\/deklaracja-dostepnosci\/#breadcrumb\"},\"inLanguage\":\"en-US\",\"potentialAction\":[{\"@type\":\"ReadAction\",\"target\":[\"https:\/\/invest.warmia.mazury.pl\/en\/deklaracja-dostepnosci\/\"]}]},{\"@type\":\"BreadcrumbList\",\"@id\":\"https:\/\/invest.warmia.mazury.pl\/en\/deklaracja-dostepnosci\/#breadcrumb\",\"itemListElement\":[{\"@type\":\"ListItem\",\"position\":1,\"name\":\"Strona g\u0142\u00f3wna\",\"item\":\"https:\/\/invest.warmia.mazury.pl\/en\/\"},{\"@type\":\"ListItem\",\"position\":2,\"name\":\"Deklaracja dost\u0119pno\u015bci\"}]},{\"@type\":\"WebSite\",\"@id\":\"https:\/\/invest.warmia.mazury.pl\/en\/#website\",\"url\":\"https:\/\/invest.warmia.mazury.pl\/en\/\",\"name\":\"Invest Warmia and Mazury\",\"description\":\"Economic service of region\",\"publisher\":{\"@id\":\"https:\/\/invest.warmia.mazury.pl\/en\/#organization\"},\"potentialAction\":[{\"@type\":\"SearchAction\",\"target\":{\"@type\":\"EntryPoint\",\"urlTemplate\":\"https:\/\/invest.warmia.mazury.pl\/en\/?s={search_term_string}\"},\"query-input\":{\"@type\":\"PropertyValueSpecification\",\"valueRequired\":true,\"valueName\":\"search_term_string\"}}],\"inLanguage\":\"en-US\"},{\"@type\":\"Organization\",\"@id\":\"https:\/\/invest.warmia.mazury.pl\/en\/#organization\",\"name\":\"Invest Warmia and Mazury\",\"url\":\"https:\/\/invest.warmia.mazury.pl\/en\/\",\"logo\":{\"@type\":\"ImageObject\",\"inLanguage\":\"en-US\",\"@id\":\"https:\/\/invest.warmia.mazury.pl\/en\/#\/schema\/logo\/image\/\",\"url\":\"https:\/\/invest.warmia.mazury.pl\/en\/wp-content\/uploads\/sites\/3\/2021\/12\/logo-invest-in-color.svg\",\"contentUrl\":\"https:\/\/invest.warmia.mazury.pl\/en\/wp-content\/uploads\/sites\/3\/2021\/12\/logo-invest-in-color.svg\",\"caption\":\"Invest Warmia and Mazury\"},\"image\":{\"@id\":\"https:\/\/invest.warmia.mazury.pl\/en\/#\/schema\/logo\/image\/\"}}]}<\/script>\n<!-- \/ Yoast SEO plugin. -->","yoast_head_json":{"title":"Deklaracja dost\u0119pno\u015bci - Invest Warmia and Mazury","robots":{"index":"index","follow":"follow","max-snippet":"max-snippet:-1","max-image-preview":"max-image-preview:large","max-video-preview":"max-video-preview:-1"},"canonical":"https:\/\/invest.warmia.mazury.pl\/en\/deklaracja-dostepnosci\/","og_locale":"en_US","og_type":"article","og_title":"Deklaracja dost\u0119pno\u015bci - Invest Warmia and Mazury","og_description":"Wst\u0119p deklaracji Urz\u0105d Marsza\u0142kowski Wojew\u00f3dztwa Warmi\u0144sko-Mazurskiego w Olsztynie zobowi\u0105zuje si\u0119 zapewni\u0107 dost\u0119pno\u015b\u0107 swojej strony Invest In Warmia &amp; Mazury zgodnie z przepisami ustawy z dnia 4 kwietnia 2019 r. o [&hellip;]","og_url":"https:\/\/invest.warmia.mazury.pl\/en\/deklaracja-dostepnosci\/","og_site_name":"Invest Warmia and Mazury","article_modified_time":"2025-05-29T06:57:24+00:00","twitter_card":"summary_large_image","schema":{"@context":"https:\/\/schema.org","@graph":[{"@type":"WebPage","@id":"https:\/\/invest.warmia.mazury.pl\/en\/deklaracja-dostepnosci\/","url":"https:\/\/invest.warmia.mazury.pl\/en\/deklaracja-dostepnosci\/","name":"Deklaracja dost\u0119pno\u015bci - Invest Warmia and Mazury","isPartOf":{"@id":"https:\/\/invest.warmia.mazury.pl\/en\/#website"},"datePublished":"2022-02-16T16:12:13+00:00","dateModified":"2025-05-29T06:57:24+00:00","breadcrumb":{"@id":"https:\/\/invest.warmia.mazury.pl\/en\/deklaracja-dostepnosci\/#breadcrumb"},"inLanguage":"en-US","potentialAction":[{"@type":"ReadAction","target":["https:\/\/invest.warmia.mazury.pl\/en\/deklaracja-dostepnosci\/"]}]},{"@type":"BreadcrumbList","@id":"https:\/\/invest.warmia.mazury.pl\/en\/deklaracja-dostepnosci\/#breadcrumb","itemListElement":[{"@type":"ListItem","position":1,"name":"Strona g\u0142\u00f3wna","item":"https:\/\/invest.warmia.mazury.pl\/en\/"},{"@type":"ListItem","position":2,"name":"Deklaracja dost\u0119pno\u015bci"}]},{"@type":"WebSite","@id":"https:\/\/invest.warmia.mazury.pl\/en\/#website","url":"https:\/\/invest.warmia.mazury.pl\/en\/","name":"Invest Warmia and Mazury","description":"Economic service of region","publisher":{"@id":"https:\/\/invest.warmia.mazury.pl\/en\/#organization"},"potentialAction":[{"@type":"SearchAction","target":{"@type":"EntryPoint","urlTemplate":"https:\/\/invest.warmia.mazury.pl\/en\/?s={search_term_string}"},"query-input":{"@type":"PropertyValueSpecification","valueRequired":true,"valueName":"search_term_string"}}],"inLanguage":"en-US"},{"@type":"Organization","@id":"https:\/\/invest.warmia.mazury.pl\/en\/#organization","name":"Invest Warmia and Mazury","url":"https:\/\/invest.warmia.mazury.pl\/en\/","logo":{"@type":"ImageObject","inLanguage":"en-US","@id":"https:\/\/invest.warmia.mazury.pl\/en\/#\/schema\/logo\/image\/","url":"https:\/\/invest.warmia.mazury.pl\/en\/wp-content\/uploads\/sites\/3\/2021\/12\/logo-invest-in-color.svg","contentUrl":"https:\/\/invest.warmia.mazury.pl\/en\/wp-content\/uploads\/sites\/3\/2021\/12\/logo-invest-in-color.svg","caption":"Invest Warmia and Mazury"},"image":{"@id":"https:\/\/invest.warmia.mazury.pl\/en\/#\/schema\/logo\/image\/"}}]}},"_links":{"self":[{"href":"https:\/\/invest.warmia.mazury.pl\/en\/wp-json\/wp\/v2\/pages\/1340","targetHints":{"allow":["GET"]}}],"collection":[{"href":"https:\/\/invest.warmia.mazury.pl\/en\/wp-json\/wp\/v2\/pages"}],"about":[{"href":"https:\/\/invest.warmia.mazury.pl\/en\/wp-json\/wp\/v2\/types\/page"}],"author":[{"embeddable":true,"href":"https:\/\/invest.warmia.mazury.pl\/en\/wp-json\/wp\/v2\/users\/1"}],"replies":[{"embeddable":true,"href":"https:\/\/invest.warmia.mazury.pl\/en\/wp-json\/wp\/v2\/comments?post=1340"}],"version-history":[{"count":7,"href":"https:\/\/invest.warmia.mazury.pl\/en\/wp-json\/wp\/v2\/pages\/1340\/revisions"}],"predecessor-version":[{"id":2217,"href":"https:\/\/invest.warmia.mazury.pl\/en\/wp-json\/wp\/v2\/pages\/1340\/revisions\/2217"}],"wp:attachment":[{"href":"https:\/\/invest.warmia.mazury.pl\/en\/wp-json\/wp\/v2\/media?parent=1340"}],"curies":[{"name":"wp","href":"https:\/\/api.w.org\/{rel}","templated":true}]}}