{"id":268,"date":"2021-12-15T09:05:40","date_gmt":"2021-12-15T08:05:40","guid":{"rendered":"https:\/\/invest.warmia.mazury.pl\/?page_id=165"},"modified":"2022-03-11T14:21:01","modified_gmt":"2022-03-11T13:21:01","slug":"leitfaden-fuer-investoren","status":"publish","type":"page","link":"https:\/\/invest.warmia.mazury.pl\/de\/leitfaden-fuer-investoren\/","title":{"rendered":"Leitfaden f\u00fcr Investoren"},"content":{"rendered":"\n<p>Der Leitfaden f\u00fcr Investoren f\u00fchrt Sie durch alle Investitionsschritte, von der <strong>Entscheidung f\u00fcr einen Investitionsstandort <\/strong>bis zur <strong>Umsetzung des Projekts <\/strong>selbst.<\/p>\n\n\n\n<p>Dank dieses Leitfadens erfahren Sie, wie die Auswahl eines Investitionsstandortes erfolgt und wie der Investitionsprozess nach der Auswahl eines Investitionsstandortes abl\u00e4uft.<\/p>\n\n\n\n<ul class=\"wp-block-list\"><li>Wenn Sie sich f\u00fcr einen Investitionsstandort entscheiden m\u00fcssen, klicken Sie unten auf die Schaltfl\u00e4che <strong>&#8222;Standortauswahl&#8220;<\/strong>.<\/li><\/ul>\n\n\n\n<p>Wenn Sie bereits \u00fcber ein Investitionsgel\u00e4nde verf\u00fcgen, klicken Sie unten auf die Schaltfl\u00e4che <strong>&#8222;Ich habe bereits einen Standort ausgew\u00e4hlt&#8220;<\/strong>.<\/p>\n\n\n\n<p><strong>Haben Sie weitere Fragen?<\/strong> <a href=\"\/de\/kontakt\">Kontaktieren Sie die Experten von COIE<\/a>.<\/p>\n","protected":false},"excerpt":{"rendered":"<p>Der Leitfaden f\u00fcr Investoren f\u00fchrt Sie durch alle Investitionsschritte, von der Entscheidung f\u00fcr einen Investitionsstandort bis zur Umsetzung des Projekts selbst. Dank dieses Leitfadens erfahren Sie, wie die Auswahl eines [&hellip;]<\/p>\n","protected":false},"author":1,"featured_media":0,"parent":0,"menu_order":0,"comment_status":"closed","ping_status":"closed","template":"template-page.php","meta":{"inline_featured_image":false,"footnotes":""},"class_list":["post-268","page","type-page","status-publish","hentry"],"yoast_head":"<!-- This site is optimized with the Yoast SEO plugin v26.7 - https:\/\/yoast.com\/wordpress\/plugins\/seo\/ -->\n<title>Leitfaden f\u00fcr Investoren - Invest Ermland Masuren<\/title>\n<meta name=\"robots\" content=\"index, follow, max-snippet:-1, max-image-preview:large, max-video-preview:-1\" \/>\n<link rel=\"canonical\" href=\"https:\/\/invest.warmia.mazury.pl\/de\/leitfaden-fuer-investoren\/\" \/>\n<meta property=\"og:locale\" content=\"de_DE\" \/>\n<meta property=\"og:type\" content=\"article\" \/>\n<meta property=\"og:title\" content=\"Leitfaden f\u00fcr Investoren - Invest Ermland Masuren\" \/>\n<meta property=\"og:description\" content=\"Der Leitfaden f\u00fcr Investoren f\u00fchrt Sie durch alle Investitionsschritte, von der Entscheidung f\u00fcr einen Investitionsstandort bis zur Umsetzung des Projekts selbst. Dank dieses Leitfadens erfahren Sie, wie die Auswahl eines [&hellip;]\" \/>\n<meta property=\"og:url\" content=\"https:\/\/invest.warmia.mazury.pl\/de\/leitfaden-fuer-investoren\/\" \/>\n<meta property=\"og:site_name\" content=\"Invest Ermland Masuren\" \/>\n<meta property=\"article:modified_time\" content=\"2022-03-11T13:21:01+00:00\" \/>\n<meta name=\"twitter:card\" content=\"summary_large_image\" \/>\n<script type=\"application\/ld+json\" class=\"yoast-schema-graph\">{\"@context\":\"https:\/\/schema.org\",\"@graph\":[{\"@type\":\"WebPage\",\"@id\":\"https:\/\/invest.warmia.mazury.pl\/de\/leitfaden-fuer-investoren\/\",\"url\":\"https:\/\/invest.warmia.mazury.pl\/de\/leitfaden-fuer-investoren\/\",\"name\":\"Leitfaden f\u00fcr Investoren - Invest Ermland Masuren\",\"isPartOf\":{\"@id\":\"https:\/\/invest.warmia.mazury.pl\/de\/#website\"},\"datePublished\":\"2021-12-15T08:05:40+00:00\",\"dateModified\":\"2022-03-11T13:21:01+00:00\",\"breadcrumb\":{\"@id\":\"https:\/\/invest.warmia.mazury.pl\/de\/leitfaden-fuer-investoren\/#breadcrumb\"},\"inLanguage\":\"de\",\"potentialAction\":[{\"@type\":\"ReadAction\",\"target\":[\"https:\/\/invest.warmia.mazury.pl\/de\/leitfaden-fuer-investoren\/\"]}]},{\"@type\":\"BreadcrumbList\",\"@id\":\"https:\/\/invest.warmia.mazury.pl\/de\/leitfaden-fuer-investoren\/#breadcrumb\",\"itemListElement\":[{\"@type\":\"ListItem\",\"position\":1,\"name\":\"Strona g\u0142\u00f3wna\",\"item\":\"https:\/\/invest.warmia.mazury.pl\/de\/\"},{\"@type\":\"ListItem\",\"position\":2,\"name\":\"Leitfaden f\u00fcr Investoren\"}]},{\"@type\":\"WebSite\",\"@id\":\"https:\/\/invest.warmia.mazury.pl\/de\/#website\",\"url\":\"https:\/\/invest.warmia.mazury.pl\/de\/\",\"name\":\"Invest Ermland Masuren\",\"description\":\"\",\"publisher\":{\"@id\":\"https:\/\/invest.warmia.mazury.pl\/de\/#organization\"},\"potentialAction\":[{\"@type\":\"SearchAction\",\"target\":{\"@type\":\"EntryPoint\",\"urlTemplate\":\"https:\/\/invest.warmia.mazury.pl\/de\/?s={search_term_string}\"},\"query-input\":{\"@type\":\"PropertyValueSpecification\",\"valueRequired\":true,\"valueName\":\"search_term_string\"}}],\"inLanguage\":\"de\"},{\"@type\":\"Organization\",\"@id\":\"https:\/\/invest.warmia.mazury.pl\/de\/#organization\",\"name\":\"Invest Ermland Masuren\",\"url\":\"https:\/\/invest.warmia.mazury.pl\/de\/\",\"logo\":{\"@type\":\"ImageObject\",\"inLanguage\":\"de\",\"@id\":\"https:\/\/invest.warmia.mazury.pl\/de\/#\/schema\/logo\/image\/\",\"url\":\"https:\/\/invest.warmia.mazury.pl\/de\/wp-content\/uploads\/sites\/4\/2021\/12\/logo-invest-in-color.svg\",\"contentUrl\":\"https:\/\/invest.warmia.mazury.pl\/de\/wp-content\/uploads\/sites\/4\/2021\/12\/logo-invest-in-color.svg\",\"caption\":\"Invest Ermland Masuren\"},\"image\":{\"@id\":\"https:\/\/invest.warmia.mazury.pl\/de\/#\/schema\/logo\/image\/\"}}]}<\/script>\n<!-- \/ Yoast SEO plugin. -->","yoast_head_json":{"title":"Leitfaden f\u00fcr Investoren - Invest Ermland Masuren","robots":{"index":"index","follow":"follow","max-snippet":"max-snippet:-1","max-image-preview":"max-image-preview:large","max-video-preview":"max-video-preview:-1"},"canonical":"https:\/\/invest.warmia.mazury.pl\/de\/leitfaden-fuer-investoren\/","og_locale":"de_DE","og_type":"article","og_title":"Leitfaden f\u00fcr Investoren - Invest Ermland Masuren","og_description":"Der Leitfaden f\u00fcr Investoren f\u00fchrt Sie durch alle Investitionsschritte, von der Entscheidung f\u00fcr einen Investitionsstandort bis zur Umsetzung des Projekts selbst. Dank dieses Leitfadens erfahren Sie, wie die Auswahl eines [&hellip;]","og_url":"https:\/\/invest.warmia.mazury.pl\/de\/leitfaden-fuer-investoren\/","og_site_name":"Invest Ermland Masuren","article_modified_time":"2022-03-11T13:21:01+00:00","twitter_card":"summary_large_image","schema":{"@context":"https:\/\/schema.org","@graph":[{"@type":"WebPage","@id":"https:\/\/invest.warmia.mazury.pl\/de\/leitfaden-fuer-investoren\/","url":"https:\/\/invest.warmia.mazury.pl\/de\/leitfaden-fuer-investoren\/","name":"Leitfaden f\u00fcr Investoren - Invest Ermland Masuren","isPartOf":{"@id":"https:\/\/invest.warmia.mazury.pl\/de\/#website"},"datePublished":"2021-12-15T08:05:40+00:00","dateModified":"2022-03-11T13:21:01+00:00","breadcrumb":{"@id":"https:\/\/invest.warmia.mazury.pl\/de\/leitfaden-fuer-investoren\/#breadcrumb"},"inLanguage":"de","potentialAction":[{"@type":"ReadAction","target":["https:\/\/invest.warmia.mazury.pl\/de\/leitfaden-fuer-investoren\/"]}]},{"@type":"BreadcrumbList","@id":"https:\/\/invest.warmia.mazury.pl\/de\/leitfaden-fuer-investoren\/#breadcrumb","itemListElement":[{"@type":"ListItem","position":1,"name":"Strona g\u0142\u00f3wna","item":"https:\/\/invest.warmia.mazury.pl\/de\/"},{"@type":"ListItem","position":2,"name":"Leitfaden f\u00fcr Investoren"}]},{"@type":"WebSite","@id":"https:\/\/invest.warmia.mazury.pl\/de\/#website","url":"https:\/\/invest.warmia.mazury.pl\/de\/","name":"Invest Ermland Masuren","description":"","publisher":{"@id":"https:\/\/invest.warmia.mazury.pl\/de\/#organization"},"potentialAction":[{"@type":"SearchAction","target":{"@type":"EntryPoint","urlTemplate":"https:\/\/invest.warmia.mazury.pl\/de\/?s={search_term_string}"},"query-input":{"@type":"PropertyValueSpecification","valueRequired":true,"valueName":"search_term_string"}}],"inLanguage":"de"},{"@type":"Organization","@id":"https:\/\/invest.warmia.mazury.pl\/de\/#organization","name":"Invest Ermland Masuren","url":"https:\/\/invest.warmia.mazury.pl\/de\/","logo":{"@type":"ImageObject","inLanguage":"de","@id":"https:\/\/invest.warmia.mazury.pl\/de\/#\/schema\/logo\/image\/","url":"https:\/\/invest.warmia.mazury.pl\/de\/wp-content\/uploads\/sites\/4\/2021\/12\/logo-invest-in-color.svg","contentUrl":"https:\/\/invest.warmia.mazury.pl\/de\/wp-content\/uploads\/sites\/4\/2021\/12\/logo-invest-in-color.svg","caption":"Invest Ermland Masuren"},"image":{"@id":"https:\/\/invest.warmia.mazury.pl\/de\/#\/schema\/logo\/image\/"}}]}},"_links":{"self":[{"href":"https:\/\/invest.warmia.mazury.pl\/de\/wp-json\/wp\/v2\/pages\/268","targetHints":{"allow":["GET"]}}],"collection":[{"href":"https:\/\/invest.warmia.mazury.pl\/de\/wp-json\/wp\/v2\/pages"}],"about":[{"href":"https:\/\/invest.warmia.mazury.pl\/de\/wp-json\/wp\/v2\/types\/page"}],"author":[{"embeddable":true,"href":"https:\/\/invest.warmia.mazury.pl\/de\/wp-json\/wp\/v2\/users\/1"}],"replies":[{"embeddable":true,"href":"https:\/\/invest.warmia.mazury.pl\/de\/wp-json\/wp\/v2\/comments?post=268"}],"version-history":[{"count":3,"href":"https:\/\/invest.warmia.mazury.pl\/de\/wp-json\/wp\/v2\/pages\/268\/revisions"}],"predecessor-version":[{"id":2082,"href":"https:\/\/invest.warmia.mazury.pl\/de\/wp-json\/wp\/v2\/pages\/268\/revisions\/2082"}],"wp:attachment":[{"href":"https:\/\/invest.warmia.mazury.pl\/de\/wp-json\/wp\/v2\/media?parent=268"}],"curies":[{"name":"wp","href":"https:\/\/api.w.org\/{rel}","templated":true}]}}