{"id":2248,"date":"2026-04-03T14:40:05","date_gmt":"2026-04-03T12:40:05","guid":{"rendered":"https:\/\/invest.warmia.mazury.pl\/de\/?page_id=2248"},"modified":"2026-04-10T12:30:40","modified_gmt":"2026-04-10T10:30:40","slug":"gesundes-leben","status":"publish","type":"page","link":"https:\/\/invest.warmia.mazury.pl\/de\/intelligente-spezialisierungen-der-region\/gesundes-leben\/","title":{"rendered":"Gesundes Leben"},"content":{"rendered":"\n<p>Die Spezialisierung <strong>\u201eGesundes Leben\u201c<\/strong> basiert auf einem umfassenden Ansatz zur F\u00f6rderung der Gesundheit und des Wohlbefindens der Einwohnerinnen und Einwohner sowie auf der Nutzung der einzigartigen Umweltressourcen der Region Ermland-Masuren. Ihre Einf\u00fchrung ist das Ergebnis der wachsenden Bedeutung des Gesundheitssektors sowie des wirtschaftlichen Potenzials von Unternehmen, die im Bereich medizinischer und gesundheitsnaher Dienstleistungen t\u00e4tig sind.<\/p>\n\n\n\n<p>Das Konzept dieser Spezialisierung st\u00fctzt sich auf zwei zentrale S\u00e4ulen:<\/p>\n\n\n\n<ul class=\"wp-block-list\">\n<li>die au\u00dfergew\u00f6hnlich hohe Umweltqualit\u00e4t der Region,<\/li>\n\n\n\n<li>die Pr\u00e4senz und Entwicklung von Unternehmen und Institutionen im Bereich medizinischer und angrenzender Dienstleistungen.<\/li>\n<\/ul>\n\n\n\n<p>In den letzten Jahren ist eine dynamische Entwicklung spezialisierter Gesundheitsdienstleistungen zu beobachten. Gleichzeitig gewinnt die Rolle von Forschungs- und Wissenschaftseinrichtungen im Bereich der Medizin zunehmend an Bedeutung, und das Bewusstsein der Bev\u00f6lkerung f\u00fcr einen gesunden Lebensstil sowie f\u00fcr Pr\u00e4vention w\u00e4chst kontinuierlich.<\/p>\n\n\n\n<p>Die Spezialisierung umfasst ein breites Spektrum von Aktivit\u00e4ten, darunter:<\/p>\n\n\n\n<ul class=\"wp-block-list\">\n<li>Gesundheitsversorgung und Pr\u00e4vention,<\/li>\n\n\n\n<li>F\u00f6rderung eines gesunden Lebensstils und Wellbeing,<\/li>\n\n\n\n<li>Entwicklung medizinischer Technologien und Telemedizin,<\/li>\n\n\n\n<li>L\u00f6sungen zur Unterst\u00fctzung einer emissionsarmen Wirtschaft und einer hohen Umweltqualit\u00e4t.<\/li>\n<\/ul>\n\n\n\n<h3 class=\"wp-block-heading\"><strong>Beispielhafte Bereiche der Spezialisierung \u201eGesundes Leben\u201c<\/strong><\/h3>\n\n\n\n<ul class=\"wp-block-list\">\n<li><strong>Wissensproduzenten und -anbieter<\/strong> im Bereich Gesundheit (Hochschulen, Forschungseinrichtungen, Wissenschafts- und Technologieparks sowie Institutionen des wirtschaftsnahen Umfelds),<\/li>\n\n\n\n<li><strong>Hersteller und Distributoren medizinischer Ger\u00e4te und gesundheitsbezogener Produkte<\/strong>, einschlie\u00dflich Medizintechnik, Arzneimittel und Nahrungserg\u00e4nzungsmittel,<\/li>\n\n\n\n<li><strong>Anbieter medizinischer und gesundheitsnaher Dienstleistungen<\/strong>, wie ambulante Einrichtungen, Krankenh\u00e4user, Rehabilitationszentren und station\u00e4re Pflegeeinrichtungen,<\/li>\n\n\n\n<li><strong>der auf den Gesundheitsbereich spezialisierte IKT-Sektor<\/strong>, insbesondere Softwarel\u00f6sungen f\u00fcr Medizin und Gesundheitsdienstleistungen,<\/li>\n\n\n\n<li><strong>Anbieter von Umweltprodukten und -dienstleistungen<\/strong>, die zur Lebensqualit\u00e4t und Gesundheit beitragen (z. B. Abfallwirtschaft, Energieerzeugung, Management nat\u00fcrlicher Ressourcen).<\/li>\n<\/ul>\n\n\n\n<p>Ein wichtiger Bestandteil dieser Spezialisierung ist zudem die Entwicklung der Kur- und Gesundheitsfunktion der Region. Derzeit verf\u00fcgen <strong>Go\u0142dap<\/strong> und <strong>Lidzbark Warmi\u0144ski<\/strong> \u00fcber den Status eines Kurortes, w\u00e4hrend weitere Gemeinden Ma\u00dfnahmen zur Erlangung dieses Status ergreifen.<\/p>\n\n\n\n<hr class=\"wp-block-separator has-alpha-channel-opacity\"\/>\n\n\n\n<h3 class=\"wp-block-heading\"><strong>Bedeutung der Spezialisierung \u201eGesundes Leben\u201c<\/strong><\/h3>\n\n\n\n<p>Diese Spezialisierung entspricht globalen Trends wie der Alterung der Gesellschaft, der steigenden Bedeutung von Gesundheitspr\u00e4vention sowie der dynamischen Entwicklung medizinischer Technologien. Ermland-Masuren verf\u00fcgt \u2013 dank der Kombination aus hoher Umweltqualit\u00e4t und einem sich entwickelnden Gesundheitssektor \u2013 \u00fcber das Potenzial, sich zu einem bedeutenden Zentrum einer auf Gesundheit und Lebensqualit\u00e4t ausgerichteten Wirtschaft zu entwickeln.<\/p>\n\n\n\n<figure class=\"wp-block-gallery has-nested-images columns-default is-cropped wp-block-gallery-1 is-layout-flex wp-block-gallery-is-layout-flex\">\n<figure class=\"wp-block-image size-large\"><img loading=\"lazy\" decoding=\"async\" width=\"1296\" height=\"865\" data-id=\"250\" src=\"https:\/\/invest.warmia.mazury.pl\/de\/wp-content\/uploads\/sites\/4\/2022\/02\/Lidzbark-Warminski-Termy-Warminskie-1296x865.jpg\" alt=\"\" class=\"wp-image-250\" srcset=\"https:\/\/invest.warmia.mazury.pl\/de\/wp-content\/uploads\/sites\/4\/2022\/02\/Lidzbark-Warminski-Termy-Warminskie-1296x865.jpg 1296w, https:\/\/invest.warmia.mazury.pl\/de\/wp-content\/uploads\/sites\/4\/2022\/02\/Lidzbark-Warminski-Termy-Warminskie-300x200.jpg 300w, https:\/\/invest.warmia.mazury.pl\/de\/wp-content\/uploads\/sites\/4\/2022\/02\/Lidzbark-Warminski-Termy-Warminskie-768x513.jpg 768w, https:\/\/invest.warmia.mazury.pl\/de\/wp-content\/uploads\/sites\/4\/2022\/02\/Lidzbark-Warminski-Termy-Warminskie-1536x1025.jpg 1536w, https:\/\/invest.warmia.mazury.pl\/de\/wp-content\/uploads\/sites\/4\/2022\/02\/Lidzbark-Warminski-Termy-Warminskie-2048x1367.jpg 2048w, https:\/\/invest.warmia.mazury.pl\/de\/wp-content\/uploads\/sites\/4\/2022\/02\/Lidzbark-Warminski-Termy-Warminskie-1024x683.jpg 1024w\" sizes=\"auto, (max-width: 1296px) 100vw, 1296px\" \/><\/figure>\n\n\n\n<figure class=\"wp-block-image size-large\"><img loading=\"lazy\" decoding=\"async\" width=\"1068\" height=\"641\" data-id=\"2137\" src=\"https:\/\/invest.warmia.mazury.pl\/de\/wp-content\/uploads\/sites\/4\/2024\/10\/lidzbark-uzdrowisko.jpg\" alt=\"\" class=\"wp-image-2137\" srcset=\"https:\/\/invest.warmia.mazury.pl\/de\/wp-content\/uploads\/sites\/4\/2024\/10\/lidzbark-uzdrowisko.jpg 1068w, https:\/\/invest.warmia.mazury.pl\/de\/wp-content\/uploads\/sites\/4\/2024\/10\/lidzbark-uzdrowisko-300x180.jpg 300w, https:\/\/invest.warmia.mazury.pl\/de\/wp-content\/uploads\/sites\/4\/2024\/10\/lidzbark-uzdrowisko-768x461.jpg 768w\" sizes=\"auto, (max-width: 1068px) 100vw, 1068px\" \/><\/figure>\n\n\n\n<figure class=\"wp-block-image size-large\"><img loading=\"lazy\" decoding=\"async\" width=\"1024\" height=\"684\" data-id=\"243\" src=\"https:\/\/invest.warmia.mazury.pl\/de\/wp-content\/uploads\/sites\/4\/2022\/02\/Goldap-teznie-solankowe-Mazurski-Zdroj-1024x684.jpg\" alt=\"\" class=\"wp-image-243\" srcset=\"https:\/\/invest.warmia.mazury.pl\/de\/wp-content\/uploads\/sites\/4\/2022\/02\/Goldap-teznie-solankowe-Mazurski-Zdroj-1024x684.jpg 1024w, https:\/\/invest.warmia.mazury.pl\/de\/wp-content\/uploads\/sites\/4\/2022\/02\/Goldap-teznie-solankowe-Mazurski-Zdroj-300x200.jpg 300w, https:\/\/invest.warmia.mazury.pl\/de\/wp-content\/uploads\/sites\/4\/2022\/02\/Goldap-teznie-solankowe-Mazurski-Zdroj-768x513.jpg 768w, https:\/\/invest.warmia.mazury.pl\/de\/wp-content\/uploads\/sites\/4\/2022\/02\/Goldap-teznie-solankowe-Mazurski-Zdroj.jpg 1200w\" sizes=\"auto, (max-width: 1024px) 100vw, 1024px\" \/><\/figure>\n\n\n\n<figure class=\"wp-block-image size-large\"><img loading=\"lazy\" decoding=\"async\" width=\"1296\" height=\"863\" data-id=\"2210\" src=\"https:\/\/invest.warmia.mazury.pl\/de\/wp-content\/uploads\/sites\/4\/2026\/03\/Lidzbark_Uzdrowisko_JPG_300_DPI-2-1296x863.jpg\" alt=\"\" class=\"wp-image-2210\" srcset=\"https:\/\/invest.warmia.mazury.pl\/de\/wp-content\/uploads\/sites\/4\/2026\/03\/Lidzbark_Uzdrowisko_JPG_300_DPI-2-1296x863.jpg 1296w, https:\/\/invest.warmia.mazury.pl\/de\/wp-content\/uploads\/sites\/4\/2026\/03\/Lidzbark_Uzdrowisko_JPG_300_DPI-2-300x200.jpg 300w, https:\/\/invest.warmia.mazury.pl\/de\/wp-content\/uploads\/sites\/4\/2026\/03\/Lidzbark_Uzdrowisko_JPG_300_DPI-2-768x512.jpg 768w, https:\/\/invest.warmia.mazury.pl\/de\/wp-content\/uploads\/sites\/4\/2026\/03\/Lidzbark_Uzdrowisko_JPG_300_DPI-2-1536x1023.jpg 1536w, https:\/\/invest.warmia.mazury.pl\/de\/wp-content\/uploads\/sites\/4\/2026\/03\/Lidzbark_Uzdrowisko_JPG_300_DPI-2-2048x1364.jpg 2048w\" sizes=\"auto, (max-width: 1296px) 100vw, 1296px\" \/><\/figure>\n<\/figure>\n","protected":false},"excerpt":{"rendered":"<p>Die Spezialisierung \u201eGesundes Leben\u201c basiert auf einem umfassenden Ansatz zur F\u00f6rderung der Gesundheit und des Wohlbefindens der Einwohnerinnen und Einwohner sowie auf der Nutzung der einzigartigen Umweltressourcen der Region Ermland-Masuren. [&hellip;]<\/p>\n","protected":false},"author":4,"featured_media":0,"parent":22,"menu_order":0,"comment_status":"closed","ping_status":"closed","template":"template-page-icons.php","meta":{"inline_featured_image":false,"footnotes":""},"class_list":["post-2248","page","type-page","status-publish","hentry"],"yoast_head":"<!-- This site is optimized with the Yoast SEO plugin v26.7 - https:\/\/yoast.com\/wordpress\/plugins\/seo\/ -->\n<title>Gesundes Leben - Invest Ermland Masuren<\/title>\n<meta name=\"robots\" content=\"index, follow, max-snippet:-1, max-image-preview:large, max-video-preview:-1\" \/>\n<link rel=\"canonical\" href=\"https:\/\/invest.warmia.mazury.pl\/de\/intelligente-spezialisierungen-der-region\/gesundes-leben\/\" \/>\n<meta property=\"og:locale\" content=\"de_DE\" \/>\n<meta property=\"og:type\" content=\"article\" \/>\n<meta property=\"og:title\" content=\"Gesundes Leben - Invest Ermland Masuren\" \/>\n<meta property=\"og:description\" content=\"Die Spezialisierung \u201eGesundes Leben\u201c basiert auf einem umfassenden Ansatz zur F\u00f6rderung der Gesundheit und des Wohlbefindens der Einwohnerinnen und Einwohner sowie auf der Nutzung der einzigartigen Umweltressourcen der Region Ermland-Masuren. [&hellip;]\" \/>\n<meta property=\"og:url\" content=\"https:\/\/invest.warmia.mazury.pl\/de\/intelligente-spezialisierungen-der-region\/gesundes-leben\/\" \/>\n<meta property=\"og:site_name\" content=\"Invest Ermland Masuren\" \/>\n<meta property=\"article:modified_time\" content=\"2026-04-10T10:30:40+00:00\" \/>\n<meta property=\"og:image\" content=\"https:\/\/invest.warmia.mazury.pl\/de\/wp-content\/uploads\/sites\/4\/2022\/02\/Lidzbark-Warminski-Termy-Warminskie-scaled.jpg\" \/>\n\t<meta property=\"og:image:width\" content=\"2560\" \/>\n\t<meta property=\"og:image:height\" content=\"1708\" \/>\n\t<meta property=\"og:image:type\" content=\"image\/jpeg\" \/>\n<meta name=\"twitter:card\" content=\"summary_large_image\" \/>\n<meta name=\"twitter:label1\" content=\"Gesch\u00e4tzte Lesezeit\" \/>\n\t<meta name=\"twitter:data1\" content=\"2\u00a0Minuten\" \/>\n<script type=\"application\/ld+json\" class=\"yoast-schema-graph\">{\"@context\":\"https:\/\/schema.org\",\"@graph\":[{\"@type\":\"WebPage\",\"@id\":\"https:\/\/invest.warmia.mazury.pl\/de\/intelligente-spezialisierungen-der-region\/gesundes-leben\/\",\"url\":\"https:\/\/invest.warmia.mazury.pl\/de\/intelligente-spezialisierungen-der-region\/gesundes-leben\/\",\"name\":\"Gesundes Leben - Invest Ermland Masuren\",\"isPartOf\":{\"@id\":\"https:\/\/invest.warmia.mazury.pl\/de\/#website\"},\"primaryImageOfPage\":{\"@id\":\"https:\/\/invest.warmia.mazury.pl\/de\/intelligente-spezialisierungen-der-region\/gesundes-leben\/#primaryimage\"},\"image\":{\"@id\":\"https:\/\/invest.warmia.mazury.pl\/de\/intelligente-spezialisierungen-der-region\/gesundes-leben\/#primaryimage\"},\"thumbnailUrl\":\"https:\/\/invest.warmia.mazury.pl\/de\/wp-content\/uploads\/sites\/4\/2022\/02\/Lidzbark-Warminski-Termy-Warminskie-1296x865.jpg\",\"datePublished\":\"2026-04-03T12:40:05+00:00\",\"dateModified\":\"2026-04-10T10:30:40+00:00\",\"breadcrumb\":{\"@id\":\"https:\/\/invest.warmia.mazury.pl\/de\/intelligente-spezialisierungen-der-region\/gesundes-leben\/#breadcrumb\"},\"inLanguage\":\"de\",\"potentialAction\":[{\"@type\":\"ReadAction\",\"target\":[\"https:\/\/invest.warmia.mazury.pl\/de\/intelligente-spezialisierungen-der-region\/gesundes-leben\/\"]}]},{\"@type\":\"ImageObject\",\"inLanguage\":\"de\",\"@id\":\"https:\/\/invest.warmia.mazury.pl\/de\/intelligente-spezialisierungen-der-region\/gesundes-leben\/#primaryimage\",\"url\":\"https:\/\/invest.warmia.mazury.pl\/de\/wp-content\/uploads\/sites\/4\/2022\/02\/Lidzbark-Warminski-Termy-Warminskie-scaled.jpg\",\"contentUrl\":\"https:\/\/invest.warmia.mazury.pl\/de\/wp-content\/uploads\/sites\/4\/2022\/02\/Lidzbark-Warminski-Termy-Warminskie-scaled.jpg\",\"width\":2560,\"height\":1708},{\"@type\":\"BreadcrumbList\",\"@id\":\"https:\/\/invest.warmia.mazury.pl\/de\/intelligente-spezialisierungen-der-region\/gesundes-leben\/#breadcrumb\",\"itemListElement\":[{\"@type\":\"ListItem\",\"position\":1,\"name\":\"Strona g\u0142\u00f3wna\",\"item\":\"https:\/\/invest.warmia.mazury.pl\/de\/\"},{\"@type\":\"ListItem\",\"position\":2,\"name\":\"Intelligente Spezialisierungen der Region\",\"item\":\"https:\/\/invest.warmia.mazury.pl\/de\/intelligente-spezialisierungen-der-region\/\"},{\"@type\":\"ListItem\",\"position\":3,\"name\":\"Gesundes Leben\"}]},{\"@type\":\"WebSite\",\"@id\":\"https:\/\/invest.warmia.mazury.pl\/de\/#website\",\"url\":\"https:\/\/invest.warmia.mazury.pl\/de\/\",\"name\":\"Invest Ermland Masuren\",\"description\":\"\",\"publisher\":{\"@id\":\"https:\/\/invest.warmia.mazury.pl\/de\/#organization\"},\"potentialAction\":[{\"@type\":\"SearchAction\",\"target\":{\"@type\":\"EntryPoint\",\"urlTemplate\":\"https:\/\/invest.warmia.mazury.pl\/de\/?s={search_term_string}\"},\"query-input\":{\"@type\":\"PropertyValueSpecification\",\"valueRequired\":true,\"valueName\":\"search_term_string\"}}],\"inLanguage\":\"de\"},{\"@type\":\"Organization\",\"@id\":\"https:\/\/invest.warmia.mazury.pl\/de\/#organization\",\"name\":\"Invest Ermland Masuren\",\"url\":\"https:\/\/invest.warmia.mazury.pl\/de\/\",\"logo\":{\"@type\":\"ImageObject\",\"inLanguage\":\"de\",\"@id\":\"https:\/\/invest.warmia.mazury.pl\/de\/#\/schema\/logo\/image\/\",\"url\":\"https:\/\/invest.warmia.mazury.pl\/de\/wp-content\/uploads\/sites\/4\/2021\/12\/logo-invest-in-color.svg\",\"contentUrl\":\"https:\/\/invest.warmia.mazury.pl\/de\/wp-content\/uploads\/sites\/4\/2021\/12\/logo-invest-in-color.svg\",\"caption\":\"Invest Ermland Masuren\"},\"image\":{\"@id\":\"https:\/\/invest.warmia.mazury.pl\/de\/#\/schema\/logo\/image\/\"}}]}<\/script>\n<!-- \/ Yoast SEO plugin. -->","yoast_head_json":{"title":"Gesundes Leben - Invest Ermland Masuren","robots":{"index":"index","follow":"follow","max-snippet":"max-snippet:-1","max-image-preview":"max-image-preview:large","max-video-preview":"max-video-preview:-1"},"canonical":"https:\/\/invest.warmia.mazury.pl\/de\/intelligente-spezialisierungen-der-region\/gesundes-leben\/","og_locale":"de_DE","og_type":"article","og_title":"Gesundes Leben - Invest Ermland Masuren","og_description":"Die Spezialisierung \u201eGesundes Leben\u201c basiert auf einem umfassenden Ansatz zur F\u00f6rderung der Gesundheit und des Wohlbefindens der Einwohnerinnen und Einwohner sowie auf der Nutzung der einzigartigen Umweltressourcen der Region Ermland-Masuren. [&hellip;]","og_url":"https:\/\/invest.warmia.mazury.pl\/de\/intelligente-spezialisierungen-der-region\/gesundes-leben\/","og_site_name":"Invest Ermland Masuren","article_modified_time":"2026-04-10T10:30:40+00:00","og_image":[{"width":2560,"height":1708,"url":"https:\/\/invest.warmia.mazury.pl\/de\/wp-content\/uploads\/sites\/4\/2022\/02\/Lidzbark-Warminski-Termy-Warminskie-scaled.jpg","type":"image\/jpeg"}],"twitter_card":"summary_large_image","twitter_misc":{"Gesch\u00e4tzte Lesezeit":"2\u00a0Minuten"},"schema":{"@context":"https:\/\/schema.org","@graph":[{"@type":"WebPage","@id":"https:\/\/invest.warmia.mazury.pl\/de\/intelligente-spezialisierungen-der-region\/gesundes-leben\/","url":"https:\/\/invest.warmia.mazury.pl\/de\/intelligente-spezialisierungen-der-region\/gesundes-leben\/","name":"Gesundes Leben - Invest Ermland Masuren","isPartOf":{"@id":"https:\/\/invest.warmia.mazury.pl\/de\/#website"},"primaryImageOfPage":{"@id":"https:\/\/invest.warmia.mazury.pl\/de\/intelligente-spezialisierungen-der-region\/gesundes-leben\/#primaryimage"},"image":{"@id":"https:\/\/invest.warmia.mazury.pl\/de\/intelligente-spezialisierungen-der-region\/gesundes-leben\/#primaryimage"},"thumbnailUrl":"https:\/\/invest.warmia.mazury.pl\/de\/wp-content\/uploads\/sites\/4\/2022\/02\/Lidzbark-Warminski-Termy-Warminskie-1296x865.jpg","datePublished":"2026-04-03T12:40:05+00:00","dateModified":"2026-04-10T10:30:40+00:00","breadcrumb":{"@id":"https:\/\/invest.warmia.mazury.pl\/de\/intelligente-spezialisierungen-der-region\/gesundes-leben\/#breadcrumb"},"inLanguage":"de","potentialAction":[{"@type":"ReadAction","target":["https:\/\/invest.warmia.mazury.pl\/de\/intelligente-spezialisierungen-der-region\/gesundes-leben\/"]}]},{"@type":"ImageObject","inLanguage":"de","@id":"https:\/\/invest.warmia.mazury.pl\/de\/intelligente-spezialisierungen-der-region\/gesundes-leben\/#primaryimage","url":"https:\/\/invest.warmia.mazury.pl\/de\/wp-content\/uploads\/sites\/4\/2022\/02\/Lidzbark-Warminski-Termy-Warminskie-scaled.jpg","contentUrl":"https:\/\/invest.warmia.mazury.pl\/de\/wp-content\/uploads\/sites\/4\/2022\/02\/Lidzbark-Warminski-Termy-Warminskie-scaled.jpg","width":2560,"height":1708},{"@type":"BreadcrumbList","@id":"https:\/\/invest.warmia.mazury.pl\/de\/intelligente-spezialisierungen-der-region\/gesundes-leben\/#breadcrumb","itemListElement":[{"@type":"ListItem","position":1,"name":"Strona g\u0142\u00f3wna","item":"https:\/\/invest.warmia.mazury.pl\/de\/"},{"@type":"ListItem","position":2,"name":"Intelligente Spezialisierungen der Region","item":"https:\/\/invest.warmia.mazury.pl\/de\/intelligente-spezialisierungen-der-region\/"},{"@type":"ListItem","position":3,"name":"Gesundes Leben"}]},{"@type":"WebSite","@id":"https:\/\/invest.warmia.mazury.pl\/de\/#website","url":"https:\/\/invest.warmia.mazury.pl\/de\/","name":"Invest Ermland Masuren","description":"","publisher":{"@id":"https:\/\/invest.warmia.mazury.pl\/de\/#organization"},"potentialAction":[{"@type":"SearchAction","target":{"@type":"EntryPoint","urlTemplate":"https:\/\/invest.warmia.mazury.pl\/de\/?s={search_term_string}"},"query-input":{"@type":"PropertyValueSpecification","valueRequired":true,"valueName":"search_term_string"}}],"inLanguage":"de"},{"@type":"Organization","@id":"https:\/\/invest.warmia.mazury.pl\/de\/#organization","name":"Invest Ermland Masuren","url":"https:\/\/invest.warmia.mazury.pl\/de\/","logo":{"@type":"ImageObject","inLanguage":"de","@id":"https:\/\/invest.warmia.mazury.pl\/de\/#\/schema\/logo\/image\/","url":"https:\/\/invest.warmia.mazury.pl\/de\/wp-content\/uploads\/sites\/4\/2021\/12\/logo-invest-in-color.svg","contentUrl":"https:\/\/invest.warmia.mazury.pl\/de\/wp-content\/uploads\/sites\/4\/2021\/12\/logo-invest-in-color.svg","caption":"Invest Ermland Masuren"},"image":{"@id":"https:\/\/invest.warmia.mazury.pl\/de\/#\/schema\/logo\/image\/"}}]}},"_links":{"self":[{"href":"https:\/\/invest.warmia.mazury.pl\/de\/wp-json\/wp\/v2\/pages\/2248","targetHints":{"allow":["GET"]}}],"collection":[{"href":"https:\/\/invest.warmia.mazury.pl\/de\/wp-json\/wp\/v2\/pages"}],"about":[{"href":"https:\/\/invest.warmia.mazury.pl\/de\/wp-json\/wp\/v2\/types\/page"}],"author":[{"embeddable":true,"href":"https:\/\/invest.warmia.mazury.pl\/de\/wp-json\/wp\/v2\/users\/4"}],"replies":[{"embeddable":true,"href":"https:\/\/invest.warmia.mazury.pl\/de\/wp-json\/wp\/v2\/comments?post=2248"}],"version-history":[{"count":2,"href":"https:\/\/invest.warmia.mazury.pl\/de\/wp-json\/wp\/v2\/pages\/2248\/revisions"}],"predecessor-version":[{"id":2265,"href":"https:\/\/invest.warmia.mazury.pl\/de\/wp-json\/wp\/v2\/pages\/2248\/revisions\/2265"}],"up":[{"embeddable":true,"href":"https:\/\/invest.warmia.mazury.pl\/de\/wp-json\/wp\/v2\/pages\/22"}],"wp:attachment":[{"href":"https:\/\/invest.warmia.mazury.pl\/de\/wp-json\/wp\/v2\/media?parent=2248"}],"curies":[{"name":"wp","href":"https:\/\/api.w.org\/{rel}","templated":true}]}}