{"id":2245,"date":"2026-04-03T13:18:15","date_gmt":"2026-04-03T11:18:15","guid":{"rendered":"https:\/\/invest.warmia.mazury.pl\/de\/?page_id=2245"},"modified":"2026-04-10T12:31:51","modified_gmt":"2026-04-10T10:31:51","slug":"hochwertige-lebensmittel","status":"publish","type":"page","link":"https:\/\/invest.warmia.mazury.pl\/de\/intelligente-spezialisierungen-der-region\/hochwertige-lebensmittel\/","title":{"rendered":"Hochwertige Lebensmittel"},"content":{"rendered":"\n<p>Unter hochwertigen Lebensmitteln versteht man ein Fachgebiet, das auf der traditionell starken Position der Landwirtschaft in der Region beruht (mit einem der h\u00f6chsten Produktivit\u00e4tsindikatoren in Polen). Rund um die Lebensmittelproduktion hat die Region eine sehr starke wissenschaftliche Spezialisierung mit einer starken Wissenschafts- und Forschungsbasis entwickelt. Das Fachgebiet basiert auf der Agrar- und Lebensmittelindustrie und der dynamischen Entwicklung der lokalen Landwirtschaft sowie der traditionellen Lebensmittelverarbeitung auf der Grundlage regionaler Rohstoffe und kurzer Vertriebsketten sowie der Herstellung von Lebensmitteln mit bestimmten Funktionen. Dies entspricht den gesundheitsf\u00f6rdernden Bed\u00fcrfnissen der Verbraucher.<\/p>\n\n\n\n<h5 class=\"wp-block-heading\" id=\"beispiele-fur-elemente-des-fachgebiets-hochwertiger-lebensmittel-sind\">Beispiele f\u00fcr Elemente des Fachgebiets hochwertiger Lebensmittel sind:<\/h5>\n\n\n\n<ol style=\"list-style-type:1\" class=\"wp-block-list\">\n<li>Unverarbeitete Nahrungsmittelproduktion (Gem\u00fcse- und Obstanbau, tierische Erzeugnisse (Milch, Eier usw.), Getreideanbau, Saatgut- und Grasproduktion)<\/li>\n\n\n\n<li>Fisch- und Tierzucht (Zucht von Fischen und anderen Wasserorganismen, Viehzucht, Gefl\u00fcgelzucht, Bienenzucht)<\/li>\n\n\n\n<li>Behandlung und Entsorgung von landwirtschaftlichen Abf\u00e4llen (Verwertung von tierischen Abf\u00e4llen, Gewinnung von W\u00e4rmeenergie aus landwirtschaftlichen Abf\u00e4llen (Biogasanlagen))<\/li>\n\n\n\n<li>Produktion und Dienstleistungen im Bereich der Tierhaltung (Produktion von Futtermitteln und Tierfutter)<\/li>\n\n\n\n<li>Lebensmittelverarbeitung (Verarbeitung und Konservierung von Fisch, Fleisch und Fleischprodukten, Milchprodukten, Obst- und Gem\u00fcseverarbeitung, Produktion von S\u00e4ften, Mineralwasser und anderen Getr\u00e4nken, Backwaren, S\u00fc\u00dfwaren, alkoholischen Getr\u00e4nken und Bier)<\/li>\n\n\n\n<li>Herstellung von Landmaschinen (Herstellung von Sortimenten f\u00fcr die Fischzucht (z.B. f\u00fcr die Sauerstoffversorgung von Fischteichen), Herstellung von Landmaschinen, Herstellung und Verkauf von Maschinen und Produktionslinien f\u00fcr die Verarbeitung von Lebensmitteln)<\/li>\n\n\n\n<li>Wissenschaft und IOB (Institute, Fakult\u00e4ten, Labors an Universit\u00e4ten und F&amp;E-Einrichtungen, Agenturen, Verb\u00e4nde, Cluster, landwirtschaftliche Erzeugergemeinschaften, Berufsbildung)<\/li>\n<\/ol>\n\n\n\n<p>Ermland und Masuren haben ideale Voraussetzungen, um von dem Trend zur Nachfrage nach hochwertigen Lebensmitteln (einschlie\u00dflich Lebensmitteln aus Bio-Zutaten) zu profitieren. Mehr als die H\u00e4lfte der Fl\u00e4che in der Woiwodschaft ist Ackerland (54,71%). In der Woiwodschaft Ermland-Masuren gibt es ca. 26.000 kleine und mittelgro\u00dfe landwirtschaftliche Betriebe, die nat\u00fcrliche, traditionelle und biologische Lebensmittel auf der Grundlage ihrer eigenen Rohstoffe liefern. Das Netzwerk entwickelt sich immer dynamischer &#8211; derzeit befindet sich jeder elfte Biobetrieb in Polen in der Woiwodschaft Ermland-Masuren (damit liegen wir landesweit an zweiter Stelle), und fast 15 Prozent der landwirtschaftlichen Kulturen, die unter das Kontrollsystem im \u00f6kologischen Landbau fallen, wurden in unserer Region angebaut. Der \u00f6kologische Reichtum von Ermland und Masuren wird von Unternehmen genutzt, die Lebensmittel und Getr\u00e4nke herstellen &#8211; es gibt bis zu 900 solcher Unternehmen in der Region. Unter den aus Ermland und Masuren exportierten Waren sind Lebensmittel f\u00fchrend.<\/p>\n\n\n\n<figure class=\"wp-block-gallery has-nested-images columns-default is-cropped wp-block-gallery-1 is-layout-flex wp-block-gallery-is-layout-flex\">\n<figure class=\"wp-block-image size-large\"><img loading=\"lazy\" decoding=\"async\" width=\"1024\" height=\"683\" data-id=\"237\" src=\"https:\/\/invest.warmia.mazury.pl\/de\/wp-content\/uploads\/sites\/4\/2022\/02\/rolnictwo2-1.jpg\" alt=\"\" class=\"wp-image-237\" srcset=\"https:\/\/invest.warmia.mazury.pl\/de\/wp-content\/uploads\/sites\/4\/2022\/02\/rolnictwo2-1.jpg 1024w, https:\/\/invest.warmia.mazury.pl\/de\/wp-content\/uploads\/sites\/4\/2022\/02\/rolnictwo2-1-300x200.jpg 300w, https:\/\/invest.warmia.mazury.pl\/de\/wp-content\/uploads\/sites\/4\/2022\/02\/rolnictwo2-1-768x512.jpg 768w\" sizes=\"auto, (max-width: 1024px) 100vw, 1024px\" \/><\/figure>\n\n\n\n<figure class=\"wp-block-image size-large\"><img loading=\"lazy\" decoding=\"async\" width=\"640\" height=\"420\" data-id=\"239\" src=\"https:\/\/invest.warmia.mazury.pl\/de\/wp-content\/uploads\/sites\/4\/2022\/02\/mazurskiemiody_007.jpeg\" alt=\"\" class=\"wp-image-239\" srcset=\"https:\/\/invest.warmia.mazury.pl\/de\/wp-content\/uploads\/sites\/4\/2022\/02\/mazurskiemiody_007.jpeg 640w, https:\/\/invest.warmia.mazury.pl\/de\/wp-content\/uploads\/sites\/4\/2022\/02\/mazurskiemiody_007-300x197.jpeg 300w\" sizes=\"auto, (max-width: 640px) 100vw, 640px\" \/><\/figure>\n\n\n\n<figure class=\"wp-block-image size-large\"><img loading=\"lazy\" decoding=\"async\" width=\"640\" height=\"473\" data-id=\"238\" src=\"https:\/\/invest.warmia.mazury.pl\/de\/wp-content\/uploads\/sites\/4\/2022\/02\/mazurskiemiody_009.jpeg\" alt=\"\" class=\"wp-image-238\" srcset=\"https:\/\/invest.warmia.mazury.pl\/de\/wp-content\/uploads\/sites\/4\/2022\/02\/mazurskiemiody_009.jpeg 640w, https:\/\/invest.warmia.mazury.pl\/de\/wp-content\/uploads\/sites\/4\/2022\/02\/mazurskiemiody_009-300x222.jpeg 300w\" sizes=\"auto, (max-width: 640px) 100vw, 640px\" \/><\/figure>\n\n\n\n<figure class=\"wp-block-image size-large\"><img loading=\"lazy\" decoding=\"async\" width=\"640\" height=\"399\" data-id=\"240\" src=\"https:\/\/invest.warmia.mazury.pl\/de\/wp-content\/uploads\/sites\/4\/2022\/02\/mazurskiemiody_013.jpeg\" alt=\"\" class=\"wp-image-240\" srcset=\"https:\/\/invest.warmia.mazury.pl\/de\/wp-content\/uploads\/sites\/4\/2022\/02\/mazurskiemiody_013.jpeg 640w, https:\/\/invest.warmia.mazury.pl\/de\/wp-content\/uploads\/sites\/4\/2022\/02\/mazurskiemiody_013-300x187.jpeg 300w\" sizes=\"auto, (max-width: 640px) 100vw, 640px\" \/><\/figure>\n\n\n\n<figure class=\"wp-block-image size-large\"><img loading=\"lazy\" decoding=\"async\" width=\"1024\" height=\"681\" data-id=\"241\" src=\"https:\/\/invest.warmia.mazury.pl\/de\/wp-content\/uploads\/sites\/4\/2022\/02\/spozywcze.jpeg\" alt=\"\" class=\"wp-image-241\" srcset=\"https:\/\/invest.warmia.mazury.pl\/de\/wp-content\/uploads\/sites\/4\/2022\/02\/spozywcze.jpeg 1024w, https:\/\/invest.warmia.mazury.pl\/de\/wp-content\/uploads\/sites\/4\/2022\/02\/spozywcze-300x200.jpeg 300w, https:\/\/invest.warmia.mazury.pl\/de\/wp-content\/uploads\/sites\/4\/2022\/02\/spozywcze-768x511.jpeg 768w\" sizes=\"auto, (max-width: 1024px) 100vw, 1024px\" \/><\/figure>\n\n\n\n<figure class=\"wp-block-image size-large\"><img loading=\"lazy\" decoding=\"async\" width=\"1024\" height=\"683\" data-id=\"242\" src=\"https:\/\/invest.warmia.mazury.pl\/de\/wp-content\/uploads\/sites\/4\/2022\/02\/akwakultura_UWM-1.jpg\" alt=\"\" class=\"wp-image-242\" srcset=\"https:\/\/invest.warmia.mazury.pl\/de\/wp-content\/uploads\/sites\/4\/2022\/02\/akwakultura_UWM-1.jpg 1024w, https:\/\/invest.warmia.mazury.pl\/de\/wp-content\/uploads\/sites\/4\/2022\/02\/akwakultura_UWM-1-300x200.jpg 300w, https:\/\/invest.warmia.mazury.pl\/de\/wp-content\/uploads\/sites\/4\/2022\/02\/akwakultura_UWM-1-768x512.jpg 768w\" sizes=\"auto, (max-width: 1024px) 100vw, 1024px\" \/><\/figure>\n<\/figure>\n\n\n\n<p>Die st\u00e4ndige Entwicklung der Branche &#8211; durch eine Zunahme der Innovation und die Einf\u00fchrung neuer Technologien &#8211; wird durch die in der Woiwodschaft t\u00e4tigen Clusterstrukturen gef\u00f6rdert, zu denen Milch- und Rindfleischproduzenten geh\u00f6ren.<\/p>\n\n\n\n<p>Die Woiwodschaft Ermland-Masuren ist einer der gr\u00f6\u00dften Produzenten von Gefl\u00fcgelfleisch. Das f\u00fchrende Exportprodukt ist Putenfleisch. Im letzten Jahr erreichte der Bestand fast vier Millionen Tiere. Molkereiprodukte und Obst- und Gem\u00fcsekonserven, die nicht nur in Europa gekauft werden, sind auch im Ausland eine erkennbare Marke.<\/p>\n\n\n\n<p>Regionale landwirtschaftliche Traditionen und g\u00fcnstige nat\u00fcrliche Bedingungen f\u00fcr die Entwicklung von Landwirtschaft und Fischerei mit der Bereitstellung angemessener wissenschaftlicher und Forschungseinrichtungen erm\u00f6glichen derzeit die Schaffung eines Netzwerks gro\u00dfer Kooperationspartner im Bereich der Lebensmittelproduktion. Die bestehenden Lebensmittelhersteller garantieren den landwirtschaftlichen Erzeugern und Z\u00fcchtern einen stabilen Markt f\u00fcr ihre Lieferungen.<\/p>\n\n\n\n<p>Ein wichtiger Faktor f\u00fcr die Entwicklung des Fachgebiets ist, dass die Region eine sehr starke wissenschaftliche Basis im Bereich der Lebensmittelproduktion entwickelt hat, die derzeit beachtliche internationale Erfolge erzielt und die auch die Forschungs- und Wissenschaftsbasis f\u00fcr viele Unternehmer darstellt. Das Vorhandensein von spezialisierten wissenschaftlichen Einrichtungen sowie Versuchs- und Forschungsinstituten, deren Forschungsergebnisse von Unternehmen aus ganz Polen genutzt werden. Dazu geh\u00f6ren das Institut f\u00fcr \u00adTierfortpflanzung und Lebensmittelforschung der Polnischen Akademie der Wissenschaften &#8211; eine der f\u00fchrenden wissenschaftlichen Einrichtungen der Region, das Institut f\u00fcr Binnenfischerei sowie das Forschungs- und Entwicklungszentrum f\u00fcr Milchwirtschaft, das Nutri-Bio-Chemische Zentrum und das Forschungszentrum f\u00fcr nat\u00fcrliche und traditionelle Lebensmittel der Universit\u00e4t von Ermland und Masuren. Die <a href=\"http:\/\/www.uwm.edu.pl\/\" target=\"_blank\" rel=\"noreferrer noopener\">Universit\u00e4t von Ermland<\/a> und Masuren bildet zuk\u00fcnftige Lebensmitteltechnologen aus.<\/p>\n\n\n\n<p>Die gr\u00f6\u00dften Investoren im Lebensmittelsektor, die in Ermland und Masuren ans\u00e4ssig wurden, sind: der amerikanische Fleischproduzent Smithfield Food (<a href=\"http:\/\/www.animex.com.pl\/pl\/home\/index\" target=\"_blank\" rel=\"noreferrer noopener\">Morliny-E\u0142k<\/a>, Ekodrob I\u0142awa) und <a href=\"http:\/\/www.heineken.com\/pl\/AgeGateway.aspx\" target=\"_blank\" rel=\"noreferrer noopener\">Heineken<\/a> (niederl\u00e4ndische Brauerei). Es sind hier auch u.a. <a href=\"https:\/\/www.indykpol.pl\/\" target=\"_blank\" rel=\"noreferrer noopener\">Indykpol<\/a> (Olsztyn, Hersteller von Putenfleisch und verarbeiteten Waren), <a href=\"http:\/\/mazurskiemiody.pl\/\" target=\"_blank\" rel=\"noreferrer noopener\">Mazurskie Miody<\/a> (Tomaszkowo, Honigprodukte), Gruppe <a href=\"http:\/\/www.polmlek.com\/\" target=\"_blank\" rel=\"noreferrer noopener\">Polmlek<\/a> (Lidzbark Warmi\u0144ski, Hersteller von Milch und Molkereiprodukten) und <a href=\"http:\/\/tymbark.com\/\" target=\"_blank\" rel=\"noreferrer noopener\">Tymbark<\/a> (Olsztynek, Hersteller von S\u00e4ften und Getr\u00e4nken ohne Kohlens\u00e4ure) ans\u00e4ssig.<\/p>\n","protected":false},"excerpt":{"rendered":"<p>Unter hochwertigen Lebensmitteln versteht man ein Fachgebiet, das auf der traditionell starken Position der Landwirtschaft in der Region beruht (mit einem der h\u00f6chsten Produktivit\u00e4tsindikatoren in Polen). Rund um die Lebensmittelproduktion [&hellip;]<\/p>\n","protected":false},"author":4,"featured_media":0,"parent":22,"menu_order":0,"comment_status":"closed","ping_status":"closed","template":"template-page-icons.php","meta":{"inline_featured_image":false,"footnotes":""},"class_list":["post-2245","page","type-page","status-publish","hentry"],"yoast_head":"<!-- This site is optimized with the Yoast SEO plugin v26.7 - https:\/\/yoast.com\/wordpress\/plugins\/seo\/ -->\n<title>Hochwertige Lebensmittel - Invest Ermland Masuren<\/title>\n<meta name=\"robots\" content=\"index, follow, max-snippet:-1, max-image-preview:large, max-video-preview:-1\" \/>\n<link rel=\"canonical\" href=\"https:\/\/invest.warmia.mazury.pl\/de\/intelligente-spezialisierungen-der-region\/hochwertige-lebensmittel\/\" \/>\n<meta property=\"og:locale\" content=\"de_DE\" \/>\n<meta property=\"og:type\" content=\"article\" \/>\n<meta property=\"og:title\" content=\"Hochwertige Lebensmittel - Invest Ermland Masuren\" \/>\n<meta property=\"og:description\" content=\"Unter hochwertigen Lebensmitteln versteht man ein Fachgebiet, das auf der traditionell starken Position der Landwirtschaft in der Region beruht (mit einem der h\u00f6chsten Produktivit\u00e4tsindikatoren in Polen). Rund um die Lebensmittelproduktion [&hellip;]\" \/>\n<meta property=\"og:url\" content=\"https:\/\/invest.warmia.mazury.pl\/de\/intelligente-spezialisierungen-der-region\/hochwertige-lebensmittel\/\" \/>\n<meta property=\"og:site_name\" content=\"Invest Ermland Masuren\" \/>\n<meta property=\"article:modified_time\" content=\"2026-04-10T10:31:51+00:00\" \/>\n<meta property=\"og:image\" content=\"https:\/\/invest.warmia.mazury.pl\/de\/wp-content\/uploads\/sites\/4\/2022\/02\/rolnictwo2-1.jpg\" \/>\n\t<meta property=\"og:image:width\" content=\"1024\" \/>\n\t<meta property=\"og:image:height\" content=\"683\" \/>\n\t<meta property=\"og:image:type\" content=\"image\/jpeg\" \/>\n<meta name=\"twitter:card\" content=\"summary_large_image\" \/>\n<meta name=\"twitter:label1\" content=\"Gesch\u00e4tzte Lesezeit\" \/>\n\t<meta name=\"twitter:data1\" content=\"4\u00a0Minuten\" \/>\n<script type=\"application\/ld+json\" class=\"yoast-schema-graph\">{\"@context\":\"https:\/\/schema.org\",\"@graph\":[{\"@type\":\"WebPage\",\"@id\":\"https:\/\/invest.warmia.mazury.pl\/de\/intelligente-spezialisierungen-der-region\/hochwertige-lebensmittel\/\",\"url\":\"https:\/\/invest.warmia.mazury.pl\/de\/intelligente-spezialisierungen-der-region\/hochwertige-lebensmittel\/\",\"name\":\"Hochwertige Lebensmittel - Invest Ermland Masuren\",\"isPartOf\":{\"@id\":\"https:\/\/invest.warmia.mazury.pl\/de\/#website\"},\"primaryImageOfPage\":{\"@id\":\"https:\/\/invest.warmia.mazury.pl\/de\/intelligente-spezialisierungen-der-region\/hochwertige-lebensmittel\/#primaryimage\"},\"image\":{\"@id\":\"https:\/\/invest.warmia.mazury.pl\/de\/intelligente-spezialisierungen-der-region\/hochwertige-lebensmittel\/#primaryimage\"},\"thumbnailUrl\":\"https:\/\/invest.warmia.mazury.pl\/de\/wp-content\/uploads\/sites\/4\/2022\/02\/rolnictwo2-1.jpg\",\"datePublished\":\"2026-04-03T11:18:15+00:00\",\"dateModified\":\"2026-04-10T10:31:51+00:00\",\"breadcrumb\":{\"@id\":\"https:\/\/invest.warmia.mazury.pl\/de\/intelligente-spezialisierungen-der-region\/hochwertige-lebensmittel\/#breadcrumb\"},\"inLanguage\":\"de\",\"potentialAction\":[{\"@type\":\"ReadAction\",\"target\":[\"https:\/\/invest.warmia.mazury.pl\/de\/intelligente-spezialisierungen-der-region\/hochwertige-lebensmittel\/\"]}]},{\"@type\":\"ImageObject\",\"inLanguage\":\"de\",\"@id\":\"https:\/\/invest.warmia.mazury.pl\/de\/intelligente-spezialisierungen-der-region\/hochwertige-lebensmittel\/#primaryimage\",\"url\":\"https:\/\/invest.warmia.mazury.pl\/de\/wp-content\/uploads\/sites\/4\/2022\/02\/rolnictwo2-1.jpg\",\"contentUrl\":\"https:\/\/invest.warmia.mazury.pl\/de\/wp-content\/uploads\/sites\/4\/2022\/02\/rolnictwo2-1.jpg\",\"width\":1024,\"height\":683},{\"@type\":\"BreadcrumbList\",\"@id\":\"https:\/\/invest.warmia.mazury.pl\/de\/intelligente-spezialisierungen-der-region\/hochwertige-lebensmittel\/#breadcrumb\",\"itemListElement\":[{\"@type\":\"ListItem\",\"position\":1,\"name\":\"Strona g\u0142\u00f3wna\",\"item\":\"https:\/\/invest.warmia.mazury.pl\/de\/\"},{\"@type\":\"ListItem\",\"position\":2,\"name\":\"Intelligente Spezialisierungen der Region\",\"item\":\"https:\/\/invest.warmia.mazury.pl\/de\/intelligente-spezialisierungen-der-region\/\"},{\"@type\":\"ListItem\",\"position\":3,\"name\":\"Hochwertige Lebensmittel\"}]},{\"@type\":\"WebSite\",\"@id\":\"https:\/\/invest.warmia.mazury.pl\/de\/#website\",\"url\":\"https:\/\/invest.warmia.mazury.pl\/de\/\",\"name\":\"Invest Ermland Masuren\",\"description\":\"\",\"publisher\":{\"@id\":\"https:\/\/invest.warmia.mazury.pl\/de\/#organization\"},\"potentialAction\":[{\"@type\":\"SearchAction\",\"target\":{\"@type\":\"EntryPoint\",\"urlTemplate\":\"https:\/\/invest.warmia.mazury.pl\/de\/?s={search_term_string}\"},\"query-input\":{\"@type\":\"PropertyValueSpecification\",\"valueRequired\":true,\"valueName\":\"search_term_string\"}}],\"inLanguage\":\"de\"},{\"@type\":\"Organization\",\"@id\":\"https:\/\/invest.warmia.mazury.pl\/de\/#organization\",\"name\":\"Invest Ermland Masuren\",\"url\":\"https:\/\/invest.warmia.mazury.pl\/de\/\",\"logo\":{\"@type\":\"ImageObject\",\"inLanguage\":\"de\",\"@id\":\"https:\/\/invest.warmia.mazury.pl\/de\/#\/schema\/logo\/image\/\",\"url\":\"https:\/\/invest.warmia.mazury.pl\/de\/wp-content\/uploads\/sites\/4\/2021\/12\/logo-invest-in-color.svg\",\"contentUrl\":\"https:\/\/invest.warmia.mazury.pl\/de\/wp-content\/uploads\/sites\/4\/2021\/12\/logo-invest-in-color.svg\",\"caption\":\"Invest Ermland Masuren\"},\"image\":{\"@id\":\"https:\/\/invest.warmia.mazury.pl\/de\/#\/schema\/logo\/image\/\"}}]}<\/script>\n<!-- \/ Yoast SEO plugin. -->","yoast_head_json":{"title":"Hochwertige Lebensmittel - Invest Ermland Masuren","robots":{"index":"index","follow":"follow","max-snippet":"max-snippet:-1","max-image-preview":"max-image-preview:large","max-video-preview":"max-video-preview:-1"},"canonical":"https:\/\/invest.warmia.mazury.pl\/de\/intelligente-spezialisierungen-der-region\/hochwertige-lebensmittel\/","og_locale":"de_DE","og_type":"article","og_title":"Hochwertige Lebensmittel - Invest Ermland Masuren","og_description":"Unter hochwertigen Lebensmitteln versteht man ein Fachgebiet, das auf der traditionell starken Position der Landwirtschaft in der Region beruht (mit einem der h\u00f6chsten Produktivit\u00e4tsindikatoren in Polen). Rund um die Lebensmittelproduktion [&hellip;]","og_url":"https:\/\/invest.warmia.mazury.pl\/de\/intelligente-spezialisierungen-der-region\/hochwertige-lebensmittel\/","og_site_name":"Invest Ermland Masuren","article_modified_time":"2026-04-10T10:31:51+00:00","og_image":[{"width":1024,"height":683,"url":"https:\/\/invest.warmia.mazury.pl\/de\/wp-content\/uploads\/sites\/4\/2022\/02\/rolnictwo2-1.jpg","type":"image\/jpeg"}],"twitter_card":"summary_large_image","twitter_misc":{"Gesch\u00e4tzte Lesezeit":"4\u00a0Minuten"},"schema":{"@context":"https:\/\/schema.org","@graph":[{"@type":"WebPage","@id":"https:\/\/invest.warmia.mazury.pl\/de\/intelligente-spezialisierungen-der-region\/hochwertige-lebensmittel\/","url":"https:\/\/invest.warmia.mazury.pl\/de\/intelligente-spezialisierungen-der-region\/hochwertige-lebensmittel\/","name":"Hochwertige Lebensmittel - Invest Ermland Masuren","isPartOf":{"@id":"https:\/\/invest.warmia.mazury.pl\/de\/#website"},"primaryImageOfPage":{"@id":"https:\/\/invest.warmia.mazury.pl\/de\/intelligente-spezialisierungen-der-region\/hochwertige-lebensmittel\/#primaryimage"},"image":{"@id":"https:\/\/invest.warmia.mazury.pl\/de\/intelligente-spezialisierungen-der-region\/hochwertige-lebensmittel\/#primaryimage"},"thumbnailUrl":"https:\/\/invest.warmia.mazury.pl\/de\/wp-content\/uploads\/sites\/4\/2022\/02\/rolnictwo2-1.jpg","datePublished":"2026-04-03T11:18:15+00:00","dateModified":"2026-04-10T10:31:51+00:00","breadcrumb":{"@id":"https:\/\/invest.warmia.mazury.pl\/de\/intelligente-spezialisierungen-der-region\/hochwertige-lebensmittel\/#breadcrumb"},"inLanguage":"de","potentialAction":[{"@type":"ReadAction","target":["https:\/\/invest.warmia.mazury.pl\/de\/intelligente-spezialisierungen-der-region\/hochwertige-lebensmittel\/"]}]},{"@type":"ImageObject","inLanguage":"de","@id":"https:\/\/invest.warmia.mazury.pl\/de\/intelligente-spezialisierungen-der-region\/hochwertige-lebensmittel\/#primaryimage","url":"https:\/\/invest.warmia.mazury.pl\/de\/wp-content\/uploads\/sites\/4\/2022\/02\/rolnictwo2-1.jpg","contentUrl":"https:\/\/invest.warmia.mazury.pl\/de\/wp-content\/uploads\/sites\/4\/2022\/02\/rolnictwo2-1.jpg","width":1024,"height":683},{"@type":"BreadcrumbList","@id":"https:\/\/invest.warmia.mazury.pl\/de\/intelligente-spezialisierungen-der-region\/hochwertige-lebensmittel\/#breadcrumb","itemListElement":[{"@type":"ListItem","position":1,"name":"Strona g\u0142\u00f3wna","item":"https:\/\/invest.warmia.mazury.pl\/de\/"},{"@type":"ListItem","position":2,"name":"Intelligente Spezialisierungen der Region","item":"https:\/\/invest.warmia.mazury.pl\/de\/intelligente-spezialisierungen-der-region\/"},{"@type":"ListItem","position":3,"name":"Hochwertige Lebensmittel"}]},{"@type":"WebSite","@id":"https:\/\/invest.warmia.mazury.pl\/de\/#website","url":"https:\/\/invest.warmia.mazury.pl\/de\/","name":"Invest Ermland Masuren","description":"","publisher":{"@id":"https:\/\/invest.warmia.mazury.pl\/de\/#organization"},"potentialAction":[{"@type":"SearchAction","target":{"@type":"EntryPoint","urlTemplate":"https:\/\/invest.warmia.mazury.pl\/de\/?s={search_term_string}"},"query-input":{"@type":"PropertyValueSpecification","valueRequired":true,"valueName":"search_term_string"}}],"inLanguage":"de"},{"@type":"Organization","@id":"https:\/\/invest.warmia.mazury.pl\/de\/#organization","name":"Invest Ermland Masuren","url":"https:\/\/invest.warmia.mazury.pl\/de\/","logo":{"@type":"ImageObject","inLanguage":"de","@id":"https:\/\/invest.warmia.mazury.pl\/de\/#\/schema\/logo\/image\/","url":"https:\/\/invest.warmia.mazury.pl\/de\/wp-content\/uploads\/sites\/4\/2021\/12\/logo-invest-in-color.svg","contentUrl":"https:\/\/invest.warmia.mazury.pl\/de\/wp-content\/uploads\/sites\/4\/2021\/12\/logo-invest-in-color.svg","caption":"Invest Ermland Masuren"},"image":{"@id":"https:\/\/invest.warmia.mazury.pl\/de\/#\/schema\/logo\/image\/"}}]}},"_links":{"self":[{"href":"https:\/\/invest.warmia.mazury.pl\/de\/wp-json\/wp\/v2\/pages\/2245","targetHints":{"allow":["GET"]}}],"collection":[{"href":"https:\/\/invest.warmia.mazury.pl\/de\/wp-json\/wp\/v2\/pages"}],"about":[{"href":"https:\/\/invest.warmia.mazury.pl\/de\/wp-json\/wp\/v2\/types\/page"}],"author":[{"embeddable":true,"href":"https:\/\/invest.warmia.mazury.pl\/de\/wp-json\/wp\/v2\/users\/4"}],"replies":[{"embeddable":true,"href":"https:\/\/invest.warmia.mazury.pl\/de\/wp-json\/wp\/v2\/comments?post=2245"}],"version-history":[{"count":2,"href":"https:\/\/invest.warmia.mazury.pl\/de\/wp-json\/wp\/v2\/pages\/2245\/revisions"}],"predecessor-version":[{"id":2250,"href":"https:\/\/invest.warmia.mazury.pl\/de\/wp-json\/wp\/v2\/pages\/2245\/revisions\/2250"}],"up":[{"embeddable":true,"href":"https:\/\/invest.warmia.mazury.pl\/de\/wp-json\/wp\/v2\/pages\/22"}],"wp:attachment":[{"href":"https:\/\/invest.warmia.mazury.pl\/de\/wp-json\/wp\/v2\/media?parent=2245"}],"curies":[{"name":"wp","href":"https:\/\/api.w.org\/{rel}","templated":true}]}}