{"id":2242,"date":"2026-04-03T13:14:50","date_gmt":"2026-04-03T11:14:50","guid":{"rendered":"https:\/\/invest.warmia.mazury.pl\/de\/?page_id=2242"},"modified":"2026-04-10T13:58:02","modified_gmt":"2026-04-10T11:58:02","slug":"holz-und-moebel","status":"publish","type":"page","link":"https:\/\/invest.warmia.mazury.pl\/de\/intelligente-spezialisierungen-der-region\/holz-und-moebel\/","title":{"rendered":"Holz und M\u00f6bel"},"content":{"rendered":"\n<p>Die W\u00e4lder, die \u00fcber 30% der Fl\u00e4che der Woiwodschaft einnehmen, waren lange Zeit der gro\u00dfe Reichtum von Ermland und Masuren. G\u00fcnstige klimatische Bedingungen der Region, eine Basis eigener Rohstoffe und die Nachbarschaft von Woiwodschaften mit gro\u00dfen Waldkomplexen, die die M\u00f6glichkeit der Zusammenarbeit von Erzeugern und deren Gesch\u00e4ftspartnern bieten, eine gut entwickelte technische Infrastruktur im Bereich der Holzindustrie (zahlreiche S\u00e4gewerke, M\u00f6belfabriken) sowie mehrere Dutzend Jahre Tradition machen diesen Industriezweig heute zu einem Aush\u00e4ngeschild der Region.<\/p>\n\n\n\n<p>Beispiele f\u00fcr Elemente des Fachgebiets Holz und M\u00f6bel sind:<\/p>\n\n\n\n<ol style=\"list-style-type:1\" class=\"wp-block-list\">\n<li>Herstellung von M\u00f6beln (Herstellung von B\u00fcro-, Laden- und K\u00fcchenm\u00f6beln, Herstellung von M\u00f6belzubeh\u00f6r, Herstellung von Polsterm\u00f6beln, Herstellung von Klebstoffen, Herstellung von Werkstoffen, Herstellung von Erzeugnissen und Kunststoffen, Herstellung von Maschinen, Herstellung von Glas),<\/li>\n\n\n\n<li>Verarbeitung und Verkauf von M\u00f6beln (Herstellung von S\u00e4gewerksprodukten, Herstellung von Bauplatten, Fu\u00dfb\u00f6den, Dachkonstruktionen usw., Herstellung von Furnierbl\u00e4ttern, Forstwirtschaft und Holzgewinnung, Verkauf von Holz),<\/li>\n\n\n\n<li>Verkauf von Holz- und M\u00f6belprodukten (Verkauf von M\u00f6beln, Verkauf von Holzfenstern und -t\u00fcren, Verkauf von Rolll\u00e4den und T\u00fcrschl\u00f6ssern, Einbau von Einbruchsicherungen),<\/li>\n\n\n\n<li>Herstellung von sonstigen Zimmereiprodukten (Herstellung von Gartenelementen aus Holz, Schreinerei, Fenster- und T\u00fcrenbau und Herstellung von Metallelementen f\u00fcr Fenster und T\u00fcren),<\/li>\n\n\n\n<li>Designdienstleistungen (M\u00f6beldesign, Innenarchitektur),<\/li>\n\n\n\n<li>Reparatur und Wartung (Wartung von Holzelementen, Restaurierung von M\u00f6beln, Reparatur von Schl\u00f6ssern),<\/li>\n\n\n\n<li>Wissenschaft und IOB (Fakult\u00e4ten, Institute und Labors an Universit\u00e4ten und Entwicklungs- und Forschungseinrichtungen, M\u00f6belcluster, Berufsausbildung).<\/li>\n<\/ol>\n\n\n\n<p>Unternehmen aus der Region Ermland und Masuren beliefern die Welt &#8211; denn der Export ist die St\u00e4rke der Branche. Mehr als 90% der hier produzierten M\u00f6bel werden in alle Kontinente der Welt exportiert.<\/p>\n\n\n\n<p><\/p>\n\n\n\n<p>Die St\u00e4rke der M\u00f6bel- und Holzindustrie l\u00e4sst sich an den folgenden Zahlen ablesen: \u00dcber 1,1 Tausend Unternehmen stellen M\u00f6bel her und besch\u00e4ftigen \u00fcber 12,6 Tausend Menschen, womit wir die h\u00f6chste Konzentrationsrate in diesem Bereich in Europa haben. Ihr j\u00e4hrlicher Produktionswert betr\u00e4gt etwa 4 Milliarden PLN. Bei der Produktion von Furnierbl\u00e4ttern, Sperrholz, Laminatplatten, Spanplatten und Brettern hingegen liegen wir an dritter Stelle in der Europ\u00e4ischen Union. Die Produktion von anderen Holzprodukten sowie von Kork-, Stroh- und Korbwaren wird von 1450 Unternehmen durchgef\u00fchrt, was uns den vierten Platz unter den EU-Regionen einbringt, au\u00dferdem ist ein sehr hoher Anteil an der verkauften Produktion der regionalen Industrie zu verzeichnen. Mehr als 1.100 Unternehmen sind in der Forstwirtschaft und Holzgewinnung t\u00e4tig (Platz 7 in der EU), w\u00e4hrend die Produktion von Holzverpackungen uns Platz 8 unter den EU-L\u00e4ndern einbringt.<\/p>\n\n\n\n<figure class=\"wp-block-gallery has-nested-images columns-default is-cropped wp-block-gallery-1 is-layout-flex wp-block-gallery-is-layout-flex\">\n<figure class=\"wp-block-image size-large\"><img loading=\"lazy\" decoding=\"async\" width=\"800\" height=\"533\" data-id=\"232\" src=\"https:\/\/invest.warmia.mazury.pl\/de\/wp-content\/uploads\/sites\/4\/2022\/02\/3.jpeg\" alt=\"\" class=\"wp-image-232\" srcset=\"https:\/\/invest.warmia.mazury.pl\/de\/wp-content\/uploads\/sites\/4\/2022\/02\/3.jpeg 800w, https:\/\/invest.warmia.mazury.pl\/de\/wp-content\/uploads\/sites\/4\/2022\/02\/3-300x200.jpeg 300w, https:\/\/invest.warmia.mazury.pl\/de\/wp-content\/uploads\/sites\/4\/2022\/02\/3-768x512.jpeg 768w\" sizes=\"auto, (max-width: 800px) 100vw, 800px\" \/><\/figure>\n\n\n\n<figure class=\"wp-block-image size-large\"><img loading=\"lazy\" decoding=\"async\" width=\"800\" height=\"533\" data-id=\"231\" src=\"https:\/\/invest.warmia.mazury.pl\/de\/wp-content\/uploads\/sites\/4\/2022\/02\/4-1.jpg\" alt=\"\" class=\"wp-image-231\" srcset=\"https:\/\/invest.warmia.mazury.pl\/de\/wp-content\/uploads\/sites\/4\/2022\/02\/4-1.jpg 800w, https:\/\/invest.warmia.mazury.pl\/de\/wp-content\/uploads\/sites\/4\/2022\/02\/4-1-300x200.jpg 300w, https:\/\/invest.warmia.mazury.pl\/de\/wp-content\/uploads\/sites\/4\/2022\/02\/4-1-768x512.jpg 768w\" sizes=\"auto, (max-width: 800px) 100vw, 800px\" \/><\/figure>\n\n\n\n<figure class=\"wp-block-image size-large\"><img loading=\"lazy\" decoding=\"async\" width=\"1024\" height=\"683\" data-id=\"233\" src=\"https:\/\/invest.warmia.mazury.pl\/de\/wp-content\/uploads\/sites\/4\/2022\/02\/stolarz-2-1024x683.jpg\" alt=\"\" class=\"wp-image-233\" srcset=\"https:\/\/invest.warmia.mazury.pl\/de\/wp-content\/uploads\/sites\/4\/2022\/02\/stolarz-2-1024x683.jpg 1024w, https:\/\/invest.warmia.mazury.pl\/de\/wp-content\/uploads\/sites\/4\/2022\/02\/stolarz-2-300x200.jpg 300w, https:\/\/invest.warmia.mazury.pl\/de\/wp-content\/uploads\/sites\/4\/2022\/02\/stolarz-2-1296x864.jpg 1296w, https:\/\/invest.warmia.mazury.pl\/de\/wp-content\/uploads\/sites\/4\/2022\/02\/stolarz-2-768x512.jpg 768w, https:\/\/invest.warmia.mazury.pl\/de\/wp-content\/uploads\/sites\/4\/2022\/02\/stolarz-2-1536x1024.jpg 1536w, https:\/\/invest.warmia.mazury.pl\/de\/wp-content\/uploads\/sites\/4\/2022\/02\/stolarz-2-2048x1365.jpg 2048w\" sizes=\"auto, (max-width: 1024px) 100vw, 1024px\" \/><\/figure>\n\n\n\n<figure class=\"wp-block-image size-large\"><img loading=\"lazy\" decoding=\"async\" width=\"1024\" height=\"687\" data-id=\"234\" src=\"https:\/\/invest.warmia.mazury.pl\/de\/wp-content\/uploads\/sites\/4\/2022\/02\/PAR05939-1024x687.jpg\" alt=\"\" class=\"wp-image-234\" srcset=\"https:\/\/invest.warmia.mazury.pl\/de\/wp-content\/uploads\/sites\/4\/2022\/02\/PAR05939-1024x687.jpg 1024w, https:\/\/invest.warmia.mazury.pl\/de\/wp-content\/uploads\/sites\/4\/2022\/02\/PAR05939-300x201.jpg 300w, https:\/\/invest.warmia.mazury.pl\/de\/wp-content\/uploads\/sites\/4\/2022\/02\/PAR05939-1296x869.jpg 1296w, https:\/\/invest.warmia.mazury.pl\/de\/wp-content\/uploads\/sites\/4\/2022\/02\/PAR05939-768x515.jpg 768w, https:\/\/invest.warmia.mazury.pl\/de\/wp-content\/uploads\/sites\/4\/2022\/02\/PAR05939-1536x1030.jpg 1536w, https:\/\/invest.warmia.mazury.pl\/de\/wp-content\/uploads\/sites\/4\/2022\/02\/PAR05939-2048x1374.jpg 2048w\" sizes=\"auto, (max-width: 1024px) 100vw, 1024px\" \/><\/figure>\n\n\n\n<figure class=\"wp-block-image size-large\"><img loading=\"lazy\" decoding=\"async\" width=\"640\" height=\"409\" data-id=\"235\" src=\"https:\/\/invest.warmia.mazury.pl\/de\/wp-content\/uploads\/sites\/4\/2022\/02\/mebelplast_015.jpeg\" alt=\"\" class=\"wp-image-235\" srcset=\"https:\/\/invest.warmia.mazury.pl\/de\/wp-content\/uploads\/sites\/4\/2022\/02\/mebelplast_015.jpeg 640w, https:\/\/invest.warmia.mazury.pl\/de\/wp-content\/uploads\/sites\/4\/2022\/02\/mebelplast_015-300x192.jpeg 300w\" sizes=\"auto, (max-width: 640px) 100vw, 640px\" \/><\/figure>\n\n\n\n<figure class=\"wp-block-image size-large\"><img loading=\"lazy\" decoding=\"async\" width=\"640\" height=\"442\" data-id=\"236\" src=\"https:\/\/invest.warmia.mazury.pl\/de\/wp-content\/uploads\/sites\/4\/2022\/02\/mebelplast_007-1.jpeg\" alt=\"\" class=\"wp-image-236\" srcset=\"https:\/\/invest.warmia.mazury.pl\/de\/wp-content\/uploads\/sites\/4\/2022\/02\/mebelplast_007-1.jpeg 640w, https:\/\/invest.warmia.mazury.pl\/de\/wp-content\/uploads\/sites\/4\/2022\/02\/mebelplast_007-1-300x207.jpeg 300w\" sizes=\"auto, (max-width: 640px) 100vw, 640px\" \/><\/figure>\n<\/figure>\n\n\n\n<p>Im ersten Quartal 2018 machte der Export von M\u00f6beln, die von Unternehmen aus Ermland und Masuren hergestellt wurden, rund 15 % des gesamten Auslandsumsatzes unserer Woiwodschaft aus.<\/p>\n\n\n\n<p>Die Region liefert nicht nur Rohstoffe und Halbfertigprodukte, es gibt auch Fabriken, die Endprodukte liefern &#8211; die Ikea-Gruppe in Wielbark und LubawaMazurskie Meble Trade in OlsztynDFM \u2013 Dobromiejska Fabryka Mebli in Dobre Miasto oder Szynaka Meble w Lubawa.<\/p>\n\n\n\n<p>Personalressourcen in Form von Holzbearbeitungs- und Polsterspezialisten sowie eine gro\u00dfe Gruppe von Zulieferern f\u00fcr die M\u00f6bel- und Holzverarbeitungsindustrie beg\u00fcnstigen die st\u00e4ndige Entwicklung des Sektors in Form einer zunehmenden Anzahl neuer Investoren.<\/p>\n","protected":false},"excerpt":{"rendered":"<p>Die W\u00e4lder, die \u00fcber 30% der Fl\u00e4che der Woiwodschaft einnehmen, waren lange Zeit der gro\u00dfe Reichtum von Ermland und Masuren. G\u00fcnstige klimatische Bedingungen der Region, eine Basis eigener Rohstoffe und [&hellip;]<\/p>\n","protected":false},"author":4,"featured_media":0,"parent":22,"menu_order":0,"comment_status":"closed","ping_status":"closed","template":"template-page-icons.php","meta":{"inline_featured_image":false,"footnotes":""},"class_list":["post-2242","page","type-page","status-publish","hentry"],"yoast_head":"<!-- This site is optimized with the Yoast SEO plugin v26.7 - https:\/\/yoast.com\/wordpress\/plugins\/seo\/ -->\n<title>Holz und M\u00f6bel - Invest Ermland Masuren<\/title>\n<meta name=\"robots\" content=\"index, follow, max-snippet:-1, max-image-preview:large, max-video-preview:-1\" \/>\n<link rel=\"canonical\" href=\"https:\/\/invest.warmia.mazury.pl\/de\/intelligente-spezialisierungen-der-region\/holz-und-moebel\/\" \/>\n<meta property=\"og:locale\" content=\"de_DE\" \/>\n<meta property=\"og:type\" content=\"article\" \/>\n<meta property=\"og:title\" content=\"Holz und M\u00f6bel - Invest Ermland Masuren\" \/>\n<meta property=\"og:description\" content=\"Die W\u00e4lder, die \u00fcber 30% der Fl\u00e4che der Woiwodschaft einnehmen, waren lange Zeit der gro\u00dfe Reichtum von Ermland und Masuren. G\u00fcnstige klimatische Bedingungen der Region, eine Basis eigener Rohstoffe und [&hellip;]\" \/>\n<meta property=\"og:url\" content=\"https:\/\/invest.warmia.mazury.pl\/de\/intelligente-spezialisierungen-der-region\/holz-und-moebel\/\" \/>\n<meta property=\"og:site_name\" content=\"Invest Ermland Masuren\" \/>\n<meta property=\"article:modified_time\" content=\"2026-04-10T11:58:02+00:00\" \/>\n<meta property=\"og:image\" content=\"https:\/\/invest.warmia.mazury.pl\/de\/wp-content\/uploads\/sites\/4\/2022\/02\/3.jpeg\" \/>\n\t<meta property=\"og:image:width\" content=\"800\" \/>\n\t<meta property=\"og:image:height\" content=\"533\" \/>\n\t<meta property=\"og:image:type\" content=\"image\/jpeg\" \/>\n<meta name=\"twitter:card\" content=\"summary_large_image\" \/>\n<meta name=\"twitter:label1\" content=\"Gesch\u00e4tzte Lesezeit\" \/>\n\t<meta name=\"twitter:data1\" content=\"3\u00a0Minuten\" \/>\n<script type=\"application\/ld+json\" class=\"yoast-schema-graph\">{\"@context\":\"https:\/\/schema.org\",\"@graph\":[{\"@type\":\"WebPage\",\"@id\":\"https:\/\/invest.warmia.mazury.pl\/de\/intelligente-spezialisierungen-der-region\/holz-und-moebel\/\",\"url\":\"https:\/\/invest.warmia.mazury.pl\/de\/intelligente-spezialisierungen-der-region\/holz-und-moebel\/\",\"name\":\"Holz und M\u00f6bel - Invest Ermland Masuren\",\"isPartOf\":{\"@id\":\"https:\/\/invest.warmia.mazury.pl\/de\/#website\"},\"primaryImageOfPage\":{\"@id\":\"https:\/\/invest.warmia.mazury.pl\/de\/intelligente-spezialisierungen-der-region\/holz-und-moebel\/#primaryimage\"},\"image\":{\"@id\":\"https:\/\/invest.warmia.mazury.pl\/de\/intelligente-spezialisierungen-der-region\/holz-und-moebel\/#primaryimage\"},\"thumbnailUrl\":\"https:\/\/invest.warmia.mazury.pl\/de\/wp-content\/uploads\/sites\/4\/2022\/02\/3.jpeg\",\"datePublished\":\"2026-04-03T11:14:50+00:00\",\"dateModified\":\"2026-04-10T11:58:02+00:00\",\"breadcrumb\":{\"@id\":\"https:\/\/invest.warmia.mazury.pl\/de\/intelligente-spezialisierungen-der-region\/holz-und-moebel\/#breadcrumb\"},\"inLanguage\":\"de\",\"potentialAction\":[{\"@type\":\"ReadAction\",\"target\":[\"https:\/\/invest.warmia.mazury.pl\/de\/intelligente-spezialisierungen-der-region\/holz-und-moebel\/\"]}]},{\"@type\":\"ImageObject\",\"inLanguage\":\"de\",\"@id\":\"https:\/\/invest.warmia.mazury.pl\/de\/intelligente-spezialisierungen-der-region\/holz-und-moebel\/#primaryimage\",\"url\":\"https:\/\/invest.warmia.mazury.pl\/de\/wp-content\/uploads\/sites\/4\/2022\/02\/3.jpeg\",\"contentUrl\":\"https:\/\/invest.warmia.mazury.pl\/de\/wp-content\/uploads\/sites\/4\/2022\/02\/3.jpeg\",\"width\":800,\"height\":533},{\"@type\":\"BreadcrumbList\",\"@id\":\"https:\/\/invest.warmia.mazury.pl\/de\/intelligente-spezialisierungen-der-region\/holz-und-moebel\/#breadcrumb\",\"itemListElement\":[{\"@type\":\"ListItem\",\"position\":1,\"name\":\"Strona g\u0142\u00f3wna\",\"item\":\"https:\/\/invest.warmia.mazury.pl\/de\/\"},{\"@type\":\"ListItem\",\"position\":2,\"name\":\"Intelligente Spezialisierungen der Region\",\"item\":\"https:\/\/invest.warmia.mazury.pl\/de\/intelligente-spezialisierungen-der-region\/\"},{\"@type\":\"ListItem\",\"position\":3,\"name\":\"Holz und M\u00f6bel\"}]},{\"@type\":\"WebSite\",\"@id\":\"https:\/\/invest.warmia.mazury.pl\/de\/#website\",\"url\":\"https:\/\/invest.warmia.mazury.pl\/de\/\",\"name\":\"Invest Ermland Masuren\",\"description\":\"\",\"publisher\":{\"@id\":\"https:\/\/invest.warmia.mazury.pl\/de\/#organization\"},\"potentialAction\":[{\"@type\":\"SearchAction\",\"target\":{\"@type\":\"EntryPoint\",\"urlTemplate\":\"https:\/\/invest.warmia.mazury.pl\/de\/?s={search_term_string}\"},\"query-input\":{\"@type\":\"PropertyValueSpecification\",\"valueRequired\":true,\"valueName\":\"search_term_string\"}}],\"inLanguage\":\"de\"},{\"@type\":\"Organization\",\"@id\":\"https:\/\/invest.warmia.mazury.pl\/de\/#organization\",\"name\":\"Invest Ermland Masuren\",\"url\":\"https:\/\/invest.warmia.mazury.pl\/de\/\",\"logo\":{\"@type\":\"ImageObject\",\"inLanguage\":\"de\",\"@id\":\"https:\/\/invest.warmia.mazury.pl\/de\/#\/schema\/logo\/image\/\",\"url\":\"https:\/\/invest.warmia.mazury.pl\/de\/wp-content\/uploads\/sites\/4\/2021\/12\/logo-invest-in-color.svg\",\"contentUrl\":\"https:\/\/invest.warmia.mazury.pl\/de\/wp-content\/uploads\/sites\/4\/2021\/12\/logo-invest-in-color.svg\",\"caption\":\"Invest Ermland Masuren\"},\"image\":{\"@id\":\"https:\/\/invest.warmia.mazury.pl\/de\/#\/schema\/logo\/image\/\"}}]}<\/script>\n<!-- \/ Yoast SEO plugin. -->","yoast_head_json":{"title":"Holz und M\u00f6bel - Invest Ermland Masuren","robots":{"index":"index","follow":"follow","max-snippet":"max-snippet:-1","max-image-preview":"max-image-preview:large","max-video-preview":"max-video-preview:-1"},"canonical":"https:\/\/invest.warmia.mazury.pl\/de\/intelligente-spezialisierungen-der-region\/holz-und-moebel\/","og_locale":"de_DE","og_type":"article","og_title":"Holz und M\u00f6bel - Invest Ermland Masuren","og_description":"Die W\u00e4lder, die \u00fcber 30% der Fl\u00e4che der Woiwodschaft einnehmen, waren lange Zeit der gro\u00dfe Reichtum von Ermland und Masuren. G\u00fcnstige klimatische Bedingungen der Region, eine Basis eigener Rohstoffe und [&hellip;]","og_url":"https:\/\/invest.warmia.mazury.pl\/de\/intelligente-spezialisierungen-der-region\/holz-und-moebel\/","og_site_name":"Invest Ermland Masuren","article_modified_time":"2026-04-10T11:58:02+00:00","og_image":[{"width":800,"height":533,"url":"https:\/\/invest.warmia.mazury.pl\/de\/wp-content\/uploads\/sites\/4\/2022\/02\/3.jpeg","type":"image\/jpeg"}],"twitter_card":"summary_large_image","twitter_misc":{"Gesch\u00e4tzte Lesezeit":"3\u00a0Minuten"},"schema":{"@context":"https:\/\/schema.org","@graph":[{"@type":"WebPage","@id":"https:\/\/invest.warmia.mazury.pl\/de\/intelligente-spezialisierungen-der-region\/holz-und-moebel\/","url":"https:\/\/invest.warmia.mazury.pl\/de\/intelligente-spezialisierungen-der-region\/holz-und-moebel\/","name":"Holz und M\u00f6bel - Invest Ermland Masuren","isPartOf":{"@id":"https:\/\/invest.warmia.mazury.pl\/de\/#website"},"primaryImageOfPage":{"@id":"https:\/\/invest.warmia.mazury.pl\/de\/intelligente-spezialisierungen-der-region\/holz-und-moebel\/#primaryimage"},"image":{"@id":"https:\/\/invest.warmia.mazury.pl\/de\/intelligente-spezialisierungen-der-region\/holz-und-moebel\/#primaryimage"},"thumbnailUrl":"https:\/\/invest.warmia.mazury.pl\/de\/wp-content\/uploads\/sites\/4\/2022\/02\/3.jpeg","datePublished":"2026-04-03T11:14:50+00:00","dateModified":"2026-04-10T11:58:02+00:00","breadcrumb":{"@id":"https:\/\/invest.warmia.mazury.pl\/de\/intelligente-spezialisierungen-der-region\/holz-und-moebel\/#breadcrumb"},"inLanguage":"de","potentialAction":[{"@type":"ReadAction","target":["https:\/\/invest.warmia.mazury.pl\/de\/intelligente-spezialisierungen-der-region\/holz-und-moebel\/"]}]},{"@type":"ImageObject","inLanguage":"de","@id":"https:\/\/invest.warmia.mazury.pl\/de\/intelligente-spezialisierungen-der-region\/holz-und-moebel\/#primaryimage","url":"https:\/\/invest.warmia.mazury.pl\/de\/wp-content\/uploads\/sites\/4\/2022\/02\/3.jpeg","contentUrl":"https:\/\/invest.warmia.mazury.pl\/de\/wp-content\/uploads\/sites\/4\/2022\/02\/3.jpeg","width":800,"height":533},{"@type":"BreadcrumbList","@id":"https:\/\/invest.warmia.mazury.pl\/de\/intelligente-spezialisierungen-der-region\/holz-und-moebel\/#breadcrumb","itemListElement":[{"@type":"ListItem","position":1,"name":"Strona g\u0142\u00f3wna","item":"https:\/\/invest.warmia.mazury.pl\/de\/"},{"@type":"ListItem","position":2,"name":"Intelligente Spezialisierungen der Region","item":"https:\/\/invest.warmia.mazury.pl\/de\/intelligente-spezialisierungen-der-region\/"},{"@type":"ListItem","position":3,"name":"Holz und M\u00f6bel"}]},{"@type":"WebSite","@id":"https:\/\/invest.warmia.mazury.pl\/de\/#website","url":"https:\/\/invest.warmia.mazury.pl\/de\/","name":"Invest Ermland Masuren","description":"","publisher":{"@id":"https:\/\/invest.warmia.mazury.pl\/de\/#organization"},"potentialAction":[{"@type":"SearchAction","target":{"@type":"EntryPoint","urlTemplate":"https:\/\/invest.warmia.mazury.pl\/de\/?s={search_term_string}"},"query-input":{"@type":"PropertyValueSpecification","valueRequired":true,"valueName":"search_term_string"}}],"inLanguage":"de"},{"@type":"Organization","@id":"https:\/\/invest.warmia.mazury.pl\/de\/#organization","name":"Invest Ermland Masuren","url":"https:\/\/invest.warmia.mazury.pl\/de\/","logo":{"@type":"ImageObject","inLanguage":"de","@id":"https:\/\/invest.warmia.mazury.pl\/de\/#\/schema\/logo\/image\/","url":"https:\/\/invest.warmia.mazury.pl\/de\/wp-content\/uploads\/sites\/4\/2021\/12\/logo-invest-in-color.svg","contentUrl":"https:\/\/invest.warmia.mazury.pl\/de\/wp-content\/uploads\/sites\/4\/2021\/12\/logo-invest-in-color.svg","caption":"Invest Ermland Masuren"},"image":{"@id":"https:\/\/invest.warmia.mazury.pl\/de\/#\/schema\/logo\/image\/"}}]}},"_links":{"self":[{"href":"https:\/\/invest.warmia.mazury.pl\/de\/wp-json\/wp\/v2\/pages\/2242","targetHints":{"allow":["GET"]}}],"collection":[{"href":"https:\/\/invest.warmia.mazury.pl\/de\/wp-json\/wp\/v2\/pages"}],"about":[{"href":"https:\/\/invest.warmia.mazury.pl\/de\/wp-json\/wp\/v2\/types\/page"}],"author":[{"embeddable":true,"href":"https:\/\/invest.warmia.mazury.pl\/de\/wp-json\/wp\/v2\/users\/4"}],"replies":[{"embeddable":true,"href":"https:\/\/invest.warmia.mazury.pl\/de\/wp-json\/wp\/v2\/comments?post=2242"}],"version-history":[{"count":4,"href":"https:\/\/invest.warmia.mazury.pl\/de\/wp-json\/wp\/v2\/pages\/2242\/revisions"}],"predecessor-version":[{"id":2268,"href":"https:\/\/invest.warmia.mazury.pl\/de\/wp-json\/wp\/v2\/pages\/2242\/revisions\/2268"}],"up":[{"embeddable":true,"href":"https:\/\/invest.warmia.mazury.pl\/de\/wp-json\/wp\/v2\/pages\/22"}],"wp:attachment":[{"href":"https:\/\/invest.warmia.mazury.pl\/de\/wp-json\/wp\/v2\/media?parent=2242"}],"curies":[{"name":"wp","href":"https:\/\/api.w.org\/{rel}","templated":true}]}}