{"id":2238,"date":"2026-04-03T13:12:45","date_gmt":"2026-04-03T11:12:45","guid":{"rendered":"https:\/\/invest.warmia.mazury.pl\/de\/?page_id=2238"},"modified":"2026-04-10T13:54:23","modified_gmt":"2026-04-10T11:54:23","slug":"wasserwirtschaft","status":"publish","type":"page","link":"https:\/\/invest.warmia.mazury.pl\/de\/intelligente-spezialisierungen-der-region\/wasserwirtschaft\/","title":{"rendered":"Wasserwirtschaft"},"content":{"rendered":"\n<p>Dieses Fachgebiet basiert auf den gr\u00f6\u00dften Oberfl\u00e4chenwasserressourcen Polens &#8211; Wasser macht etwas mehr als 20 Prozent der Fl\u00e4che der Region Ermland und Masuren aus, womit die Region den ersten Platz im Land einnimmt. Kein Wunder also, dass Ermland und Masuren &#8211; auch bekannt als das Land der Tausend Seen &#8211; sein wasserbezogenes Potenzial intensiv nutzt und auch seine wirtschaftliche Entwicklung daran kn\u00fcpft.<\/p>\n\n\n\n<p>Die Tourismusbranche hat sich rund um das Thema Wasser entwickelt und bietet eine Reihe von Aktivit\u00e4ten an, die ein gro\u00dfes Potenzial f\u00fcr Innovationen haben und gleichzeitig den Umweltanforderungen entsprechen.<\/p>\n\n\n\n<p>Beispiele f\u00fcr Elemente des Fachgebiets:<\/p>\n\n\n\n<ol style=\"list-style-type:1\" class=\"wp-block-list\">\n<li>Herstellung von Maschinen (Herstellung von Wasserstrahlschneidemaschinen (Waterjet), Herstellung von Turbinen und Komponenten f\u00fcr den Schiffbau und die Marineindustrie),<\/li>\n\n\n\n<li>Jacht- und Bootsbau (Hersteller von Jachten und Motorbooten, Dienstleistungen im Bootsbau, nautische Werkst\u00e4tten (Segelproduktion)),<\/li>\n\n\n\n<li>Wassertransport (Passagierfahrten, Frachttransport auf dem Wasser, Boots- und Yachttransport),<\/li>\n\n\n\n<li>Wassersport (Organisation von Sportveranstaltungen (Regatten, Segelcamps), Schwimmschulen, Segelausbildung, Windsurfen, Kitesurfen, Tauchen, Verkauf von Wasserausr\u00fcstung, Angeln, Steuerungsservice, Yacht- und Bootscharter),<\/li>\n\n\n\n<li>Die nat\u00fcrliche Umwelt und ihr Schutz, einschlie\u00dflich des Baus von Umweltschutzeinrichtungen (Wasserkraft: Erzeugung, \u00dcbertragung, Verteilung und Handel, Abwassersammlung und -behandlung, Sanierung von Seen, Wasser- und Abwasserinfrastruktur, Wasserentnahme, -aufbereitung und -versorgung, Recycling, Abfallentsorgung),<\/li>\n\n\n\n<li>Unterkunft und Wellness (Hotels, Spa- und Wellnesseinrichtungen, Wasserparks und Aquasph\u00e4ren, SPA, Gradierwerke),<\/li>\n\n\n\n<li>Agrar- und Ern\u00e4hrungsindustrie (Zucht von Fischen und anderen Wasserorganismen, Fischverarbeitung, Herstellung von S\u00e4ften, Bier und anderen Getr\u00e4nken, Fischerei),<\/li>\n\n\n\n<li>Wissenschaft und IOB (Hochschulen (Bildung und Forschung), Fachschulen, Institute und Labors, Agenturen, Organisationen, Verb\u00e4nde, Cluster).<\/li>\n<\/ol>\n\n\n\n<figure class=\"wp-block-gallery has-nested-images columns-default is-cropped wp-block-gallery-1 is-layout-flex wp-block-gallery-is-layout-flex\">\n<figure class=\"wp-block-image size-large\"><img loading=\"lazy\" decoding=\"async\" width=\"1024\" height=\"768\" data-id=\"215\" src=\"https:\/\/invest.warmia.mazury.pl\/de\/wp-content\/uploads\/sites\/4\/2022\/02\/Jezioro-Sniardwy-przystan-w-Popielnie-1024x768.jpg\" alt=\"\" class=\"wp-image-215\" srcset=\"https:\/\/invest.warmia.mazury.pl\/de\/wp-content\/uploads\/sites\/4\/2022\/02\/Jezioro-Sniardwy-przystan-w-Popielnie-1024x768.jpg 1024w, https:\/\/invest.warmia.mazury.pl\/de\/wp-content\/uploads\/sites\/4\/2022\/02\/Jezioro-Sniardwy-przystan-w-Popielnie-300x225.jpg 300w, https:\/\/invest.warmia.mazury.pl\/de\/wp-content\/uploads\/sites\/4\/2022\/02\/Jezioro-Sniardwy-przystan-w-Popielnie-1296x972.jpg 1296w, https:\/\/invest.warmia.mazury.pl\/de\/wp-content\/uploads\/sites\/4\/2022\/02\/Jezioro-Sniardwy-przystan-w-Popielnie-768x576.jpg 768w, https:\/\/invest.warmia.mazury.pl\/de\/wp-content\/uploads\/sites\/4\/2022\/02\/Jezioro-Sniardwy-przystan-w-Popielnie-1536x1152.jpg 1536w, https:\/\/invest.warmia.mazury.pl\/de\/wp-content\/uploads\/sites\/4\/2022\/02\/Jezioro-Sniardwy-przystan-w-Popielnie-2048x1536.jpg 2048w\" sizes=\"auto, (max-width: 1024px) 100vw, 1024px\" \/><\/figure>\n\n\n\n<figure class=\"wp-block-image size-large\"><img loading=\"lazy\" decoding=\"async\" width=\"800\" height=\"533\" data-id=\"199\" src=\"https:\/\/invest.warmia.mazury.pl\/de\/wp-content\/uploads\/sites\/4\/2022\/02\/lodka.jpeg\" alt=\"\" class=\"wp-image-199\" srcset=\"https:\/\/invest.warmia.mazury.pl\/de\/wp-content\/uploads\/sites\/4\/2022\/02\/lodka.jpeg 800w, https:\/\/invest.warmia.mazury.pl\/de\/wp-content\/uploads\/sites\/4\/2022\/02\/lodka-300x200.jpeg 300w, https:\/\/invest.warmia.mazury.pl\/de\/wp-content\/uploads\/sites\/4\/2022\/02\/lodka-768x512.jpeg 768w\" sizes=\"auto, (max-width: 800px) 100vw, 800px\" \/><\/figure>\n\n\n\n<figure class=\"wp-block-image size-large\"><img loading=\"lazy\" decoding=\"async\" width=\"640\" height=\"427\" data-id=\"198\" src=\"https:\/\/invest.warmia.mazury.pl\/de\/wp-content\/uploads\/sites\/4\/2022\/02\/gospodarka_014.jpeg\" alt=\"\" class=\"wp-image-198\" srcset=\"https:\/\/invest.warmia.mazury.pl\/de\/wp-content\/uploads\/sites\/4\/2022\/02\/gospodarka_014.jpeg 640w, https:\/\/invest.warmia.mazury.pl\/de\/wp-content\/uploads\/sites\/4\/2022\/02\/gospodarka_014-300x200.jpeg 300w\" sizes=\"auto, (max-width: 640px) 100vw, 640px\" \/><\/figure>\n\n\n\n<figure class=\"wp-block-image size-large\"><img loading=\"lazy\" decoding=\"async\" width=\"800\" height=\"533\" data-id=\"228\" src=\"https:\/\/invest.warmia.mazury.pl\/de\/wp-content\/uploads\/sites\/4\/2022\/02\/lodka2.jpeg\" alt=\"\" class=\"wp-image-228\" srcset=\"https:\/\/invest.warmia.mazury.pl\/de\/wp-content\/uploads\/sites\/4\/2022\/02\/lodka2.jpeg 800w, https:\/\/invest.warmia.mazury.pl\/de\/wp-content\/uploads\/sites\/4\/2022\/02\/lodka2-300x200.jpeg 300w, https:\/\/invest.warmia.mazury.pl\/de\/wp-content\/uploads\/sites\/4\/2022\/02\/lodka2-768x512.jpeg 768w\" sizes=\"auto, (max-width: 800px) 100vw, 800px\" \/><\/figure>\n\n\n\n<figure class=\"wp-block-image size-large\"><img loading=\"lazy\" decoding=\"async\" width=\"1024\" height=\"684\" data-id=\"230\" src=\"https:\/\/invest.warmia.mazury.pl\/de\/wp-content\/uploads\/sites\/4\/2022\/02\/Jezioro-Talty-1024x684.jpg\" alt=\"\" class=\"wp-image-230\" srcset=\"https:\/\/invest.warmia.mazury.pl\/de\/wp-content\/uploads\/sites\/4\/2022\/02\/Jezioro-Talty-1024x684.jpg 1024w, https:\/\/invest.warmia.mazury.pl\/de\/wp-content\/uploads\/sites\/4\/2022\/02\/Jezioro-Talty-300x200.jpg 300w, https:\/\/invest.warmia.mazury.pl\/de\/wp-content\/uploads\/sites\/4\/2022\/02\/Jezioro-Talty-768x513.jpg 768w, https:\/\/invest.warmia.mazury.pl\/de\/wp-content\/uploads\/sites\/4\/2022\/02\/Jezioro-Talty.jpg 1200w\" sizes=\"auto, (max-width: 1024px) 100vw, 1024px\" \/><\/figure>\n\n\n\n<figure class=\"wp-block-image size-large\"><img loading=\"lazy\" decoding=\"async\" width=\"1024\" height=\"683\" data-id=\"229\" src=\"https:\/\/invest.warmia.mazury.pl\/de\/wp-content\/uploads\/sites\/4\/2022\/02\/Kanal-Luczanski-Gizycko-1024x683.jpg\" alt=\"\" class=\"wp-image-229\" srcset=\"https:\/\/invest.warmia.mazury.pl\/de\/wp-content\/uploads\/sites\/4\/2022\/02\/Kanal-Luczanski-Gizycko-1024x683.jpg 1024w, https:\/\/invest.warmia.mazury.pl\/de\/wp-content\/uploads\/sites\/4\/2022\/02\/Kanal-Luczanski-Gizycko-300x200.jpg 300w, https:\/\/invest.warmia.mazury.pl\/de\/wp-content\/uploads\/sites\/4\/2022\/02\/Kanal-Luczanski-Gizycko-1296x865.jpg 1296w, https:\/\/invest.warmia.mazury.pl\/de\/wp-content\/uploads\/sites\/4\/2022\/02\/Kanal-Luczanski-Gizycko-768x513.jpg 768w, https:\/\/invest.warmia.mazury.pl\/de\/wp-content\/uploads\/sites\/4\/2022\/02\/Kanal-Luczanski-Gizycko-1536x1025.jpg 1536w, https:\/\/invest.warmia.mazury.pl\/de\/wp-content\/uploads\/sites\/4\/2022\/02\/Kanal-Luczanski-Gizycko-2048x1367.jpg 2048w\" sizes=\"auto, (max-width: 1024px) 100vw, 1024px\" \/><\/figure>\n<\/figure>\n\n\n\n<p>In den letzten Jahren ist eine \u00e4u\u00dferst dynamische Entwicklung der touristischen Infrastruktur zu beobachten &#8211; \u00fcberall in der Region werden Luxushotels (Vier- und F\u00fcnf-Sterne-Hotels) mit SPA- und Wellnesseinrichtungen gebaut, dazu geh\u00f6ren das Hotel <a href=\"http:\/\/www.hotelkrasicki.pl\/\" target=\"_blank\" rel=\"noreferrer noopener\">Go\u0142\u0119biewski in Miko\u0142ajki, Hotel Krasicki in Lidzbark Warmi\u0144ski<\/a>, das Grand Hotel TIFFI in I\u0142awa, Hotel Focus in Olsztyn, Natura Mazur &#8211; Resort &amp; Conference Warcha\u0142y, <a href=\"http:\/\/www.hotelmasuria.pl\/masuria\" target=\"_blank\" rel=\"noreferrer noopener\">Hotel <\/a><a href=\"http:\/\/hotelgalery69.pl\/\" target=\"_blank\" rel=\"noreferrer noopener\">Galery 69 in Dorotowo bei Olsztyn<\/a>, das Hotel <a href=\"http:\/\/www.hotelmasuria.pl\/masuria\" target=\"_blank\" rel=\"noreferrer noopener\">Masuria in Worliny<\/a>, <a href=\"http:\/\/www.marinagolfclub.pl\/\" target=\"_blank\" rel=\"noreferrer noopener\">Hotel Marina Golf Club in Si\u0142a bei Tomaszkowo<\/a>, Hotel St. Bruno oder auch das <a href=\"http:\/\/www.hotelmikolajki.pl\/\" target=\"_blank\" rel=\"noreferrer noopener\">Hotel Miko\u0142ajki Mazury<\/a>. In der Region gibt es 77 ausgezeichnete Hotels, davon 52 Drei-Sterne-Hotels, 21 Vier-Sterne-Hotels und 4 F\u00fcnf-Sterne-Hotels. Im Land der Tausend Seen ist das Angebot der Hoteliers bereits mehr und mehr auf die Bed\u00fcrfnisse ausl\u00e4ndischer Touristen zugeschnitten. Dar\u00fcber hinaus werden umweltfreundliche Yachth\u00e4fen gebaut, die bereit sind, Tausende von Seglern aufzunehmen.<\/p>\n\n\n\n<p>Ermland und Masuren sind bekannt f\u00fcr die Herstellung von Yachten (die im Ausland einen ausgezeichneten Ruf genie\u00dfen), Booten und auch f\u00fcr Dienstleistungen in diesem Bereich. Die Region Masuren beherbergt Unternehmen wie Delphia Yachts aus Olecko. Die Region ist auch f\u00fcr die Produktion von Segelyachten bekannt (mehr als 150 Segelyachten und 1000 Motoryachten j\u00e4hrlich, die haupts\u00e4chlich in Westeuropa verkauft werden). Andere Werften, die in der Region t\u00e4tig sind, sind Northman aus W\u0119gorzewo oder <a href=\"http:\/\/www.ostroda-yacht.com.pl\/pl\/index\" target=\"_blank\" rel=\"noreferrer noopener\">Ostr\u00f3da Yacht aus Ostr\u00f3da<\/a>.<\/p>\n\n\n\n<p><strong>Herunterladen<\/strong><\/p>\n\n\n\n<p><a href=\"https:\/\/invest.warmia.mazury.pl\/wp-content\/uploads\/2023\/02\/WARMIA-i-MAZURY-BROSZURA-DE-POP-OKLADKA-DRUK.pdf\">Laden Sie die Informationsbrosch\u00fcre zu den intelligenten Spezialisierungen der Region herunter<\/a><\/p>\n","protected":false},"excerpt":{"rendered":"<p>Dieses Fachgebiet basiert auf den gr\u00f6\u00dften Oberfl\u00e4chenwasserressourcen Polens &#8211; Wasser macht etwas mehr als 20 Prozent der Fl\u00e4che der Region Ermland und Masuren aus, womit die Region den ersten Platz [&hellip;]<\/p>\n","protected":false},"author":4,"featured_media":0,"parent":22,"menu_order":0,"comment_status":"closed","ping_status":"closed","template":"template-page-icons.php","meta":{"inline_featured_image":false,"footnotes":""},"class_list":["post-2238","page","type-page","status-publish","hentry"],"yoast_head":"<!-- This site is optimized with the Yoast SEO plugin v26.7 - https:\/\/yoast.com\/wordpress\/plugins\/seo\/ -->\n<title>Wasserwirtschaft - Invest Ermland Masuren<\/title>\n<meta name=\"robots\" content=\"index, follow, max-snippet:-1, max-image-preview:large, max-video-preview:-1\" \/>\n<link rel=\"canonical\" href=\"https:\/\/invest.warmia.mazury.pl\/de\/intelligente-spezialisierungen-der-region\/wasserwirtschaft\/\" \/>\n<meta property=\"og:locale\" content=\"de_DE\" \/>\n<meta property=\"og:type\" content=\"article\" \/>\n<meta property=\"og:title\" content=\"Wasserwirtschaft - Invest Ermland Masuren\" \/>\n<meta property=\"og:description\" content=\"Dieses Fachgebiet basiert auf den gr\u00f6\u00dften Oberfl\u00e4chenwasserressourcen Polens &#8211; Wasser macht etwas mehr als 20 Prozent der Fl\u00e4che der Region Ermland und Masuren aus, womit die Region den ersten Platz [&hellip;]\" \/>\n<meta property=\"og:url\" content=\"https:\/\/invest.warmia.mazury.pl\/de\/intelligente-spezialisierungen-der-region\/wasserwirtschaft\/\" \/>\n<meta property=\"og:site_name\" content=\"Invest Ermland Masuren\" \/>\n<meta property=\"article:modified_time\" content=\"2026-04-10T11:54:23+00:00\" \/>\n<meta property=\"og:image\" content=\"https:\/\/invest.warmia.mazury.pl\/de\/wp-content\/uploads\/sites\/4\/2022\/02\/Jezioro-Sniardwy-przystan-w-Popielnie-scaled.jpg\" \/>\n\t<meta property=\"og:image:width\" content=\"2560\" \/>\n\t<meta property=\"og:image:height\" content=\"1920\" \/>\n\t<meta property=\"og:image:type\" content=\"image\/jpeg\" \/>\n<meta name=\"twitter:card\" content=\"summary_large_image\" \/>\n<meta name=\"twitter:label1\" content=\"Gesch\u00e4tzte Lesezeit\" \/>\n\t<meta name=\"twitter:data1\" content=\"2\u00a0Minuten\" \/>\n<script type=\"application\/ld+json\" class=\"yoast-schema-graph\">{\"@context\":\"https:\/\/schema.org\",\"@graph\":[{\"@type\":\"WebPage\",\"@id\":\"https:\/\/invest.warmia.mazury.pl\/de\/intelligente-spezialisierungen-der-region\/wasserwirtschaft\/\",\"url\":\"https:\/\/invest.warmia.mazury.pl\/de\/intelligente-spezialisierungen-der-region\/wasserwirtschaft\/\",\"name\":\"Wasserwirtschaft - Invest Ermland Masuren\",\"isPartOf\":{\"@id\":\"https:\/\/invest.warmia.mazury.pl\/de\/#website\"},\"primaryImageOfPage\":{\"@id\":\"https:\/\/invest.warmia.mazury.pl\/de\/intelligente-spezialisierungen-der-region\/wasserwirtschaft\/#primaryimage\"},\"image\":{\"@id\":\"https:\/\/invest.warmia.mazury.pl\/de\/intelligente-spezialisierungen-der-region\/wasserwirtschaft\/#primaryimage\"},\"thumbnailUrl\":\"https:\/\/invest.warmia.mazury.pl\/de\/wp-content\/uploads\/sites\/4\/2022\/02\/Jezioro-Sniardwy-przystan-w-Popielnie-1024x768.jpg\",\"datePublished\":\"2026-04-03T11:12:45+00:00\",\"dateModified\":\"2026-04-10T11:54:23+00:00\",\"breadcrumb\":{\"@id\":\"https:\/\/invest.warmia.mazury.pl\/de\/intelligente-spezialisierungen-der-region\/wasserwirtschaft\/#breadcrumb\"},\"inLanguage\":\"de\",\"potentialAction\":[{\"@type\":\"ReadAction\",\"target\":[\"https:\/\/invest.warmia.mazury.pl\/de\/intelligente-spezialisierungen-der-region\/wasserwirtschaft\/\"]}]},{\"@type\":\"ImageObject\",\"inLanguage\":\"de\",\"@id\":\"https:\/\/invest.warmia.mazury.pl\/de\/intelligente-spezialisierungen-der-region\/wasserwirtschaft\/#primaryimage\",\"url\":\"https:\/\/invest.warmia.mazury.pl\/de\/wp-content\/uploads\/sites\/4\/2022\/02\/Jezioro-Sniardwy-przystan-w-Popielnie-scaled.jpg\",\"contentUrl\":\"https:\/\/invest.warmia.mazury.pl\/de\/wp-content\/uploads\/sites\/4\/2022\/02\/Jezioro-Sniardwy-przystan-w-Popielnie-scaled.jpg\",\"width\":2560,\"height\":1920},{\"@type\":\"BreadcrumbList\",\"@id\":\"https:\/\/invest.warmia.mazury.pl\/de\/intelligente-spezialisierungen-der-region\/wasserwirtschaft\/#breadcrumb\",\"itemListElement\":[{\"@type\":\"ListItem\",\"position\":1,\"name\":\"Strona g\u0142\u00f3wna\",\"item\":\"https:\/\/invest.warmia.mazury.pl\/de\/\"},{\"@type\":\"ListItem\",\"position\":2,\"name\":\"Intelligente Spezialisierungen der Region\",\"item\":\"https:\/\/invest.warmia.mazury.pl\/de\/intelligente-spezialisierungen-der-region\/\"},{\"@type\":\"ListItem\",\"position\":3,\"name\":\"Wasserwirtschaft\"}]},{\"@type\":\"WebSite\",\"@id\":\"https:\/\/invest.warmia.mazury.pl\/de\/#website\",\"url\":\"https:\/\/invest.warmia.mazury.pl\/de\/\",\"name\":\"Invest Ermland Masuren\",\"description\":\"\",\"publisher\":{\"@id\":\"https:\/\/invest.warmia.mazury.pl\/de\/#organization\"},\"potentialAction\":[{\"@type\":\"SearchAction\",\"target\":{\"@type\":\"EntryPoint\",\"urlTemplate\":\"https:\/\/invest.warmia.mazury.pl\/de\/?s={search_term_string}\"},\"query-input\":{\"@type\":\"PropertyValueSpecification\",\"valueRequired\":true,\"valueName\":\"search_term_string\"}}],\"inLanguage\":\"de\"},{\"@type\":\"Organization\",\"@id\":\"https:\/\/invest.warmia.mazury.pl\/de\/#organization\",\"name\":\"Invest Ermland Masuren\",\"url\":\"https:\/\/invest.warmia.mazury.pl\/de\/\",\"logo\":{\"@type\":\"ImageObject\",\"inLanguage\":\"de\",\"@id\":\"https:\/\/invest.warmia.mazury.pl\/de\/#\/schema\/logo\/image\/\",\"url\":\"https:\/\/invest.warmia.mazury.pl\/de\/wp-content\/uploads\/sites\/4\/2021\/12\/logo-invest-in-color.svg\",\"contentUrl\":\"https:\/\/invest.warmia.mazury.pl\/de\/wp-content\/uploads\/sites\/4\/2021\/12\/logo-invest-in-color.svg\",\"caption\":\"Invest Ermland Masuren\"},\"image\":{\"@id\":\"https:\/\/invest.warmia.mazury.pl\/de\/#\/schema\/logo\/image\/\"}}]}<\/script>\n<!-- \/ Yoast SEO plugin. -->","yoast_head_json":{"title":"Wasserwirtschaft - Invest Ermland Masuren","robots":{"index":"index","follow":"follow","max-snippet":"max-snippet:-1","max-image-preview":"max-image-preview:large","max-video-preview":"max-video-preview:-1"},"canonical":"https:\/\/invest.warmia.mazury.pl\/de\/intelligente-spezialisierungen-der-region\/wasserwirtschaft\/","og_locale":"de_DE","og_type":"article","og_title":"Wasserwirtschaft - Invest Ermland Masuren","og_description":"Dieses Fachgebiet basiert auf den gr\u00f6\u00dften Oberfl\u00e4chenwasserressourcen Polens &#8211; Wasser macht etwas mehr als 20 Prozent der Fl\u00e4che der Region Ermland und Masuren aus, womit die Region den ersten Platz [&hellip;]","og_url":"https:\/\/invest.warmia.mazury.pl\/de\/intelligente-spezialisierungen-der-region\/wasserwirtschaft\/","og_site_name":"Invest Ermland Masuren","article_modified_time":"2026-04-10T11:54:23+00:00","og_image":[{"width":2560,"height":1920,"url":"https:\/\/invest.warmia.mazury.pl\/de\/wp-content\/uploads\/sites\/4\/2022\/02\/Jezioro-Sniardwy-przystan-w-Popielnie-scaled.jpg","type":"image\/jpeg"}],"twitter_card":"summary_large_image","twitter_misc":{"Gesch\u00e4tzte Lesezeit":"2\u00a0Minuten"},"schema":{"@context":"https:\/\/schema.org","@graph":[{"@type":"WebPage","@id":"https:\/\/invest.warmia.mazury.pl\/de\/intelligente-spezialisierungen-der-region\/wasserwirtschaft\/","url":"https:\/\/invest.warmia.mazury.pl\/de\/intelligente-spezialisierungen-der-region\/wasserwirtschaft\/","name":"Wasserwirtschaft - Invest Ermland Masuren","isPartOf":{"@id":"https:\/\/invest.warmia.mazury.pl\/de\/#website"},"primaryImageOfPage":{"@id":"https:\/\/invest.warmia.mazury.pl\/de\/intelligente-spezialisierungen-der-region\/wasserwirtschaft\/#primaryimage"},"image":{"@id":"https:\/\/invest.warmia.mazury.pl\/de\/intelligente-spezialisierungen-der-region\/wasserwirtschaft\/#primaryimage"},"thumbnailUrl":"https:\/\/invest.warmia.mazury.pl\/de\/wp-content\/uploads\/sites\/4\/2022\/02\/Jezioro-Sniardwy-przystan-w-Popielnie-1024x768.jpg","datePublished":"2026-04-03T11:12:45+00:00","dateModified":"2026-04-10T11:54:23+00:00","breadcrumb":{"@id":"https:\/\/invest.warmia.mazury.pl\/de\/intelligente-spezialisierungen-der-region\/wasserwirtschaft\/#breadcrumb"},"inLanguage":"de","potentialAction":[{"@type":"ReadAction","target":["https:\/\/invest.warmia.mazury.pl\/de\/intelligente-spezialisierungen-der-region\/wasserwirtschaft\/"]}]},{"@type":"ImageObject","inLanguage":"de","@id":"https:\/\/invest.warmia.mazury.pl\/de\/intelligente-spezialisierungen-der-region\/wasserwirtschaft\/#primaryimage","url":"https:\/\/invest.warmia.mazury.pl\/de\/wp-content\/uploads\/sites\/4\/2022\/02\/Jezioro-Sniardwy-przystan-w-Popielnie-scaled.jpg","contentUrl":"https:\/\/invest.warmia.mazury.pl\/de\/wp-content\/uploads\/sites\/4\/2022\/02\/Jezioro-Sniardwy-przystan-w-Popielnie-scaled.jpg","width":2560,"height":1920},{"@type":"BreadcrumbList","@id":"https:\/\/invest.warmia.mazury.pl\/de\/intelligente-spezialisierungen-der-region\/wasserwirtschaft\/#breadcrumb","itemListElement":[{"@type":"ListItem","position":1,"name":"Strona g\u0142\u00f3wna","item":"https:\/\/invest.warmia.mazury.pl\/de\/"},{"@type":"ListItem","position":2,"name":"Intelligente Spezialisierungen der Region","item":"https:\/\/invest.warmia.mazury.pl\/de\/intelligente-spezialisierungen-der-region\/"},{"@type":"ListItem","position":3,"name":"Wasserwirtschaft"}]},{"@type":"WebSite","@id":"https:\/\/invest.warmia.mazury.pl\/de\/#website","url":"https:\/\/invest.warmia.mazury.pl\/de\/","name":"Invest Ermland Masuren","description":"","publisher":{"@id":"https:\/\/invest.warmia.mazury.pl\/de\/#organization"},"potentialAction":[{"@type":"SearchAction","target":{"@type":"EntryPoint","urlTemplate":"https:\/\/invest.warmia.mazury.pl\/de\/?s={search_term_string}"},"query-input":{"@type":"PropertyValueSpecification","valueRequired":true,"valueName":"search_term_string"}}],"inLanguage":"de"},{"@type":"Organization","@id":"https:\/\/invest.warmia.mazury.pl\/de\/#organization","name":"Invest Ermland Masuren","url":"https:\/\/invest.warmia.mazury.pl\/de\/","logo":{"@type":"ImageObject","inLanguage":"de","@id":"https:\/\/invest.warmia.mazury.pl\/de\/#\/schema\/logo\/image\/","url":"https:\/\/invest.warmia.mazury.pl\/de\/wp-content\/uploads\/sites\/4\/2021\/12\/logo-invest-in-color.svg","contentUrl":"https:\/\/invest.warmia.mazury.pl\/de\/wp-content\/uploads\/sites\/4\/2021\/12\/logo-invest-in-color.svg","caption":"Invest Ermland Masuren"},"image":{"@id":"https:\/\/invest.warmia.mazury.pl\/de\/#\/schema\/logo\/image\/"}}]}},"_links":{"self":[{"href":"https:\/\/invest.warmia.mazury.pl\/de\/wp-json\/wp\/v2\/pages\/2238","targetHints":{"allow":["GET"]}}],"collection":[{"href":"https:\/\/invest.warmia.mazury.pl\/de\/wp-json\/wp\/v2\/pages"}],"about":[{"href":"https:\/\/invest.warmia.mazury.pl\/de\/wp-json\/wp\/v2\/types\/page"}],"author":[{"embeddable":true,"href":"https:\/\/invest.warmia.mazury.pl\/de\/wp-json\/wp\/v2\/users\/4"}],"replies":[{"embeddable":true,"href":"https:\/\/invest.warmia.mazury.pl\/de\/wp-json\/wp\/v2\/comments?post=2238"}],"version-history":[{"count":5,"href":"https:\/\/invest.warmia.mazury.pl\/de\/wp-json\/wp\/v2\/pages\/2238\/revisions"}],"predecessor-version":[{"id":2267,"href":"https:\/\/invest.warmia.mazury.pl\/de\/wp-json\/wp\/v2\/pages\/2238\/revisions\/2267"}],"up":[{"embeddable":true,"href":"https:\/\/invest.warmia.mazury.pl\/de\/wp-json\/wp\/v2\/pages\/22"}],"wp:attachment":[{"href":"https:\/\/invest.warmia.mazury.pl\/de\/wp-json\/wp\/v2\/media?parent=2238"}],"curies":[{"name":"wp","href":"https:\/\/api.w.org\/{rel}","templated":true}]}}