{"id":2066,"date":"2022-02-08T11:12:33","date_gmt":"2022-02-08T10:12:33","guid":{"rendered":"https:\/\/invest.warmia.mazury.pl\/?page_id=2066"},"modified":"2022-03-15T15:23:54","modified_gmt":"2022-03-15T14:23:54","slug":"fertigstellung-und-abnahme-der-investition","status":"publish","type":"page","link":"https:\/\/invest.warmia.mazury.pl\/de\/leitfaden-fuer-investoren\/ich-habe-bereits-einen-standort-ausgewaehlt\/fertigstellung-und-abnahme-der-investition\/","title":{"rendered":"Fertigstellung und Abnahme der Investition"},"content":{"rendered":"\n<p>Nach Abschluss der Bauarbeiten und vor Beginn der Nutzung des errichteten Objekts sollte der Bauherr eine Fertigstellungsanzeige einreichen oder eine Nutzungsgenehmigung einholen.<\/p>\n\n\n\n<p>Informationen dar\u00fcber, ob ein Bauvorhaben eine Fertigstellungsanzeige erfordert, sind in der Entscheidung \u00fcber die Baugenehmigung enthalten.<\/p>\n\n\n\n<p>Wenn der Bauplan eines Geb\u00e4udes eine Vereinbarung hinsichtlich des Brandschutzes oder der Hygiene- und Gesundheitsanforderungen erforderte, m\u00fcssen vor der Einreichung einer Mitteilung an die Bauaufsichtsbeh\u00f6rde \u00fcber den Abschluss der Bauarbeiten und die Nutzungsabsicht zun\u00e4chst die staatliche Sanit\u00e4rinspektion und die staatliche Feuerwehr benachrichtigt werden, die eine Stellungnahme zur \u00dcbereinstimmung des Baus mit dem Bauplan abgeben sollten.<\/p>\n\n\n\n<p>In den meisten F\u00e4llen wird der Abschluss der Bauarbeiten bei der f\u00fcr den Standort des Projekts zust\u00e4ndigen Kreisbauaufsichtsbeh\u00f6rde gemeldet.<\/p>\n\n\n\n<p>Wenn die Meldung mangelhaft ist, sendet die Bauaufsichtsbeh\u00f6rde eine Aufforderung zur Behebung der M\u00e4ngel mit einer entsprechenden Frist. Werden die M\u00e4ngel nicht innerhalb der Frist behoben, ergeht eine Entscheidung, mit der die Meldung der Fertigstellung des Bauwerks abgelehnt wird.<\/p>\n\n\n\n<p>Erf\u00fcllt die Anzeige hingegen alle Anforderungen, akzeptiert die Bauaufsichtsbeh\u00f6rde die Anzeige der Baufertigstellung mit einer sogenannten stillschweigenden Zustimmung.<\/p>\n\n\n\n<p>Mit der Nutzung eines Bauobjekts kann 14 Tage nach Einreichung der Anzeige begonnen werden, sofern die Bauaufsicht innerhalb dieser Frist keinen Einspruch erhoben hat oder eine Bescheinigung ausgestellt hat, dass gegen die eingereichte Anzeige nach Abschluss der Bauarbeiten keine Einw\u00e4nde erhoben werden.<\/p>\n","protected":false},"excerpt":{"rendered":"<p>Nach Abschluss der Bauarbeiten und vor Beginn der Nutzung des errichteten Objekts sollte der Bauherr eine Fertigstellungsanzeige einreichen oder eine Nutzungsgenehmigung einholen. Informationen dar\u00fcber, ob ein Bauvorhaben eine Fertigstellungsanzeige erfordert, [&hellip;]<\/p>\n","protected":false},"author":1,"featured_media":0,"parent":2042,"menu_order":6,"comment_status":"closed","ping_status":"closed","template":"template-page.php","meta":{"inline_featured_image":false,"footnotes":""},"class_list":["post-2066","page","type-page","status-publish","hentry"],"yoast_head":"<!-- This site is optimized with the Yoast SEO plugin v26.7 - https:\/\/yoast.com\/wordpress\/plugins\/seo\/ -->\n<title>Fertigstellung und Abnahme der Investition - Invest Ermland Masuren<\/title>\n<meta name=\"robots\" content=\"index, follow, max-snippet:-1, max-image-preview:large, max-video-preview:-1\" \/>\n<link rel=\"canonical\" href=\"https:\/\/invest.warmia.mazury.pl\/de\/leitfaden-fuer-investoren\/ich-habe-bereits-einen-standort-ausgewaehlt\/fertigstellung-und-abnahme-der-investition\/\" \/>\n<meta property=\"og:locale\" content=\"de_DE\" \/>\n<meta property=\"og:type\" content=\"article\" \/>\n<meta property=\"og:title\" content=\"Fertigstellung und Abnahme der Investition - Invest Ermland Masuren\" \/>\n<meta property=\"og:description\" content=\"Nach Abschluss der Bauarbeiten und vor Beginn der Nutzung des errichteten Objekts sollte der Bauherr eine Fertigstellungsanzeige einreichen oder eine Nutzungsgenehmigung einholen. Informationen dar\u00fcber, ob ein Bauvorhaben eine Fertigstellungsanzeige erfordert, [&hellip;]\" \/>\n<meta property=\"og:url\" content=\"https:\/\/invest.warmia.mazury.pl\/de\/leitfaden-fuer-investoren\/ich-habe-bereits-einen-standort-ausgewaehlt\/fertigstellung-und-abnahme-der-investition\/\" \/>\n<meta property=\"og:site_name\" content=\"Invest Ermland Masuren\" \/>\n<meta property=\"article:modified_time\" content=\"2022-03-15T14:23:54+00:00\" \/>\n<meta name=\"twitter:card\" content=\"summary_large_image\" \/>\n<meta name=\"twitter:label1\" content=\"Gesch\u00e4tzte Lesezeit\" \/>\n\t<meta name=\"twitter:data1\" content=\"1\u00a0Minute\" \/>\n<script type=\"application\/ld+json\" class=\"yoast-schema-graph\">{\"@context\":\"https:\/\/schema.org\",\"@graph\":[{\"@type\":\"WebPage\",\"@id\":\"https:\/\/invest.warmia.mazury.pl\/de\/leitfaden-fuer-investoren\/ich-habe-bereits-einen-standort-ausgewaehlt\/fertigstellung-und-abnahme-der-investition\/\",\"url\":\"https:\/\/invest.warmia.mazury.pl\/de\/leitfaden-fuer-investoren\/ich-habe-bereits-einen-standort-ausgewaehlt\/fertigstellung-und-abnahme-der-investition\/\",\"name\":\"Fertigstellung und Abnahme der Investition - Invest Ermland Masuren\",\"isPartOf\":{\"@id\":\"https:\/\/invest.warmia.mazury.pl\/de\/#website\"},\"datePublished\":\"2022-02-08T10:12:33+00:00\",\"dateModified\":\"2022-03-15T14:23:54+00:00\",\"breadcrumb\":{\"@id\":\"https:\/\/invest.warmia.mazury.pl\/de\/leitfaden-fuer-investoren\/ich-habe-bereits-einen-standort-ausgewaehlt\/fertigstellung-und-abnahme-der-investition\/#breadcrumb\"},\"inLanguage\":\"de\",\"potentialAction\":[{\"@type\":\"ReadAction\",\"target\":[\"https:\/\/invest.warmia.mazury.pl\/de\/leitfaden-fuer-investoren\/ich-habe-bereits-einen-standort-ausgewaehlt\/fertigstellung-und-abnahme-der-investition\/\"]}]},{\"@type\":\"BreadcrumbList\",\"@id\":\"https:\/\/invest.warmia.mazury.pl\/de\/leitfaden-fuer-investoren\/ich-habe-bereits-einen-standort-ausgewaehlt\/fertigstellung-und-abnahme-der-investition\/#breadcrumb\",\"itemListElement\":[{\"@type\":\"ListItem\",\"position\":1,\"name\":\"Strona g\u0142\u00f3wna\",\"item\":\"https:\/\/invest.warmia.mazury.pl\/de\/\"},{\"@type\":\"ListItem\",\"position\":2,\"name\":\"Leitfaden f\u00fcr Investoren\",\"item\":\"https:\/\/invest.warmia.mazury.pl\/de\/leitfaden-fuer-investoren\/\"},{\"@type\":\"ListItem\",\"position\":3,\"name\":\"Ich habe bereits einen Standort ausgew\u00e4hlt\",\"item\":\"https:\/\/invest.warmia.mazury.pl\/de\/leitfaden-fuer-investoren\/ich-habe-bereits-einen-standort-ausgewaehlt\/\"},{\"@type\":\"ListItem\",\"position\":4,\"name\":\"Fertigstellung und Abnahme der Investition\"}]},{\"@type\":\"WebSite\",\"@id\":\"https:\/\/invest.warmia.mazury.pl\/de\/#website\",\"url\":\"https:\/\/invest.warmia.mazury.pl\/de\/\",\"name\":\"Invest Ermland Masuren\",\"description\":\"\",\"publisher\":{\"@id\":\"https:\/\/invest.warmia.mazury.pl\/de\/#organization\"},\"potentialAction\":[{\"@type\":\"SearchAction\",\"target\":{\"@type\":\"EntryPoint\",\"urlTemplate\":\"https:\/\/invest.warmia.mazury.pl\/de\/?s={search_term_string}\"},\"query-input\":{\"@type\":\"PropertyValueSpecification\",\"valueRequired\":true,\"valueName\":\"search_term_string\"}}],\"inLanguage\":\"de\"},{\"@type\":\"Organization\",\"@id\":\"https:\/\/invest.warmia.mazury.pl\/de\/#organization\",\"name\":\"Invest Ermland Masuren\",\"url\":\"https:\/\/invest.warmia.mazury.pl\/de\/\",\"logo\":{\"@type\":\"ImageObject\",\"inLanguage\":\"de\",\"@id\":\"https:\/\/invest.warmia.mazury.pl\/de\/#\/schema\/logo\/image\/\",\"url\":\"https:\/\/invest.warmia.mazury.pl\/de\/wp-content\/uploads\/sites\/4\/2021\/12\/logo-invest-in-color.svg\",\"contentUrl\":\"https:\/\/invest.warmia.mazury.pl\/de\/wp-content\/uploads\/sites\/4\/2021\/12\/logo-invest-in-color.svg\",\"caption\":\"Invest Ermland Masuren\"},\"image\":{\"@id\":\"https:\/\/invest.warmia.mazury.pl\/de\/#\/schema\/logo\/image\/\"}}]}<\/script>\n<!-- \/ Yoast SEO plugin. -->","yoast_head_json":{"title":"Fertigstellung und Abnahme der Investition - Invest Ermland Masuren","robots":{"index":"index","follow":"follow","max-snippet":"max-snippet:-1","max-image-preview":"max-image-preview:large","max-video-preview":"max-video-preview:-1"},"canonical":"https:\/\/invest.warmia.mazury.pl\/de\/leitfaden-fuer-investoren\/ich-habe-bereits-einen-standort-ausgewaehlt\/fertigstellung-und-abnahme-der-investition\/","og_locale":"de_DE","og_type":"article","og_title":"Fertigstellung und Abnahme der Investition - Invest Ermland Masuren","og_description":"Nach Abschluss der Bauarbeiten und vor Beginn der Nutzung des errichteten Objekts sollte der Bauherr eine Fertigstellungsanzeige einreichen oder eine Nutzungsgenehmigung einholen. Informationen dar\u00fcber, ob ein Bauvorhaben eine Fertigstellungsanzeige erfordert, [&hellip;]","og_url":"https:\/\/invest.warmia.mazury.pl\/de\/leitfaden-fuer-investoren\/ich-habe-bereits-einen-standort-ausgewaehlt\/fertigstellung-und-abnahme-der-investition\/","og_site_name":"Invest Ermland Masuren","article_modified_time":"2022-03-15T14:23:54+00:00","twitter_card":"summary_large_image","twitter_misc":{"Gesch\u00e4tzte Lesezeit":"1\u00a0Minute"},"schema":{"@context":"https:\/\/schema.org","@graph":[{"@type":"WebPage","@id":"https:\/\/invest.warmia.mazury.pl\/de\/leitfaden-fuer-investoren\/ich-habe-bereits-einen-standort-ausgewaehlt\/fertigstellung-und-abnahme-der-investition\/","url":"https:\/\/invest.warmia.mazury.pl\/de\/leitfaden-fuer-investoren\/ich-habe-bereits-einen-standort-ausgewaehlt\/fertigstellung-und-abnahme-der-investition\/","name":"Fertigstellung und Abnahme der Investition - Invest Ermland Masuren","isPartOf":{"@id":"https:\/\/invest.warmia.mazury.pl\/de\/#website"},"datePublished":"2022-02-08T10:12:33+00:00","dateModified":"2022-03-15T14:23:54+00:00","breadcrumb":{"@id":"https:\/\/invest.warmia.mazury.pl\/de\/leitfaden-fuer-investoren\/ich-habe-bereits-einen-standort-ausgewaehlt\/fertigstellung-und-abnahme-der-investition\/#breadcrumb"},"inLanguage":"de","potentialAction":[{"@type":"ReadAction","target":["https:\/\/invest.warmia.mazury.pl\/de\/leitfaden-fuer-investoren\/ich-habe-bereits-einen-standort-ausgewaehlt\/fertigstellung-und-abnahme-der-investition\/"]}]},{"@type":"BreadcrumbList","@id":"https:\/\/invest.warmia.mazury.pl\/de\/leitfaden-fuer-investoren\/ich-habe-bereits-einen-standort-ausgewaehlt\/fertigstellung-und-abnahme-der-investition\/#breadcrumb","itemListElement":[{"@type":"ListItem","position":1,"name":"Strona g\u0142\u00f3wna","item":"https:\/\/invest.warmia.mazury.pl\/de\/"},{"@type":"ListItem","position":2,"name":"Leitfaden f\u00fcr Investoren","item":"https:\/\/invest.warmia.mazury.pl\/de\/leitfaden-fuer-investoren\/"},{"@type":"ListItem","position":3,"name":"Ich habe bereits einen Standort ausgew\u00e4hlt","item":"https:\/\/invest.warmia.mazury.pl\/de\/leitfaden-fuer-investoren\/ich-habe-bereits-einen-standort-ausgewaehlt\/"},{"@type":"ListItem","position":4,"name":"Fertigstellung und Abnahme der Investition"}]},{"@type":"WebSite","@id":"https:\/\/invest.warmia.mazury.pl\/de\/#website","url":"https:\/\/invest.warmia.mazury.pl\/de\/","name":"Invest Ermland Masuren","description":"","publisher":{"@id":"https:\/\/invest.warmia.mazury.pl\/de\/#organization"},"potentialAction":[{"@type":"SearchAction","target":{"@type":"EntryPoint","urlTemplate":"https:\/\/invest.warmia.mazury.pl\/de\/?s={search_term_string}"},"query-input":{"@type":"PropertyValueSpecification","valueRequired":true,"valueName":"search_term_string"}}],"inLanguage":"de"},{"@type":"Organization","@id":"https:\/\/invest.warmia.mazury.pl\/de\/#organization","name":"Invest Ermland Masuren","url":"https:\/\/invest.warmia.mazury.pl\/de\/","logo":{"@type":"ImageObject","inLanguage":"de","@id":"https:\/\/invest.warmia.mazury.pl\/de\/#\/schema\/logo\/image\/","url":"https:\/\/invest.warmia.mazury.pl\/de\/wp-content\/uploads\/sites\/4\/2021\/12\/logo-invest-in-color.svg","contentUrl":"https:\/\/invest.warmia.mazury.pl\/de\/wp-content\/uploads\/sites\/4\/2021\/12\/logo-invest-in-color.svg","caption":"Invest Ermland Masuren"},"image":{"@id":"https:\/\/invest.warmia.mazury.pl\/de\/#\/schema\/logo\/image\/"}}]}},"_links":{"self":[{"href":"https:\/\/invest.warmia.mazury.pl\/de\/wp-json\/wp\/v2\/pages\/2066","targetHints":{"allow":["GET"]}}],"collection":[{"href":"https:\/\/invest.warmia.mazury.pl\/de\/wp-json\/wp\/v2\/pages"}],"about":[{"href":"https:\/\/invest.warmia.mazury.pl\/de\/wp-json\/wp\/v2\/types\/page"}],"author":[{"embeddable":true,"href":"https:\/\/invest.warmia.mazury.pl\/de\/wp-json\/wp\/v2\/users\/1"}],"replies":[{"embeddable":true,"href":"https:\/\/invest.warmia.mazury.pl\/de\/wp-json\/wp\/v2\/comments?post=2066"}],"version-history":[{"count":2,"href":"https:\/\/invest.warmia.mazury.pl\/de\/wp-json\/wp\/v2\/pages\/2066\/revisions"}],"predecessor-version":[{"id":2099,"href":"https:\/\/invest.warmia.mazury.pl\/de\/wp-json\/wp\/v2\/pages\/2066\/revisions\/2099"}],"up":[{"embeddable":true,"href":"https:\/\/invest.warmia.mazury.pl\/de\/wp-json\/wp\/v2\/pages\/2042"}],"wp:attachment":[{"href":"https:\/\/invest.warmia.mazury.pl\/de\/wp-json\/wp\/v2\/media?parent=2066"}],"curies":[{"name":"wp","href":"https:\/\/api.w.org\/{rel}","templated":true}]}}