{"id":2063,"date":"2022-02-08T11:10:02","date_gmt":"2022-02-08T10:10:02","guid":{"rendered":"https:\/\/invest.warmia.mazury.pl\/?page_id=2063"},"modified":"2022-03-15T15:22:52","modified_gmt":"2022-03-15T14:22:52","slug":"planung-des-bauarbeitsbeginns-anmelden","status":"publish","type":"page","link":"https:\/\/invest.warmia.mazury.pl\/de\/leitfaden-fuer-investoren\/ich-habe-bereits-einen-standort-ausgewaehlt\/planung-des-bauarbeitsbeginns-anmelden\/","title":{"rendered":"Planung des Bauarbeitsbeginns anmelden"},"content":{"rendered":"\n<p>Nachdem Sie die Baugenehmigung erhalten haben, m\u00fcssen Sie die Bauaufsichtsbeh\u00f6rde \u00fcber das geplante Datum des Beginns der Bauarbeiten informieren. Das geplante Datum f\u00fcr den Beginn der Arbeiten sollte der f\u00fcr den Standort der Investition zust\u00e4ndigen Bauaufsichtsbeh\u00f6rde der Stadt oder des Landkreises mitgeteilt werden. Wenn die Baugenehmigung von der Woiwodschaftsbeh\u00f6rde erteilt wurde, sollte die Absicht, mit den Arbeiten zu beginnen, auch dort gemeldet werden.<\/p>\n\n\n\n<p>Mit dem Bau darf erst begonnen werden, wenn die Anmeldung eingereicht wurde. Sie werden keine Best\u00e4tigung vom B\u00fcro erhalten, dass die Meldung eingereicht wurde. Wenn in den Unterlagen M\u00e4ngel festgestellt werden, wird der Investor aufgefordert, diese zu beseitigen. Wenn das Amt keine M\u00e4ngel feststellt, k\u00f6nnen die Bauarbeiten innerhalb der in der Mitteilung genannten Frist beginnen.<\/p>\n","protected":false},"excerpt":{"rendered":"<p>Nachdem Sie die Baugenehmigung erhalten haben, m\u00fcssen Sie die Bauaufsichtsbeh\u00f6rde \u00fcber das geplante Datum des Beginns der Bauarbeiten informieren. Das geplante Datum f\u00fcr den Beginn der Arbeiten sollte der f\u00fcr [&hellip;]<\/p>\n","protected":false},"author":1,"featured_media":0,"parent":2042,"menu_order":5,"comment_status":"closed","ping_status":"closed","template":"template-page.php","meta":{"inline_featured_image":false,"footnotes":""},"class_list":["post-2063","page","type-page","status-publish","hentry"],"yoast_head":"<!-- This site is optimized with the Yoast SEO plugin v26.7 - https:\/\/yoast.com\/wordpress\/plugins\/seo\/ -->\n<title>Planung des Bauarbeitsbeginns anmelden - Invest Ermland Masuren<\/title>\n<meta name=\"robots\" content=\"index, follow, max-snippet:-1, max-image-preview:large, max-video-preview:-1\" \/>\n<link rel=\"canonical\" href=\"https:\/\/invest.warmia.mazury.pl\/de\/leitfaden-fuer-investoren\/ich-habe-bereits-einen-standort-ausgewaehlt\/planung-des-bauarbeitsbeginns-anmelden\/\" \/>\n<meta property=\"og:locale\" content=\"de_DE\" \/>\n<meta property=\"og:type\" content=\"article\" \/>\n<meta property=\"og:title\" content=\"Planung des Bauarbeitsbeginns anmelden - Invest Ermland Masuren\" \/>\n<meta property=\"og:description\" content=\"Nachdem Sie die Baugenehmigung erhalten haben, m\u00fcssen Sie die Bauaufsichtsbeh\u00f6rde \u00fcber das geplante Datum des Beginns der Bauarbeiten informieren. Das geplante Datum f\u00fcr den Beginn der Arbeiten sollte der f\u00fcr [&hellip;]\" \/>\n<meta property=\"og:url\" content=\"https:\/\/invest.warmia.mazury.pl\/de\/leitfaden-fuer-investoren\/ich-habe-bereits-einen-standort-ausgewaehlt\/planung-des-bauarbeitsbeginns-anmelden\/\" \/>\n<meta property=\"og:site_name\" content=\"Invest Ermland Masuren\" \/>\n<meta property=\"article:modified_time\" content=\"2022-03-15T14:22:52+00:00\" \/>\n<meta name=\"twitter:card\" content=\"summary_large_image\" \/>\n<meta name=\"twitter:label1\" content=\"Gesch\u00e4tzte Lesezeit\" \/>\n\t<meta name=\"twitter:data1\" content=\"1\u00a0Minute\" \/>\n<script type=\"application\/ld+json\" class=\"yoast-schema-graph\">{\"@context\":\"https:\/\/schema.org\",\"@graph\":[{\"@type\":\"WebPage\",\"@id\":\"https:\/\/invest.warmia.mazury.pl\/de\/leitfaden-fuer-investoren\/ich-habe-bereits-einen-standort-ausgewaehlt\/planung-des-bauarbeitsbeginns-anmelden\/\",\"url\":\"https:\/\/invest.warmia.mazury.pl\/de\/leitfaden-fuer-investoren\/ich-habe-bereits-einen-standort-ausgewaehlt\/planung-des-bauarbeitsbeginns-anmelden\/\",\"name\":\"Planung des Bauarbeitsbeginns anmelden - Invest Ermland Masuren\",\"isPartOf\":{\"@id\":\"https:\/\/invest.warmia.mazury.pl\/de\/#website\"},\"datePublished\":\"2022-02-08T10:10:02+00:00\",\"dateModified\":\"2022-03-15T14:22:52+00:00\",\"breadcrumb\":{\"@id\":\"https:\/\/invest.warmia.mazury.pl\/de\/leitfaden-fuer-investoren\/ich-habe-bereits-einen-standort-ausgewaehlt\/planung-des-bauarbeitsbeginns-anmelden\/#breadcrumb\"},\"inLanguage\":\"de\",\"potentialAction\":[{\"@type\":\"ReadAction\",\"target\":[\"https:\/\/invest.warmia.mazury.pl\/de\/leitfaden-fuer-investoren\/ich-habe-bereits-einen-standort-ausgewaehlt\/planung-des-bauarbeitsbeginns-anmelden\/\"]}]},{\"@type\":\"BreadcrumbList\",\"@id\":\"https:\/\/invest.warmia.mazury.pl\/de\/leitfaden-fuer-investoren\/ich-habe-bereits-einen-standort-ausgewaehlt\/planung-des-bauarbeitsbeginns-anmelden\/#breadcrumb\",\"itemListElement\":[{\"@type\":\"ListItem\",\"position\":1,\"name\":\"Strona g\u0142\u00f3wna\",\"item\":\"https:\/\/invest.warmia.mazury.pl\/de\/\"},{\"@type\":\"ListItem\",\"position\":2,\"name\":\"Leitfaden f\u00fcr Investoren\",\"item\":\"https:\/\/invest.warmia.mazury.pl\/de\/leitfaden-fuer-investoren\/\"},{\"@type\":\"ListItem\",\"position\":3,\"name\":\"Ich habe bereits einen Standort ausgew\u00e4hlt\",\"item\":\"https:\/\/invest.warmia.mazury.pl\/de\/leitfaden-fuer-investoren\/ich-habe-bereits-einen-standort-ausgewaehlt\/\"},{\"@type\":\"ListItem\",\"position\":4,\"name\":\"Planung des Bauarbeitsbeginns anmelden\"}]},{\"@type\":\"WebSite\",\"@id\":\"https:\/\/invest.warmia.mazury.pl\/de\/#website\",\"url\":\"https:\/\/invest.warmia.mazury.pl\/de\/\",\"name\":\"Invest Ermland Masuren\",\"description\":\"\",\"publisher\":{\"@id\":\"https:\/\/invest.warmia.mazury.pl\/de\/#organization\"},\"potentialAction\":[{\"@type\":\"SearchAction\",\"target\":{\"@type\":\"EntryPoint\",\"urlTemplate\":\"https:\/\/invest.warmia.mazury.pl\/de\/?s={search_term_string}\"},\"query-input\":{\"@type\":\"PropertyValueSpecification\",\"valueRequired\":true,\"valueName\":\"search_term_string\"}}],\"inLanguage\":\"de\"},{\"@type\":\"Organization\",\"@id\":\"https:\/\/invest.warmia.mazury.pl\/de\/#organization\",\"name\":\"Invest Ermland Masuren\",\"url\":\"https:\/\/invest.warmia.mazury.pl\/de\/\",\"logo\":{\"@type\":\"ImageObject\",\"inLanguage\":\"de\",\"@id\":\"https:\/\/invest.warmia.mazury.pl\/de\/#\/schema\/logo\/image\/\",\"url\":\"https:\/\/invest.warmia.mazury.pl\/de\/wp-content\/uploads\/sites\/4\/2021\/12\/logo-invest-in-color.svg\",\"contentUrl\":\"https:\/\/invest.warmia.mazury.pl\/de\/wp-content\/uploads\/sites\/4\/2021\/12\/logo-invest-in-color.svg\",\"caption\":\"Invest Ermland Masuren\"},\"image\":{\"@id\":\"https:\/\/invest.warmia.mazury.pl\/de\/#\/schema\/logo\/image\/\"}}]}<\/script>\n<!-- \/ Yoast SEO plugin. -->","yoast_head_json":{"title":"Planung des Bauarbeitsbeginns anmelden - Invest Ermland Masuren","robots":{"index":"index","follow":"follow","max-snippet":"max-snippet:-1","max-image-preview":"max-image-preview:large","max-video-preview":"max-video-preview:-1"},"canonical":"https:\/\/invest.warmia.mazury.pl\/de\/leitfaden-fuer-investoren\/ich-habe-bereits-einen-standort-ausgewaehlt\/planung-des-bauarbeitsbeginns-anmelden\/","og_locale":"de_DE","og_type":"article","og_title":"Planung des Bauarbeitsbeginns anmelden - Invest Ermland Masuren","og_description":"Nachdem Sie die Baugenehmigung erhalten haben, m\u00fcssen Sie die Bauaufsichtsbeh\u00f6rde \u00fcber das geplante Datum des Beginns der Bauarbeiten informieren. Das geplante Datum f\u00fcr den Beginn der Arbeiten sollte der f\u00fcr [&hellip;]","og_url":"https:\/\/invest.warmia.mazury.pl\/de\/leitfaden-fuer-investoren\/ich-habe-bereits-einen-standort-ausgewaehlt\/planung-des-bauarbeitsbeginns-anmelden\/","og_site_name":"Invest Ermland Masuren","article_modified_time":"2022-03-15T14:22:52+00:00","twitter_card":"summary_large_image","twitter_misc":{"Gesch\u00e4tzte Lesezeit":"1\u00a0Minute"},"schema":{"@context":"https:\/\/schema.org","@graph":[{"@type":"WebPage","@id":"https:\/\/invest.warmia.mazury.pl\/de\/leitfaden-fuer-investoren\/ich-habe-bereits-einen-standort-ausgewaehlt\/planung-des-bauarbeitsbeginns-anmelden\/","url":"https:\/\/invest.warmia.mazury.pl\/de\/leitfaden-fuer-investoren\/ich-habe-bereits-einen-standort-ausgewaehlt\/planung-des-bauarbeitsbeginns-anmelden\/","name":"Planung des Bauarbeitsbeginns anmelden - Invest Ermland Masuren","isPartOf":{"@id":"https:\/\/invest.warmia.mazury.pl\/de\/#website"},"datePublished":"2022-02-08T10:10:02+00:00","dateModified":"2022-03-15T14:22:52+00:00","breadcrumb":{"@id":"https:\/\/invest.warmia.mazury.pl\/de\/leitfaden-fuer-investoren\/ich-habe-bereits-einen-standort-ausgewaehlt\/planung-des-bauarbeitsbeginns-anmelden\/#breadcrumb"},"inLanguage":"de","potentialAction":[{"@type":"ReadAction","target":["https:\/\/invest.warmia.mazury.pl\/de\/leitfaden-fuer-investoren\/ich-habe-bereits-einen-standort-ausgewaehlt\/planung-des-bauarbeitsbeginns-anmelden\/"]}]},{"@type":"BreadcrumbList","@id":"https:\/\/invest.warmia.mazury.pl\/de\/leitfaden-fuer-investoren\/ich-habe-bereits-einen-standort-ausgewaehlt\/planung-des-bauarbeitsbeginns-anmelden\/#breadcrumb","itemListElement":[{"@type":"ListItem","position":1,"name":"Strona g\u0142\u00f3wna","item":"https:\/\/invest.warmia.mazury.pl\/de\/"},{"@type":"ListItem","position":2,"name":"Leitfaden f\u00fcr Investoren","item":"https:\/\/invest.warmia.mazury.pl\/de\/leitfaden-fuer-investoren\/"},{"@type":"ListItem","position":3,"name":"Ich habe bereits einen Standort ausgew\u00e4hlt","item":"https:\/\/invest.warmia.mazury.pl\/de\/leitfaden-fuer-investoren\/ich-habe-bereits-einen-standort-ausgewaehlt\/"},{"@type":"ListItem","position":4,"name":"Planung des Bauarbeitsbeginns anmelden"}]},{"@type":"WebSite","@id":"https:\/\/invest.warmia.mazury.pl\/de\/#website","url":"https:\/\/invest.warmia.mazury.pl\/de\/","name":"Invest Ermland Masuren","description":"","publisher":{"@id":"https:\/\/invest.warmia.mazury.pl\/de\/#organization"},"potentialAction":[{"@type":"SearchAction","target":{"@type":"EntryPoint","urlTemplate":"https:\/\/invest.warmia.mazury.pl\/de\/?s={search_term_string}"},"query-input":{"@type":"PropertyValueSpecification","valueRequired":true,"valueName":"search_term_string"}}],"inLanguage":"de"},{"@type":"Organization","@id":"https:\/\/invest.warmia.mazury.pl\/de\/#organization","name":"Invest Ermland Masuren","url":"https:\/\/invest.warmia.mazury.pl\/de\/","logo":{"@type":"ImageObject","inLanguage":"de","@id":"https:\/\/invest.warmia.mazury.pl\/de\/#\/schema\/logo\/image\/","url":"https:\/\/invest.warmia.mazury.pl\/de\/wp-content\/uploads\/sites\/4\/2021\/12\/logo-invest-in-color.svg","contentUrl":"https:\/\/invest.warmia.mazury.pl\/de\/wp-content\/uploads\/sites\/4\/2021\/12\/logo-invest-in-color.svg","caption":"Invest Ermland Masuren"},"image":{"@id":"https:\/\/invest.warmia.mazury.pl\/de\/#\/schema\/logo\/image\/"}}]}},"_links":{"self":[{"href":"https:\/\/invest.warmia.mazury.pl\/de\/wp-json\/wp\/v2\/pages\/2063","targetHints":{"allow":["GET"]}}],"collection":[{"href":"https:\/\/invest.warmia.mazury.pl\/de\/wp-json\/wp\/v2\/pages"}],"about":[{"href":"https:\/\/invest.warmia.mazury.pl\/de\/wp-json\/wp\/v2\/types\/page"}],"author":[{"embeddable":true,"href":"https:\/\/invest.warmia.mazury.pl\/de\/wp-json\/wp\/v2\/users\/1"}],"replies":[{"embeddable":true,"href":"https:\/\/invest.warmia.mazury.pl\/de\/wp-json\/wp\/v2\/comments?post=2063"}],"version-history":[{"count":2,"href":"https:\/\/invest.warmia.mazury.pl\/de\/wp-json\/wp\/v2\/pages\/2063\/revisions"}],"predecessor-version":[{"id":2098,"href":"https:\/\/invest.warmia.mazury.pl\/de\/wp-json\/wp\/v2\/pages\/2063\/revisions\/2098"}],"up":[{"embeddable":true,"href":"https:\/\/invest.warmia.mazury.pl\/de\/wp-json\/wp\/v2\/pages\/2042"}],"wp:attachment":[{"href":"https:\/\/invest.warmia.mazury.pl\/de\/wp-json\/wp\/v2\/media?parent=2063"}],"curies":[{"name":"wp","href":"https:\/\/api.w.org\/{rel}","templated":true}]}}