{"id":2059,"date":"2022-02-08T11:07:03","date_gmt":"2022-02-08T10:07:03","guid":{"rendered":"https:\/\/invest.warmia.mazury.pl\/?page_id=2059"},"modified":"2022-03-15T15:21:22","modified_gmt":"2022-03-15T14:21:22","slug":"recht-zur-verfugung-uber-das-grundstuck-erlangen","status":"publish","type":"page","link":"https:\/\/invest.warmia.mazury.pl\/de\/leitfaden-fuer-investoren\/ich-habe-bereits-einen-standort-ausgewaehlt\/recht-zur-verfugung-uber-das-grundstuck-erlangen\/","title":{"rendered":"Recht zur Verf\u00fcgung \u00fcber das Grundst\u00fcck erlangen"},"content":{"rendered":"\n<p>Der n\u00e4chste Schritt im Investitionsprozess besteht darin, dass der Investor den Rechtstitel an der Immobilie erwirbt.<\/p>\n\n\n\n<p>Investitionsfl\u00e4chen, die sich im Besitz einer Kommune befinden, werden auf die folgende Weise verkauft:<\/p>\n\n\n\n<ul class=\"wp-block-list\"><li>offene m\u00fcndliche Ausschreibung,<\/li><li>beschr\u00e4nkte m\u00fcndliche Ausschreibung,<\/li><li>beschr\u00e4nkte schriftliches Ausschreibung,<\/li><li>offene schriftliche Ausschreibung.<\/li><\/ul>\n\n\n\n<p>Informationen \u00fcber organisierte Ausschreibungen finden Sie auf der Website der jeweiligen Gemeinde\/Stadt, im \u00d6ffentlichen Informationsblatt (poln. BIP) und an den Infotafeln am Sitz der Gemeinde\/Stadt. Wenn es sich bei dem Eigent\u00fcmer des Grundst\u00fccks um eine nat\u00fcrliche Person handelt, bieten die Mitarbeiter des COIE ihre Hilfe bei der Kontaktaufnahme mit dem Eigent\u00fcmer des betreffenden Grundst\u00fccks an. Der Verkauf des Grundst\u00fccks erfolgt durch Unterzeichnung eines Kaufvertrags zwischen dem Grundst\u00fcckseigent\u00fcmer und dem Investor.<\/p>\n","protected":false},"excerpt":{"rendered":"<p>Der n\u00e4chste Schritt im Investitionsprozess besteht darin, dass der Investor den Rechtstitel an der Immobilie erwirbt. Investitionsfl\u00e4chen, die sich im Besitz einer Kommune befinden, werden auf die folgende Weise verkauft: [&hellip;]<\/p>\n","protected":false},"author":1,"featured_media":0,"parent":2042,"menu_order":3,"comment_status":"closed","ping_status":"closed","template":"template-page.php","meta":{"inline_featured_image":false,"footnotes":""},"class_list":["post-2059","page","type-page","status-publish","hentry"],"yoast_head":"<!-- This site is optimized with the Yoast SEO plugin v26.7 - https:\/\/yoast.com\/wordpress\/plugins\/seo\/ -->\n<title>Recht zur Verf\u00fcgung \u00fcber das Grundst\u00fcck erlangen - Invest Ermland Masuren<\/title>\n<meta name=\"robots\" content=\"index, follow, max-snippet:-1, max-image-preview:large, max-video-preview:-1\" \/>\n<link rel=\"canonical\" href=\"https:\/\/invest.warmia.mazury.pl\/de\/leitfaden-fuer-investoren\/ich-habe-bereits-einen-standort-ausgewaehlt\/recht-zur-verfugung-uber-das-grundstuck-erlangen\/\" \/>\n<meta property=\"og:locale\" content=\"de_DE\" \/>\n<meta property=\"og:type\" content=\"article\" \/>\n<meta property=\"og:title\" content=\"Recht zur Verf\u00fcgung \u00fcber das Grundst\u00fcck erlangen - Invest Ermland Masuren\" \/>\n<meta property=\"og:description\" content=\"Der n\u00e4chste Schritt im Investitionsprozess besteht darin, dass der Investor den Rechtstitel an der Immobilie erwirbt. Investitionsfl\u00e4chen, die sich im Besitz einer Kommune befinden, werden auf die folgende Weise verkauft: [&hellip;]\" \/>\n<meta property=\"og:url\" content=\"https:\/\/invest.warmia.mazury.pl\/de\/leitfaden-fuer-investoren\/ich-habe-bereits-einen-standort-ausgewaehlt\/recht-zur-verfugung-uber-das-grundstuck-erlangen\/\" \/>\n<meta property=\"og:site_name\" content=\"Invest Ermland Masuren\" \/>\n<meta property=\"article:modified_time\" content=\"2022-03-15T14:21:22+00:00\" \/>\n<meta name=\"twitter:card\" content=\"summary_large_image\" \/>\n<meta name=\"twitter:label1\" content=\"Gesch\u00e4tzte Lesezeit\" \/>\n\t<meta name=\"twitter:data1\" content=\"1\u00a0Minute\" \/>\n<script type=\"application\/ld+json\" class=\"yoast-schema-graph\">{\"@context\":\"https:\/\/schema.org\",\"@graph\":[{\"@type\":\"WebPage\",\"@id\":\"https:\/\/invest.warmia.mazury.pl\/de\/leitfaden-fuer-investoren\/ich-habe-bereits-einen-standort-ausgewaehlt\/recht-zur-verfugung-uber-das-grundstuck-erlangen\/\",\"url\":\"https:\/\/invest.warmia.mazury.pl\/de\/leitfaden-fuer-investoren\/ich-habe-bereits-einen-standort-ausgewaehlt\/recht-zur-verfugung-uber-das-grundstuck-erlangen\/\",\"name\":\"Recht zur Verf\u00fcgung \u00fcber das Grundst\u00fcck erlangen - Invest Ermland Masuren\",\"isPartOf\":{\"@id\":\"https:\/\/invest.warmia.mazury.pl\/de\/#website\"},\"datePublished\":\"2022-02-08T10:07:03+00:00\",\"dateModified\":\"2022-03-15T14:21:22+00:00\",\"breadcrumb\":{\"@id\":\"https:\/\/invest.warmia.mazury.pl\/de\/leitfaden-fuer-investoren\/ich-habe-bereits-einen-standort-ausgewaehlt\/recht-zur-verfugung-uber-das-grundstuck-erlangen\/#breadcrumb\"},\"inLanguage\":\"de\",\"potentialAction\":[{\"@type\":\"ReadAction\",\"target\":[\"https:\/\/invest.warmia.mazury.pl\/de\/leitfaden-fuer-investoren\/ich-habe-bereits-einen-standort-ausgewaehlt\/recht-zur-verfugung-uber-das-grundstuck-erlangen\/\"]}]},{\"@type\":\"BreadcrumbList\",\"@id\":\"https:\/\/invest.warmia.mazury.pl\/de\/leitfaden-fuer-investoren\/ich-habe-bereits-einen-standort-ausgewaehlt\/recht-zur-verfugung-uber-das-grundstuck-erlangen\/#breadcrumb\",\"itemListElement\":[{\"@type\":\"ListItem\",\"position\":1,\"name\":\"Strona g\u0142\u00f3wna\",\"item\":\"https:\/\/invest.warmia.mazury.pl\/de\/\"},{\"@type\":\"ListItem\",\"position\":2,\"name\":\"Leitfaden f\u00fcr Investoren\",\"item\":\"https:\/\/invest.warmia.mazury.pl\/de\/leitfaden-fuer-investoren\/\"},{\"@type\":\"ListItem\",\"position\":3,\"name\":\"Ich habe bereits einen Standort ausgew\u00e4hlt\",\"item\":\"https:\/\/invest.warmia.mazury.pl\/de\/leitfaden-fuer-investoren\/ich-habe-bereits-einen-standort-ausgewaehlt\/\"},{\"@type\":\"ListItem\",\"position\":4,\"name\":\"Recht zur Verf\u00fcgung \u00fcber das Grundst\u00fcck erlangen\"}]},{\"@type\":\"WebSite\",\"@id\":\"https:\/\/invest.warmia.mazury.pl\/de\/#website\",\"url\":\"https:\/\/invest.warmia.mazury.pl\/de\/\",\"name\":\"Invest Ermland Masuren\",\"description\":\"\",\"publisher\":{\"@id\":\"https:\/\/invest.warmia.mazury.pl\/de\/#organization\"},\"potentialAction\":[{\"@type\":\"SearchAction\",\"target\":{\"@type\":\"EntryPoint\",\"urlTemplate\":\"https:\/\/invest.warmia.mazury.pl\/de\/?s={search_term_string}\"},\"query-input\":{\"@type\":\"PropertyValueSpecification\",\"valueRequired\":true,\"valueName\":\"search_term_string\"}}],\"inLanguage\":\"de\"},{\"@type\":\"Organization\",\"@id\":\"https:\/\/invest.warmia.mazury.pl\/de\/#organization\",\"name\":\"Invest Ermland Masuren\",\"url\":\"https:\/\/invest.warmia.mazury.pl\/de\/\",\"logo\":{\"@type\":\"ImageObject\",\"inLanguage\":\"de\",\"@id\":\"https:\/\/invest.warmia.mazury.pl\/de\/#\/schema\/logo\/image\/\",\"url\":\"https:\/\/invest.warmia.mazury.pl\/de\/wp-content\/uploads\/sites\/4\/2021\/12\/logo-invest-in-color.svg\",\"contentUrl\":\"https:\/\/invest.warmia.mazury.pl\/de\/wp-content\/uploads\/sites\/4\/2021\/12\/logo-invest-in-color.svg\",\"caption\":\"Invest Ermland Masuren\"},\"image\":{\"@id\":\"https:\/\/invest.warmia.mazury.pl\/de\/#\/schema\/logo\/image\/\"}}]}<\/script>\n<!-- \/ Yoast SEO plugin. -->","yoast_head_json":{"title":"Recht zur Verf\u00fcgung \u00fcber das Grundst\u00fcck erlangen - Invest Ermland Masuren","robots":{"index":"index","follow":"follow","max-snippet":"max-snippet:-1","max-image-preview":"max-image-preview:large","max-video-preview":"max-video-preview:-1"},"canonical":"https:\/\/invest.warmia.mazury.pl\/de\/leitfaden-fuer-investoren\/ich-habe-bereits-einen-standort-ausgewaehlt\/recht-zur-verfugung-uber-das-grundstuck-erlangen\/","og_locale":"de_DE","og_type":"article","og_title":"Recht zur Verf\u00fcgung \u00fcber das Grundst\u00fcck erlangen - Invest Ermland Masuren","og_description":"Der n\u00e4chste Schritt im Investitionsprozess besteht darin, dass der Investor den Rechtstitel an der Immobilie erwirbt. Investitionsfl\u00e4chen, die sich im Besitz einer Kommune befinden, werden auf die folgende Weise verkauft: [&hellip;]","og_url":"https:\/\/invest.warmia.mazury.pl\/de\/leitfaden-fuer-investoren\/ich-habe-bereits-einen-standort-ausgewaehlt\/recht-zur-verfugung-uber-das-grundstuck-erlangen\/","og_site_name":"Invest Ermland Masuren","article_modified_time":"2022-03-15T14:21:22+00:00","twitter_card":"summary_large_image","twitter_misc":{"Gesch\u00e4tzte Lesezeit":"1\u00a0Minute"},"schema":{"@context":"https:\/\/schema.org","@graph":[{"@type":"WebPage","@id":"https:\/\/invest.warmia.mazury.pl\/de\/leitfaden-fuer-investoren\/ich-habe-bereits-einen-standort-ausgewaehlt\/recht-zur-verfugung-uber-das-grundstuck-erlangen\/","url":"https:\/\/invest.warmia.mazury.pl\/de\/leitfaden-fuer-investoren\/ich-habe-bereits-einen-standort-ausgewaehlt\/recht-zur-verfugung-uber-das-grundstuck-erlangen\/","name":"Recht zur Verf\u00fcgung \u00fcber das Grundst\u00fcck erlangen - Invest Ermland Masuren","isPartOf":{"@id":"https:\/\/invest.warmia.mazury.pl\/de\/#website"},"datePublished":"2022-02-08T10:07:03+00:00","dateModified":"2022-03-15T14:21:22+00:00","breadcrumb":{"@id":"https:\/\/invest.warmia.mazury.pl\/de\/leitfaden-fuer-investoren\/ich-habe-bereits-einen-standort-ausgewaehlt\/recht-zur-verfugung-uber-das-grundstuck-erlangen\/#breadcrumb"},"inLanguage":"de","potentialAction":[{"@type":"ReadAction","target":["https:\/\/invest.warmia.mazury.pl\/de\/leitfaden-fuer-investoren\/ich-habe-bereits-einen-standort-ausgewaehlt\/recht-zur-verfugung-uber-das-grundstuck-erlangen\/"]}]},{"@type":"BreadcrumbList","@id":"https:\/\/invest.warmia.mazury.pl\/de\/leitfaden-fuer-investoren\/ich-habe-bereits-einen-standort-ausgewaehlt\/recht-zur-verfugung-uber-das-grundstuck-erlangen\/#breadcrumb","itemListElement":[{"@type":"ListItem","position":1,"name":"Strona g\u0142\u00f3wna","item":"https:\/\/invest.warmia.mazury.pl\/de\/"},{"@type":"ListItem","position":2,"name":"Leitfaden f\u00fcr Investoren","item":"https:\/\/invest.warmia.mazury.pl\/de\/leitfaden-fuer-investoren\/"},{"@type":"ListItem","position":3,"name":"Ich habe bereits einen Standort ausgew\u00e4hlt","item":"https:\/\/invest.warmia.mazury.pl\/de\/leitfaden-fuer-investoren\/ich-habe-bereits-einen-standort-ausgewaehlt\/"},{"@type":"ListItem","position":4,"name":"Recht zur Verf\u00fcgung \u00fcber das Grundst\u00fcck erlangen"}]},{"@type":"WebSite","@id":"https:\/\/invest.warmia.mazury.pl\/de\/#website","url":"https:\/\/invest.warmia.mazury.pl\/de\/","name":"Invest Ermland Masuren","description":"","publisher":{"@id":"https:\/\/invest.warmia.mazury.pl\/de\/#organization"},"potentialAction":[{"@type":"SearchAction","target":{"@type":"EntryPoint","urlTemplate":"https:\/\/invest.warmia.mazury.pl\/de\/?s={search_term_string}"},"query-input":{"@type":"PropertyValueSpecification","valueRequired":true,"valueName":"search_term_string"}}],"inLanguage":"de"},{"@type":"Organization","@id":"https:\/\/invest.warmia.mazury.pl\/de\/#organization","name":"Invest Ermland Masuren","url":"https:\/\/invest.warmia.mazury.pl\/de\/","logo":{"@type":"ImageObject","inLanguage":"de","@id":"https:\/\/invest.warmia.mazury.pl\/de\/#\/schema\/logo\/image\/","url":"https:\/\/invest.warmia.mazury.pl\/de\/wp-content\/uploads\/sites\/4\/2021\/12\/logo-invest-in-color.svg","contentUrl":"https:\/\/invest.warmia.mazury.pl\/de\/wp-content\/uploads\/sites\/4\/2021\/12\/logo-invest-in-color.svg","caption":"Invest Ermland Masuren"},"image":{"@id":"https:\/\/invest.warmia.mazury.pl\/de\/#\/schema\/logo\/image\/"}}]}},"_links":{"self":[{"href":"https:\/\/invest.warmia.mazury.pl\/de\/wp-json\/wp\/v2\/pages\/2059","targetHints":{"allow":["GET"]}}],"collection":[{"href":"https:\/\/invest.warmia.mazury.pl\/de\/wp-json\/wp\/v2\/pages"}],"about":[{"href":"https:\/\/invest.warmia.mazury.pl\/de\/wp-json\/wp\/v2\/types\/page"}],"author":[{"embeddable":true,"href":"https:\/\/invest.warmia.mazury.pl\/de\/wp-json\/wp\/v2\/users\/1"}],"replies":[{"embeddable":true,"href":"https:\/\/invest.warmia.mazury.pl\/de\/wp-json\/wp\/v2\/comments?post=2059"}],"version-history":[{"count":2,"href":"https:\/\/invest.warmia.mazury.pl\/de\/wp-json\/wp\/v2\/pages\/2059\/revisions"}],"predecessor-version":[{"id":2096,"href":"https:\/\/invest.warmia.mazury.pl\/de\/wp-json\/wp\/v2\/pages\/2059\/revisions\/2096"}],"up":[{"embeddable":true,"href":"https:\/\/invest.warmia.mazury.pl\/de\/wp-json\/wp\/v2\/pages\/2042"}],"wp:attachment":[{"href":"https:\/\/invest.warmia.mazury.pl\/de\/wp-json\/wp\/v2\/media?parent=2059"}],"curies":[{"name":"wp","href":"https:\/\/api.w.org\/{rel}","templated":true}]}}