{"id":2056,"date":"2022-02-08T11:06:14","date_gmt":"2022-02-08T10:06:14","guid":{"rendered":"https:\/\/invest.warmia.mazury.pl\/?page_id=2056"},"modified":"2022-03-15T15:20:32","modified_gmt":"2022-03-15T14:20:32","slug":"prufen-sie-ob-es-einen-ortlichen-flachennutzungsplan-gibt","status":"publish","type":"page","link":"https:\/\/invest.warmia.mazury.pl\/de\/leitfaden-fuer-investoren\/ich-habe-bereits-einen-standort-ausgewaehlt\/prufen-sie-ob-es-einen-ortlichen-flachennutzungsplan-gibt\/","title":{"rendered":"Pr\u00fcfen Sie, ob es einen \u00f6rtlichen Fl\u00e4chennutzungsplan gibt"},"content":{"rendered":"\n<p>Ein \u00f6rtlicher Fl\u00e4chennutzungsplan ist ein Akt des lokalen Rechts und enth\u00e4lt allgemein verbindliche Bestimmungen \u00fcber die Art und Weise der Entwicklung eines Grundst\u00fccks, einschlie\u00dflich der Art und Weise seiner wirtschaftlichen Nutzung, d.h. er legt fest, welche Gebiete innerhalb der Gemeinde f\u00fcr Industrie-, Dienstleistungs- oder Handelsaktivit\u00e4ten und welche Gebiete z.B. f\u00fcr Wohnbebauung ausgewiesen werden sollen.<\/p>\n\n\n\n<p>Die Art und Weise der Entwicklung des Investitionsgebiets muss mit den Bestimmungen des \u00f6rtlichen Fl\u00e4chennutzungsplans \u00fcbereinstimmen. Wenn das ausgew\u00e4hlte Grundst\u00fcck nicht im Plan enthalten ist, sollte der Investor eine Entscheidung \u00fcber die Bebauungsbedingungen beantragen. In diesem Dokument werden die Parameter des Geb\u00e4udes festgelegt, das auf dem gegebenen Grundst\u00fcck errichtet werden kann. Die Erschlie\u00dfungsbedingungen k\u00f6nnen bereits, wenn man an dem Investitionsgrundst\u00fcck nur interessiert ist, beantragt werden. Die Entscheidung ist eine Art Zusage, dank derer der Investor verbindliche Informationen dar\u00fcber erh\u00e4lt, welche Art von Investition auf dem ausgew\u00e4hlten Grundst\u00fcck get\u00e4tigt werden kann und wie die st\u00e4dtebaulichen und architektonischen Parameter aussehen werden.<\/p>\n\n\n\n<p>Eine rechtliche Alternative zum \u00f6rtlichen Fl\u00e4chennutzungsplan ist eine Studie \u00fcber die Bedingungen und Richtungen der Entwicklung, die den Auftakt zur Erstellung eines lokalen Plans bildet und Einblick in die Vision und die Pl\u00e4ne der Raumpolitik der Gemeinde gibt. Verwaltungsentscheidungen d\u00fcrfen nicht auf der Grundlage der Studie getroffen werden.<\/p>\n\n\n\n<p>Die Art und Weise der Entwicklung des Investitionsgebiets muss mit den Bestimmungen des \u00f6rtlichen Fl\u00e4chennutzungsplans \u00fcbereinstimmen. Wenn das ausgew\u00e4hlte Grundst\u00fcck nicht im Plan enthalten ist, sollte der Investor eine Entscheidung \u00fcber die Bebauungsbedingungen beantragen. In diesem Dokument werden die Parameter des Geb\u00e4udes festgelegt, das auf dem gegebenen Grundst\u00fcck errichtet werden kann. Die Erschlie\u00dfungsbedingungen k\u00f6nnen bereits, wenn Sie an dem Investitionsgrundst\u00fcck lediglich interessiert sind, beantragt werden. Die Entscheidung ist eine Art Zusage, dank derer der Investor verbindliche Informationen dar\u00fcber erh\u00e4lt, welche Art von Investition auf dem ausgew\u00e4hlten Grundst\u00fcck get\u00e4tigt werden kann und wie die st\u00e4dtebaulichen und architektonischen Parameter aussehen werden. Die Entscheidung \u00fcber die Baugenehmigung wird vom B\u00fcrgermeister der Gemeinde getroffen. Wenden Sie sich dazu an die zust\u00e4ndige Abteilung des Gemeindeamtes. Meistens handelt es sich, je nach Organisation des Amtes, um die Abteilung f\u00fcr Stadtplanung, Geod\u00e4sie oder Raumplanung. Wenn das vom Investor gew\u00e4hlte Investitionsgebiet im \u00f6rtlichen Fl\u00e4chennutzungsplan f\u00fcr andere Zwecke als die geplante T\u00e4tigkeit des Investors vorgesehen ist, ist es m\u00f6glich, eine \u00c4nderung des \u00f6rtlichen Fl\u00e4chennutzungsplans zu beantragen. Eine solche Entscheidung wird vom Stadt- oder Gemeinderat getroffen, aber das ist in der Regel ein sehr langer und komplizierter Prozess.<\/p>\n","protected":false},"excerpt":{"rendered":"<p>Ein \u00f6rtlicher Fl\u00e4chennutzungsplan ist ein Akt des lokalen Rechts und enth\u00e4lt allgemein verbindliche Bestimmungen \u00fcber die Art und Weise der Entwicklung eines Grundst\u00fccks, einschlie\u00dflich der Art und Weise seiner wirtschaftlichen [&hellip;]<\/p>\n","protected":false},"author":1,"featured_media":0,"parent":2042,"menu_order":2,"comment_status":"closed","ping_status":"closed","template":"template-page.php","meta":{"inline_featured_image":false,"footnotes":""},"class_list":["post-2056","page","type-page","status-publish","hentry"],"yoast_head":"<!-- This site is optimized with the Yoast SEO plugin v26.7 - https:\/\/yoast.com\/wordpress\/plugins\/seo\/ -->\n<title>Pr\u00fcfen Sie, ob es einen \u00f6rtlichen Fl\u00e4chennutzungsplan gibt - Invest Ermland Masuren<\/title>\n<meta name=\"robots\" content=\"index, follow, max-snippet:-1, max-image-preview:large, max-video-preview:-1\" \/>\n<link rel=\"canonical\" href=\"https:\/\/invest.warmia.mazury.pl\/de\/leitfaden-fuer-investoren\/ich-habe-bereits-einen-standort-ausgewaehlt\/prufen-sie-ob-es-einen-ortlichen-flachennutzungsplan-gibt\/\" \/>\n<meta property=\"og:locale\" content=\"de_DE\" \/>\n<meta property=\"og:type\" content=\"article\" \/>\n<meta property=\"og:title\" content=\"Pr\u00fcfen Sie, ob es einen \u00f6rtlichen Fl\u00e4chennutzungsplan gibt - Invest Ermland Masuren\" \/>\n<meta property=\"og:description\" content=\"Ein \u00f6rtlicher Fl\u00e4chennutzungsplan ist ein Akt des lokalen Rechts und enth\u00e4lt allgemein verbindliche Bestimmungen \u00fcber die Art und Weise der Entwicklung eines Grundst\u00fccks, einschlie\u00dflich der Art und Weise seiner wirtschaftlichen [&hellip;]\" \/>\n<meta property=\"og:url\" content=\"https:\/\/invest.warmia.mazury.pl\/de\/leitfaden-fuer-investoren\/ich-habe-bereits-einen-standort-ausgewaehlt\/prufen-sie-ob-es-einen-ortlichen-flachennutzungsplan-gibt\/\" \/>\n<meta property=\"og:site_name\" content=\"Invest Ermland Masuren\" \/>\n<meta property=\"article:modified_time\" content=\"2022-03-15T14:20:32+00:00\" \/>\n<meta name=\"twitter:card\" content=\"summary_large_image\" \/>\n<meta name=\"twitter:label1\" content=\"Gesch\u00e4tzte Lesezeit\" \/>\n\t<meta name=\"twitter:data1\" content=\"2\u00a0Minuten\" \/>\n<script type=\"application\/ld+json\" class=\"yoast-schema-graph\">{\"@context\":\"https:\/\/schema.org\",\"@graph\":[{\"@type\":\"WebPage\",\"@id\":\"https:\/\/invest.warmia.mazury.pl\/de\/leitfaden-fuer-investoren\/ich-habe-bereits-einen-standort-ausgewaehlt\/prufen-sie-ob-es-einen-ortlichen-flachennutzungsplan-gibt\/\",\"url\":\"https:\/\/invest.warmia.mazury.pl\/de\/leitfaden-fuer-investoren\/ich-habe-bereits-einen-standort-ausgewaehlt\/prufen-sie-ob-es-einen-ortlichen-flachennutzungsplan-gibt\/\",\"name\":\"Pr\u00fcfen Sie, ob es einen \u00f6rtlichen Fl\u00e4chennutzungsplan gibt - Invest Ermland Masuren\",\"isPartOf\":{\"@id\":\"https:\/\/invest.warmia.mazury.pl\/de\/#website\"},\"datePublished\":\"2022-02-08T10:06:14+00:00\",\"dateModified\":\"2022-03-15T14:20:32+00:00\",\"breadcrumb\":{\"@id\":\"https:\/\/invest.warmia.mazury.pl\/de\/leitfaden-fuer-investoren\/ich-habe-bereits-einen-standort-ausgewaehlt\/prufen-sie-ob-es-einen-ortlichen-flachennutzungsplan-gibt\/#breadcrumb\"},\"inLanguage\":\"de\",\"potentialAction\":[{\"@type\":\"ReadAction\",\"target\":[\"https:\/\/invest.warmia.mazury.pl\/de\/leitfaden-fuer-investoren\/ich-habe-bereits-einen-standort-ausgewaehlt\/prufen-sie-ob-es-einen-ortlichen-flachennutzungsplan-gibt\/\"]}]},{\"@type\":\"BreadcrumbList\",\"@id\":\"https:\/\/invest.warmia.mazury.pl\/de\/leitfaden-fuer-investoren\/ich-habe-bereits-einen-standort-ausgewaehlt\/prufen-sie-ob-es-einen-ortlichen-flachennutzungsplan-gibt\/#breadcrumb\",\"itemListElement\":[{\"@type\":\"ListItem\",\"position\":1,\"name\":\"Strona g\u0142\u00f3wna\",\"item\":\"https:\/\/invest.warmia.mazury.pl\/de\/\"},{\"@type\":\"ListItem\",\"position\":2,\"name\":\"Leitfaden f\u00fcr Investoren\",\"item\":\"https:\/\/invest.warmia.mazury.pl\/de\/leitfaden-fuer-investoren\/\"},{\"@type\":\"ListItem\",\"position\":3,\"name\":\"Ich habe bereits einen Standort ausgew\u00e4hlt\",\"item\":\"https:\/\/invest.warmia.mazury.pl\/de\/leitfaden-fuer-investoren\/ich-habe-bereits-einen-standort-ausgewaehlt\/\"},{\"@type\":\"ListItem\",\"position\":4,\"name\":\"Pr\u00fcfen Sie, ob es einen \u00f6rtlichen Fl\u00e4chennutzungsplan gibt\"}]},{\"@type\":\"WebSite\",\"@id\":\"https:\/\/invest.warmia.mazury.pl\/de\/#website\",\"url\":\"https:\/\/invest.warmia.mazury.pl\/de\/\",\"name\":\"Invest Ermland Masuren\",\"description\":\"\",\"publisher\":{\"@id\":\"https:\/\/invest.warmia.mazury.pl\/de\/#organization\"},\"potentialAction\":[{\"@type\":\"SearchAction\",\"target\":{\"@type\":\"EntryPoint\",\"urlTemplate\":\"https:\/\/invest.warmia.mazury.pl\/de\/?s={search_term_string}\"},\"query-input\":{\"@type\":\"PropertyValueSpecification\",\"valueRequired\":true,\"valueName\":\"search_term_string\"}}],\"inLanguage\":\"de\"},{\"@type\":\"Organization\",\"@id\":\"https:\/\/invest.warmia.mazury.pl\/de\/#organization\",\"name\":\"Invest Ermland Masuren\",\"url\":\"https:\/\/invest.warmia.mazury.pl\/de\/\",\"logo\":{\"@type\":\"ImageObject\",\"inLanguage\":\"de\",\"@id\":\"https:\/\/invest.warmia.mazury.pl\/de\/#\/schema\/logo\/image\/\",\"url\":\"https:\/\/invest.warmia.mazury.pl\/de\/wp-content\/uploads\/sites\/4\/2021\/12\/logo-invest-in-color.svg\",\"contentUrl\":\"https:\/\/invest.warmia.mazury.pl\/de\/wp-content\/uploads\/sites\/4\/2021\/12\/logo-invest-in-color.svg\",\"caption\":\"Invest Ermland Masuren\"},\"image\":{\"@id\":\"https:\/\/invest.warmia.mazury.pl\/de\/#\/schema\/logo\/image\/\"}}]}<\/script>\n<!-- \/ Yoast SEO plugin. -->","yoast_head_json":{"title":"Pr\u00fcfen Sie, ob es einen \u00f6rtlichen Fl\u00e4chennutzungsplan gibt - Invest Ermland Masuren","robots":{"index":"index","follow":"follow","max-snippet":"max-snippet:-1","max-image-preview":"max-image-preview:large","max-video-preview":"max-video-preview:-1"},"canonical":"https:\/\/invest.warmia.mazury.pl\/de\/leitfaden-fuer-investoren\/ich-habe-bereits-einen-standort-ausgewaehlt\/prufen-sie-ob-es-einen-ortlichen-flachennutzungsplan-gibt\/","og_locale":"de_DE","og_type":"article","og_title":"Pr\u00fcfen Sie, ob es einen \u00f6rtlichen Fl\u00e4chennutzungsplan gibt - Invest Ermland Masuren","og_description":"Ein \u00f6rtlicher Fl\u00e4chennutzungsplan ist ein Akt des lokalen Rechts und enth\u00e4lt allgemein verbindliche Bestimmungen \u00fcber die Art und Weise der Entwicklung eines Grundst\u00fccks, einschlie\u00dflich der Art und Weise seiner wirtschaftlichen [&hellip;]","og_url":"https:\/\/invest.warmia.mazury.pl\/de\/leitfaden-fuer-investoren\/ich-habe-bereits-einen-standort-ausgewaehlt\/prufen-sie-ob-es-einen-ortlichen-flachennutzungsplan-gibt\/","og_site_name":"Invest Ermland Masuren","article_modified_time":"2022-03-15T14:20:32+00:00","twitter_card":"summary_large_image","twitter_misc":{"Gesch\u00e4tzte Lesezeit":"2\u00a0Minuten"},"schema":{"@context":"https:\/\/schema.org","@graph":[{"@type":"WebPage","@id":"https:\/\/invest.warmia.mazury.pl\/de\/leitfaden-fuer-investoren\/ich-habe-bereits-einen-standort-ausgewaehlt\/prufen-sie-ob-es-einen-ortlichen-flachennutzungsplan-gibt\/","url":"https:\/\/invest.warmia.mazury.pl\/de\/leitfaden-fuer-investoren\/ich-habe-bereits-einen-standort-ausgewaehlt\/prufen-sie-ob-es-einen-ortlichen-flachennutzungsplan-gibt\/","name":"Pr\u00fcfen Sie, ob es einen \u00f6rtlichen Fl\u00e4chennutzungsplan gibt - Invest Ermland Masuren","isPartOf":{"@id":"https:\/\/invest.warmia.mazury.pl\/de\/#website"},"datePublished":"2022-02-08T10:06:14+00:00","dateModified":"2022-03-15T14:20:32+00:00","breadcrumb":{"@id":"https:\/\/invest.warmia.mazury.pl\/de\/leitfaden-fuer-investoren\/ich-habe-bereits-einen-standort-ausgewaehlt\/prufen-sie-ob-es-einen-ortlichen-flachennutzungsplan-gibt\/#breadcrumb"},"inLanguage":"de","potentialAction":[{"@type":"ReadAction","target":["https:\/\/invest.warmia.mazury.pl\/de\/leitfaden-fuer-investoren\/ich-habe-bereits-einen-standort-ausgewaehlt\/prufen-sie-ob-es-einen-ortlichen-flachennutzungsplan-gibt\/"]}]},{"@type":"BreadcrumbList","@id":"https:\/\/invest.warmia.mazury.pl\/de\/leitfaden-fuer-investoren\/ich-habe-bereits-einen-standort-ausgewaehlt\/prufen-sie-ob-es-einen-ortlichen-flachennutzungsplan-gibt\/#breadcrumb","itemListElement":[{"@type":"ListItem","position":1,"name":"Strona g\u0142\u00f3wna","item":"https:\/\/invest.warmia.mazury.pl\/de\/"},{"@type":"ListItem","position":2,"name":"Leitfaden f\u00fcr Investoren","item":"https:\/\/invest.warmia.mazury.pl\/de\/leitfaden-fuer-investoren\/"},{"@type":"ListItem","position":3,"name":"Ich habe bereits einen Standort ausgew\u00e4hlt","item":"https:\/\/invest.warmia.mazury.pl\/de\/leitfaden-fuer-investoren\/ich-habe-bereits-einen-standort-ausgewaehlt\/"},{"@type":"ListItem","position":4,"name":"Pr\u00fcfen Sie, ob es einen \u00f6rtlichen Fl\u00e4chennutzungsplan gibt"}]},{"@type":"WebSite","@id":"https:\/\/invest.warmia.mazury.pl\/de\/#website","url":"https:\/\/invest.warmia.mazury.pl\/de\/","name":"Invest Ermland Masuren","description":"","publisher":{"@id":"https:\/\/invest.warmia.mazury.pl\/de\/#organization"},"potentialAction":[{"@type":"SearchAction","target":{"@type":"EntryPoint","urlTemplate":"https:\/\/invest.warmia.mazury.pl\/de\/?s={search_term_string}"},"query-input":{"@type":"PropertyValueSpecification","valueRequired":true,"valueName":"search_term_string"}}],"inLanguage":"de"},{"@type":"Organization","@id":"https:\/\/invest.warmia.mazury.pl\/de\/#organization","name":"Invest Ermland Masuren","url":"https:\/\/invest.warmia.mazury.pl\/de\/","logo":{"@type":"ImageObject","inLanguage":"de","@id":"https:\/\/invest.warmia.mazury.pl\/de\/#\/schema\/logo\/image\/","url":"https:\/\/invest.warmia.mazury.pl\/de\/wp-content\/uploads\/sites\/4\/2021\/12\/logo-invest-in-color.svg","contentUrl":"https:\/\/invest.warmia.mazury.pl\/de\/wp-content\/uploads\/sites\/4\/2021\/12\/logo-invest-in-color.svg","caption":"Invest Ermland Masuren"},"image":{"@id":"https:\/\/invest.warmia.mazury.pl\/de\/#\/schema\/logo\/image\/"}}]}},"_links":{"self":[{"href":"https:\/\/invest.warmia.mazury.pl\/de\/wp-json\/wp\/v2\/pages\/2056","targetHints":{"allow":["GET"]}}],"collection":[{"href":"https:\/\/invest.warmia.mazury.pl\/de\/wp-json\/wp\/v2\/pages"}],"about":[{"href":"https:\/\/invest.warmia.mazury.pl\/de\/wp-json\/wp\/v2\/types\/page"}],"author":[{"embeddable":true,"href":"https:\/\/invest.warmia.mazury.pl\/de\/wp-json\/wp\/v2\/users\/1"}],"replies":[{"embeddable":true,"href":"https:\/\/invest.warmia.mazury.pl\/de\/wp-json\/wp\/v2\/comments?post=2056"}],"version-history":[{"count":2,"href":"https:\/\/invest.warmia.mazury.pl\/de\/wp-json\/wp\/v2\/pages\/2056\/revisions"}],"predecessor-version":[{"id":2095,"href":"https:\/\/invest.warmia.mazury.pl\/de\/wp-json\/wp\/v2\/pages\/2056\/revisions\/2095"}],"up":[{"embeddable":true,"href":"https:\/\/invest.warmia.mazury.pl\/de\/wp-json\/wp\/v2\/pages\/2042"}],"wp:attachment":[{"href":"https:\/\/invest.warmia.mazury.pl\/de\/wp-json\/wp\/v2\/media?parent=2056"}],"curies":[{"name":"wp","href":"https:\/\/api.w.org\/{rel}","templated":true}]}}