{"id":2054,"date":"2022-02-08T11:04:44","date_gmt":"2022-02-08T10:04:44","guid":{"rendered":"https:\/\/invest.warmia.mazury.pl\/?page_id=2054"},"modified":"2022-03-15T15:16:46","modified_gmt":"2022-03-15T14:16:46","slug":"pruefen-sie-die-umweltbedingungen","status":"publish","type":"page","link":"https:\/\/invest.warmia.mazury.pl\/de\/leitfaden-fuer-investoren\/ich-habe-bereits-einen-standort-ausgewaehlt\/pruefen-sie-die-umweltbedingungen\/","title":{"rendered":"Pr\u00fcfen Sie die Umweltbedingungen"},"content":{"rendered":"\n<p>Die Entscheidung \u00fcber die Umweltbedingungen gibt an, welche Realisierungsart der Investition die geringstm\u00f6gliche Beeintr\u00e4chtigung der Umwelt zur Folge haben wird. Sie legt die Anforderungen fest, die sich sowohl bei der Durchf\u00fchrung der Investition als auch w\u00e4hrend ihres Betriebs ergeben k\u00f6nnen, und zwar nicht nur in Bezug auf den Schutz der nat\u00fcrlichen Umwelt, sondern auch in Bezug auf den Schutz sozialer Interessen, z.B. der Bewohner der umliegenden Grundst\u00fccke. Bevor Sie eine Baugenehmigung beantragen, m\u00fcssen Sie eine Entscheidung \u00fcber die Umweltbedingungen einholen.<\/p>\n\n\n\n<p>Die Liste der Projekte, die eine Umweltentscheidung erfordern, ist in der <a href=\"https:\/\/isap.sejm.gov.pl\/isap.nsf\/download.xsp\/WDU20190001839\/O\/D20191839.pdf\">Verordnung des Ministerrats vom 10. September 2019 \u00fcber Projekte, die voraussichtlich erhebliche Auswirkungen auf die Umwelt haben (Gesetzblatt 2019, Punkt 1839)<\/a>, enthalten.<\/p>\n\n\n\n<p>Dem Erlass einer Umweltentscheidung geht in der Regel eine Umweltvertr\u00e4glichkeitspr\u00fcfung (UVP) des geplanten Investitionsprojekts voraus. Ein Antrag auf eine Umweltentscheidung sollte bei der Stadt- oder Gemeindeverwaltung in dem Gebiet eingereicht werden, in dem die Investition geplant ist.<\/p>\n","protected":false},"excerpt":{"rendered":"<p>Die Entscheidung \u00fcber die Umweltbedingungen gibt an, welche Realisierungsart der Investition die geringstm\u00f6gliche Beeintr\u00e4chtigung der Umwelt zur Folge haben wird. Sie legt die Anforderungen fest, die sich sowohl bei der [&hellip;]<\/p>\n","protected":false},"author":1,"featured_media":0,"parent":2042,"menu_order":1,"comment_status":"closed","ping_status":"closed","template":"template-page.php","meta":{"inline_featured_image":false,"footnotes":""},"class_list":["post-2054","page","type-page","status-publish","hentry"],"yoast_head":"<!-- This site is optimized with the Yoast SEO plugin v26.7 - https:\/\/yoast.com\/wordpress\/plugins\/seo\/ -->\n<title>Pr\u00fcfen Sie die Umweltbedingungen - Invest Ermland Masuren<\/title>\n<meta name=\"robots\" content=\"index, follow, max-snippet:-1, max-image-preview:large, max-video-preview:-1\" \/>\n<link rel=\"canonical\" href=\"https:\/\/invest.warmia.mazury.pl\/de\/leitfaden-fuer-investoren\/ich-habe-bereits-einen-standort-ausgewaehlt\/pruefen-sie-die-umweltbedingungen\/\" \/>\n<meta property=\"og:locale\" content=\"de_DE\" \/>\n<meta property=\"og:type\" content=\"article\" \/>\n<meta property=\"og:title\" content=\"Pr\u00fcfen Sie die Umweltbedingungen - Invest Ermland Masuren\" \/>\n<meta property=\"og:description\" content=\"Die Entscheidung \u00fcber die Umweltbedingungen gibt an, welche Realisierungsart der Investition die geringstm\u00f6gliche Beeintr\u00e4chtigung der Umwelt zur Folge haben wird. Sie legt die Anforderungen fest, die sich sowohl bei der [&hellip;]\" \/>\n<meta property=\"og:url\" content=\"https:\/\/invest.warmia.mazury.pl\/de\/leitfaden-fuer-investoren\/ich-habe-bereits-einen-standort-ausgewaehlt\/pruefen-sie-die-umweltbedingungen\/\" \/>\n<meta property=\"og:site_name\" content=\"Invest Ermland Masuren\" \/>\n<meta property=\"article:modified_time\" content=\"2022-03-15T14:16:46+00:00\" \/>\n<meta name=\"twitter:card\" content=\"summary_large_image\" \/>\n<meta name=\"twitter:label1\" content=\"Gesch\u00e4tzte Lesezeit\" \/>\n\t<meta name=\"twitter:data1\" content=\"1\u00a0Minute\" \/>\n<script type=\"application\/ld+json\" class=\"yoast-schema-graph\">{\"@context\":\"https:\/\/schema.org\",\"@graph\":[{\"@type\":\"WebPage\",\"@id\":\"https:\/\/invest.warmia.mazury.pl\/de\/leitfaden-fuer-investoren\/ich-habe-bereits-einen-standort-ausgewaehlt\/pruefen-sie-die-umweltbedingungen\/\",\"url\":\"https:\/\/invest.warmia.mazury.pl\/de\/leitfaden-fuer-investoren\/ich-habe-bereits-einen-standort-ausgewaehlt\/pruefen-sie-die-umweltbedingungen\/\",\"name\":\"Pr\u00fcfen Sie die Umweltbedingungen - Invest Ermland Masuren\",\"isPartOf\":{\"@id\":\"https:\/\/invest.warmia.mazury.pl\/de\/#website\"},\"datePublished\":\"2022-02-08T10:04:44+00:00\",\"dateModified\":\"2022-03-15T14:16:46+00:00\",\"breadcrumb\":{\"@id\":\"https:\/\/invest.warmia.mazury.pl\/de\/leitfaden-fuer-investoren\/ich-habe-bereits-einen-standort-ausgewaehlt\/pruefen-sie-die-umweltbedingungen\/#breadcrumb\"},\"inLanguage\":\"de\",\"potentialAction\":[{\"@type\":\"ReadAction\",\"target\":[\"https:\/\/invest.warmia.mazury.pl\/de\/leitfaden-fuer-investoren\/ich-habe-bereits-einen-standort-ausgewaehlt\/pruefen-sie-die-umweltbedingungen\/\"]}]},{\"@type\":\"BreadcrumbList\",\"@id\":\"https:\/\/invest.warmia.mazury.pl\/de\/leitfaden-fuer-investoren\/ich-habe-bereits-einen-standort-ausgewaehlt\/pruefen-sie-die-umweltbedingungen\/#breadcrumb\",\"itemListElement\":[{\"@type\":\"ListItem\",\"position\":1,\"name\":\"Strona g\u0142\u00f3wna\",\"item\":\"https:\/\/invest.warmia.mazury.pl\/de\/\"},{\"@type\":\"ListItem\",\"position\":2,\"name\":\"Leitfaden f\u00fcr Investoren\",\"item\":\"https:\/\/invest.warmia.mazury.pl\/de\/leitfaden-fuer-investoren\/\"},{\"@type\":\"ListItem\",\"position\":3,\"name\":\"Ich habe bereits einen Standort ausgew\u00e4hlt\",\"item\":\"https:\/\/invest.warmia.mazury.pl\/de\/leitfaden-fuer-investoren\/ich-habe-bereits-einen-standort-ausgewaehlt\/\"},{\"@type\":\"ListItem\",\"position\":4,\"name\":\"Pr\u00fcfen Sie die Umweltbedingungen\"}]},{\"@type\":\"WebSite\",\"@id\":\"https:\/\/invest.warmia.mazury.pl\/de\/#website\",\"url\":\"https:\/\/invest.warmia.mazury.pl\/de\/\",\"name\":\"Invest Ermland Masuren\",\"description\":\"\",\"publisher\":{\"@id\":\"https:\/\/invest.warmia.mazury.pl\/de\/#organization\"},\"potentialAction\":[{\"@type\":\"SearchAction\",\"target\":{\"@type\":\"EntryPoint\",\"urlTemplate\":\"https:\/\/invest.warmia.mazury.pl\/de\/?s={search_term_string}\"},\"query-input\":{\"@type\":\"PropertyValueSpecification\",\"valueRequired\":true,\"valueName\":\"search_term_string\"}}],\"inLanguage\":\"de\"},{\"@type\":\"Organization\",\"@id\":\"https:\/\/invest.warmia.mazury.pl\/de\/#organization\",\"name\":\"Invest Ermland Masuren\",\"url\":\"https:\/\/invest.warmia.mazury.pl\/de\/\",\"logo\":{\"@type\":\"ImageObject\",\"inLanguage\":\"de\",\"@id\":\"https:\/\/invest.warmia.mazury.pl\/de\/#\/schema\/logo\/image\/\",\"url\":\"https:\/\/invest.warmia.mazury.pl\/de\/wp-content\/uploads\/sites\/4\/2021\/12\/logo-invest-in-color.svg\",\"contentUrl\":\"https:\/\/invest.warmia.mazury.pl\/de\/wp-content\/uploads\/sites\/4\/2021\/12\/logo-invest-in-color.svg\",\"caption\":\"Invest Ermland Masuren\"},\"image\":{\"@id\":\"https:\/\/invest.warmia.mazury.pl\/de\/#\/schema\/logo\/image\/\"}}]}<\/script>\n<!-- \/ Yoast SEO plugin. -->","yoast_head_json":{"title":"Pr\u00fcfen Sie die Umweltbedingungen - Invest Ermland Masuren","robots":{"index":"index","follow":"follow","max-snippet":"max-snippet:-1","max-image-preview":"max-image-preview:large","max-video-preview":"max-video-preview:-1"},"canonical":"https:\/\/invest.warmia.mazury.pl\/de\/leitfaden-fuer-investoren\/ich-habe-bereits-einen-standort-ausgewaehlt\/pruefen-sie-die-umweltbedingungen\/","og_locale":"de_DE","og_type":"article","og_title":"Pr\u00fcfen Sie die Umweltbedingungen - Invest Ermland Masuren","og_description":"Die Entscheidung \u00fcber die Umweltbedingungen gibt an, welche Realisierungsart der Investition die geringstm\u00f6gliche Beeintr\u00e4chtigung der Umwelt zur Folge haben wird. Sie legt die Anforderungen fest, die sich sowohl bei der [&hellip;]","og_url":"https:\/\/invest.warmia.mazury.pl\/de\/leitfaden-fuer-investoren\/ich-habe-bereits-einen-standort-ausgewaehlt\/pruefen-sie-die-umweltbedingungen\/","og_site_name":"Invest Ermland Masuren","article_modified_time":"2022-03-15T14:16:46+00:00","twitter_card":"summary_large_image","twitter_misc":{"Gesch\u00e4tzte Lesezeit":"1\u00a0Minute"},"schema":{"@context":"https:\/\/schema.org","@graph":[{"@type":"WebPage","@id":"https:\/\/invest.warmia.mazury.pl\/de\/leitfaden-fuer-investoren\/ich-habe-bereits-einen-standort-ausgewaehlt\/pruefen-sie-die-umweltbedingungen\/","url":"https:\/\/invest.warmia.mazury.pl\/de\/leitfaden-fuer-investoren\/ich-habe-bereits-einen-standort-ausgewaehlt\/pruefen-sie-die-umweltbedingungen\/","name":"Pr\u00fcfen Sie die Umweltbedingungen - Invest Ermland Masuren","isPartOf":{"@id":"https:\/\/invest.warmia.mazury.pl\/de\/#website"},"datePublished":"2022-02-08T10:04:44+00:00","dateModified":"2022-03-15T14:16:46+00:00","breadcrumb":{"@id":"https:\/\/invest.warmia.mazury.pl\/de\/leitfaden-fuer-investoren\/ich-habe-bereits-einen-standort-ausgewaehlt\/pruefen-sie-die-umweltbedingungen\/#breadcrumb"},"inLanguage":"de","potentialAction":[{"@type":"ReadAction","target":["https:\/\/invest.warmia.mazury.pl\/de\/leitfaden-fuer-investoren\/ich-habe-bereits-einen-standort-ausgewaehlt\/pruefen-sie-die-umweltbedingungen\/"]}]},{"@type":"BreadcrumbList","@id":"https:\/\/invest.warmia.mazury.pl\/de\/leitfaden-fuer-investoren\/ich-habe-bereits-einen-standort-ausgewaehlt\/pruefen-sie-die-umweltbedingungen\/#breadcrumb","itemListElement":[{"@type":"ListItem","position":1,"name":"Strona g\u0142\u00f3wna","item":"https:\/\/invest.warmia.mazury.pl\/de\/"},{"@type":"ListItem","position":2,"name":"Leitfaden f\u00fcr Investoren","item":"https:\/\/invest.warmia.mazury.pl\/de\/leitfaden-fuer-investoren\/"},{"@type":"ListItem","position":3,"name":"Ich habe bereits einen Standort ausgew\u00e4hlt","item":"https:\/\/invest.warmia.mazury.pl\/de\/leitfaden-fuer-investoren\/ich-habe-bereits-einen-standort-ausgewaehlt\/"},{"@type":"ListItem","position":4,"name":"Pr\u00fcfen Sie die Umweltbedingungen"}]},{"@type":"WebSite","@id":"https:\/\/invest.warmia.mazury.pl\/de\/#website","url":"https:\/\/invest.warmia.mazury.pl\/de\/","name":"Invest Ermland Masuren","description":"","publisher":{"@id":"https:\/\/invest.warmia.mazury.pl\/de\/#organization"},"potentialAction":[{"@type":"SearchAction","target":{"@type":"EntryPoint","urlTemplate":"https:\/\/invest.warmia.mazury.pl\/de\/?s={search_term_string}"},"query-input":{"@type":"PropertyValueSpecification","valueRequired":true,"valueName":"search_term_string"}}],"inLanguage":"de"},{"@type":"Organization","@id":"https:\/\/invest.warmia.mazury.pl\/de\/#organization","name":"Invest Ermland Masuren","url":"https:\/\/invest.warmia.mazury.pl\/de\/","logo":{"@type":"ImageObject","inLanguage":"de","@id":"https:\/\/invest.warmia.mazury.pl\/de\/#\/schema\/logo\/image\/","url":"https:\/\/invest.warmia.mazury.pl\/de\/wp-content\/uploads\/sites\/4\/2021\/12\/logo-invest-in-color.svg","contentUrl":"https:\/\/invest.warmia.mazury.pl\/de\/wp-content\/uploads\/sites\/4\/2021\/12\/logo-invest-in-color.svg","caption":"Invest Ermland Masuren"},"image":{"@id":"https:\/\/invest.warmia.mazury.pl\/de\/#\/schema\/logo\/image\/"}}]}},"_links":{"self":[{"href":"https:\/\/invest.warmia.mazury.pl\/de\/wp-json\/wp\/v2\/pages\/2054","targetHints":{"allow":["GET"]}}],"collection":[{"href":"https:\/\/invest.warmia.mazury.pl\/de\/wp-json\/wp\/v2\/pages"}],"about":[{"href":"https:\/\/invest.warmia.mazury.pl\/de\/wp-json\/wp\/v2\/types\/page"}],"author":[{"embeddable":true,"href":"https:\/\/invest.warmia.mazury.pl\/de\/wp-json\/wp\/v2\/users\/1"}],"replies":[{"embeddable":true,"href":"https:\/\/invest.warmia.mazury.pl\/de\/wp-json\/wp\/v2\/comments?post=2054"}],"version-history":[{"count":2,"href":"https:\/\/invest.warmia.mazury.pl\/de\/wp-json\/wp\/v2\/pages\/2054\/revisions"}],"predecessor-version":[{"id":2094,"href":"https:\/\/invest.warmia.mazury.pl\/de\/wp-json\/wp\/v2\/pages\/2054\/revisions\/2094"}],"up":[{"embeddable":true,"href":"https:\/\/invest.warmia.mazury.pl\/de\/wp-json\/wp\/v2\/pages\/2042"}],"wp:attachment":[{"href":"https:\/\/invest.warmia.mazury.pl\/de\/wp-json\/wp\/v2\/media?parent=2054"}],"curies":[{"name":"wp","href":"https:\/\/api.w.org\/{rel}","templated":true}]}}