{"id":20,"date":"2021-12-21T09:00:02","date_gmt":"2021-12-21T08:00:02","guid":{"rendered":"https:\/\/invest.warmia.mazury.pl\/de\/?page_id=20"},"modified":"2022-02-07T15:27:17","modified_gmt":"2022-02-07T14:27:17","slug":"servicecenter-fuer-investoren-und-exporteure","status":"publish","type":"page","link":"https:\/\/invest.warmia.mazury.pl\/de\/servicecenter-fuer-investoren-und-exporteure\/","title":{"rendered":"Zentrum f\u00fcr die Unterst\u00fctzung von Investoren und Exporteuren"},"content":{"rendered":"\n<p><strong>Centrum Obs\u0142ugi Inwestor\u00f3w i Eksporter\u00f3w (poln. <\/strong><strong>Ank. COIE; Zentrum f\u00fcr die Unterst\u00fctzung von Investoren und Exporteuren<\/strong><strong>)<\/strong> <strong>im Marschallamt der Woiwodschaft Ermland-Masuren in Olsztyn <\/strong>besteht aus Spezialisten, die Investoren und Exporteure beim Erwerb von Grundst\u00fccken f\u00fcr Investitionen, bei der Vorbereitung von Investitionen und bei der Kontaktaufnahme mit Gesch\u00e4ftspartnern beraten und eine umfassende Unterst\u00fctzung f\u00fcr Investoren auf der Woiwodschaftsebene bieten.<\/p>\n\n\n\n<p><strong>COIE-Experten:<\/strong><\/p>\n\n\n\n<p><strong>HELFEN <\/strong>in- und ausl\u00e4ndischen Investoren,&nbsp;&nbsp;<\/p>\n\n\n\n<p><strong>UNTERST\u00dcTZEN <\/strong>Unternehmer aus Ermland und Masuren,<\/p>\n\n\n\n<p><strong>F\u00d6RDERN <\/strong><strong>das<\/strong><strong> <\/strong>wirtschaftliche Potenzial von Ermland und Masuren im In- und Ausland<\/p>\n\n\n\n<p>und das alles kostenlos.<br><br><\/p>\n\n\n\n<p><strong>UNTERST\u00dcTZUNG VON INVESTOREN &#8211; &#8222;pro-biz&#8220;<\/strong><\/p>\n\n\n\n<ul class=\"wp-block-list\"><li>Betreuung in- und ausl\u00e4ndischer Investoren, die an der Aufnahme von Gesch\u00e4ftst\u00e4tigkeiten in Ermland und Masuren interessiert sind<\/li><li>Bereitstellung von Informationen \u00fcber die wirtschaftlichen und rechtlichen Bedingungen f\u00fcr Investitionen in Ermland und Masuren<\/li><li>Unterst\u00fctzung bei der Auswahl von Investitionsstandorten<\/li><li>Unterst\u00fctzung bei der Organisation<\/li><li>Pr\u00e4sentation der aktuellen Investitionsangebote<\/li><li>Unterst\u00fctzung bei der Suche nach Immobilien, die nach dem Interesse des Investors verwendet werden k\u00f6nnen<\/li><li>Schaffung und F\u00f6rderung des Investitionsangebots in Ermland und Masuren<\/li><li>Bereitstellung von Dienstleistungen im Bereich der Markenkommunikation in den sozialen Medien<\/li><\/ul>\n\n\n\n<p><strong>UNTERST\u00dcTZUNG VON EXPORTEUREN &#8222;pro-eksport&#8220;<\/strong><\/p>\n\n\n\n<ul class=\"wp-block-list\"><li>Informationen \u00fcber die Regeln f\u00fcr die Gewerbet\u00e4tigkeit auf einem bestimmten Markt<\/li><li>Unterst\u00fctzung bei der Kontaktaufnahme mit ausl\u00e4ndischen Unternehmen<\/li><li>Erstellung von Datenbanken mit potenziellen Gesch\u00e4ftspartnern<\/li><li>Organisation und Durchf\u00fchrung von Wirtschaftsmissionen<\/li><li>Organisation von Schulungen zum Thema Au\u00dfenhandel<\/li><li>Organisation von Branchentreffen<br><br><\/li><\/ul>\n\n\n\n<p><strong>WIRTSCHAFTSF\u00d6RDERUNG<\/strong><\/p>\n\n\n\n<ul class=\"wp-block-list\"><li>Schaffung der Wirtschaftsmarke Ermland und Masuren<\/li><li>Durchf\u00fchrung von F\u00f6rderprojekten f\u00fcr die regionale Wirtschaft<\/li><li>Organisation von und Teilnahme an nationalen und internationalen Unternehmungen in Zusammenarbeit mit lokalen Regierungseinheiten und Institutionen des Gesch\u00e4ftsumfelds<br><br><\/li><\/ul>\n\n\n\n<p>Die Experten von COIE verf\u00fcgen \u00fcber aktuelle Kontaktdaten und arbeiten eng mit den Sonderwirtschaftszonen, den lokalen Beh\u00f6rden der Region Ermland und Masuren sowie mit unternehmensorientierten Institutionen, die sich f\u00fcr die Entwicklung der Region einsetzen, der Polnischen Investitions- und Handelsagentur (PAIH) und den Au\u00dfenhandelsb\u00fcros in aller Welt zusammen.<\/p>\n\n\n\n<p>Sie suchen ein Grundst\u00fcck f\u00fcr Ihr Unternehmen? M\u00f6chten Sie mit einem inl\u00e4ndischen oder ausl\u00e4ndischen Investor zusammenarbeiten? Kontaktieren Sie uns!<\/p>\n\n\n\n<p>Das COIE von Ermland und Masuren ist seit 2018 ein zertifizierter Partner der <strong>Polnischen Investitions- und Handelsagentur <\/strong>(PAIH). Die <strong>COIE-Akkreditierung <\/strong>ist eine Garantie f\u00fcr ein hohes Serviceniveau nicht nur f\u00fcr potenzielle Investoren, sondern auch f\u00fcr jeden Unternehmer aus Ermland und Masuren, der beabsichtigt, seine Produkte oder Dienstleistungen ins Ausland zu exportieren oder bereits exportiert und dabei Unterst\u00fctzung ben\u00f6tigt.<\/p>\n\n\n\n<p><strong>COIE-Informationsklausel:<\/strong><\/p>\n\n\n\n<p><strong>Gem\u00e4\u00df der <\/strong>Verpflichtung, die sich aus Artikel 13 der Verordnung (EU) 2016\/679 des Europ\u00e4ischen Parlaments und des Rates vom 27. April 2016 zum Schutz nat\u00fcrlicher Personen bei der Verarbeitung personenbezogener Daten und zum freien Datenverkehr (DSGVO) ergibt, informieren wir Sie im Folgenden \u00fcber die Verarbeitung Ihrer personenbezogenen Daten:<br>1) Der f\u00fcr die Verarbeitung Ihrer personenbezogenen Daten Verantwortliche ist die Woiwodschaft Ermland-Masuren, die die Aufgaben von COIE, Ul. E. Plater 1, 10-562 Olsztyn (im Folgenden: Verantwortlicher) wahrnimmt.<br>2) Der Verantwortliche hat einen Datenschutzbeauftragten ernannt, den Sie unter der folgenden E-Mail-Adresse erreichen k\u00f6nnen: iod@warmia.mazury.pl.<br>3) Personenbezogene Daten werden verarbeitet, um export- und unternehmensf\u00f6rdernde Informationsdienste zu erbringen, die sich aus der Vereinbarung ergeben, in der die Grunds\u00e4tze der Arbeitsweise des COIE in der Woiwodschaft Ermland-Masuren festgelegt sind.<br>4) Die Verarbeitung personenbezogener Daten erfolgt auf der Grundlage Ihrer Einwilligung, d.h. Artikel 6 Absatz 1 Buchstabe a der DSGVO.<br>5) Personenbezogene Daten werden an die folgenden Empf\u00e4nger \u00fcbermittelt: polnisches Ministerium f\u00fcr Unternehmertum und Technologie und Polska Agencja Inwestycji i Handlu S.A. (Polnische Investitions- und Handelsagentur) sowie andere an einer gesch\u00e4ftlichen Zusammenarbeit interessierte Unternehmen.<br>6) Personenbezogene Daten werden f\u00fcr die Dauer Ihrer Zustimmung gespeichert, jedoch mindestens bis zum 31. Dezember 2020 und nicht l\u00e4nger als 3 Jahre nach Abschluss des Operationellen Programms Innovative Wirtschaft. Anschlie\u00dfend werden die Daten zu Archivierungszwecken verarbeitet &#8211; in \u00dcbereinstimmung mit den diesbez\u00fcglich geltenden Vorschriften, d.h. dem Handbuch f\u00fcr Beh\u00f6rdenkanzleien und dem Gesetz \u00fcber das nationale Archivgut und die Archive.<br>7) Sie haben jederzeit das Recht auf Zugang zu Ihren personenbezogenen Daten sowie das Recht, deren Berichtigung, L\u00f6schung oder Einschr\u00e4nkung der Verarbeitung zu verlangen.<br>8) Wenn Sie der Meinung sind, dass die Verarbeitung Ihrer personenbezogenen Daten gegen die Bestimmungen des Datenschutzes verst\u00f6\u00dft, haben Sie das Recht, eine Beschwerde bei der Aufsichtsbeh\u00f6rde, d.h. dem Pr\u00e4sidenten des Amtes f\u00fcr den Schutz personenbezogener Daten, einzureichen.<br>9) Die Angabe pers\u00f6nlicher Daten ist freiwillig, aber notwendig, um die von COIE angebotenen Informationsdienste zu nutzen. Wenn die Daten nicht zur Verf\u00fcgung gestellt werden, ist es nicht m\u00f6glich, export- und unternehmensf\u00f6rdernde Informationsdienste anzubieten.<\/p>\n\n\n\n<p><\/p>\n","protected":false},"excerpt":{"rendered":"<p>Centrum Obs\u0142ugi Inwestor\u00f3w i Eksporter\u00f3w (poln. Ank. COIE; Zentrum f\u00fcr die Unterst\u00fctzung von Investoren und Exporteuren) im Marschallamt der Woiwodschaft Ermland-Masuren in Olsztyn besteht aus Spezialisten, die Investoren und Exporteure [&hellip;]<\/p>\n","protected":false},"author":1,"featured_media":0,"parent":0,"menu_order":0,"comment_status":"closed","ping_status":"closed","template":"","meta":{"inline_featured_image":false,"footnotes":""},"class_list":["post-20","page","type-page","status-publish","hentry"],"yoast_head":"<!-- This site is optimized with the Yoast SEO plugin v26.7 - https:\/\/yoast.com\/wordpress\/plugins\/seo\/ -->\n<title>Zentrum f\u00fcr die Unterst\u00fctzung von Investoren und Exporteuren - Invest Ermland Masuren<\/title>\n<meta name=\"robots\" content=\"index, follow, max-snippet:-1, max-image-preview:large, max-video-preview:-1\" \/>\n<link rel=\"canonical\" href=\"https:\/\/invest.warmia.mazury.pl\/de\/servicecenter-fuer-investoren-und-exporteure\/\" \/>\n<meta property=\"og:locale\" content=\"de_DE\" \/>\n<meta property=\"og:type\" content=\"article\" \/>\n<meta property=\"og:title\" content=\"Zentrum f\u00fcr die Unterst\u00fctzung von Investoren und Exporteuren - Invest Ermland Masuren\" \/>\n<meta property=\"og:description\" content=\"Centrum Obs\u0142ugi Inwestor\u00f3w i Eksporter\u00f3w (poln. Ank. COIE; Zentrum f\u00fcr die Unterst\u00fctzung von Investoren und Exporteuren) im Marschallamt der Woiwodschaft Ermland-Masuren in Olsztyn besteht aus Spezialisten, die Investoren und Exporteure [&hellip;]\" \/>\n<meta property=\"og:url\" content=\"https:\/\/invest.warmia.mazury.pl\/de\/servicecenter-fuer-investoren-und-exporteure\/\" \/>\n<meta property=\"og:site_name\" content=\"Invest Ermland Masuren\" \/>\n<meta property=\"article:modified_time\" content=\"2022-02-07T14:27:17+00:00\" \/>\n<meta name=\"twitter:card\" content=\"summary_large_image\" \/>\n<meta name=\"twitter:label1\" content=\"Gesch\u00e4tzte Lesezeit\" \/>\n\t<meta name=\"twitter:data1\" content=\"4\u00a0Minuten\" \/>\n<script type=\"application\/ld+json\" class=\"yoast-schema-graph\">{\"@context\":\"https:\/\/schema.org\",\"@graph\":[{\"@type\":\"WebPage\",\"@id\":\"https:\/\/invest.warmia.mazury.pl\/de\/servicecenter-fuer-investoren-und-exporteure\/\",\"url\":\"https:\/\/invest.warmia.mazury.pl\/de\/servicecenter-fuer-investoren-und-exporteure\/\",\"name\":\"Zentrum f\u00fcr die Unterst\u00fctzung von Investoren und Exporteuren - Invest Ermland Masuren\",\"isPartOf\":{\"@id\":\"https:\/\/invest.warmia.mazury.pl\/de\/#website\"},\"datePublished\":\"2021-12-21T08:00:02+00:00\",\"dateModified\":\"2022-02-07T14:27:17+00:00\",\"breadcrumb\":{\"@id\":\"https:\/\/invest.warmia.mazury.pl\/de\/servicecenter-fuer-investoren-und-exporteure\/#breadcrumb\"},\"inLanguage\":\"de\",\"potentialAction\":[{\"@type\":\"ReadAction\",\"target\":[\"https:\/\/invest.warmia.mazury.pl\/de\/servicecenter-fuer-investoren-und-exporteure\/\"]}]},{\"@type\":\"BreadcrumbList\",\"@id\":\"https:\/\/invest.warmia.mazury.pl\/de\/servicecenter-fuer-investoren-und-exporteure\/#breadcrumb\",\"itemListElement\":[{\"@type\":\"ListItem\",\"position\":1,\"name\":\"Strona g\u0142\u00f3wna\",\"item\":\"https:\/\/invest.warmia.mazury.pl\/de\/\"},{\"@type\":\"ListItem\",\"position\":2,\"name\":\"Zentrum f\u00fcr die Unterst\u00fctzung von Investoren und Exporteuren\"}]},{\"@type\":\"WebSite\",\"@id\":\"https:\/\/invest.warmia.mazury.pl\/de\/#website\",\"url\":\"https:\/\/invest.warmia.mazury.pl\/de\/\",\"name\":\"Invest Ermland Masuren\",\"description\":\"\",\"publisher\":{\"@id\":\"https:\/\/invest.warmia.mazury.pl\/de\/#organization\"},\"potentialAction\":[{\"@type\":\"SearchAction\",\"target\":{\"@type\":\"EntryPoint\",\"urlTemplate\":\"https:\/\/invest.warmia.mazury.pl\/de\/?s={search_term_string}\"},\"query-input\":{\"@type\":\"PropertyValueSpecification\",\"valueRequired\":true,\"valueName\":\"search_term_string\"}}],\"inLanguage\":\"de\"},{\"@type\":\"Organization\",\"@id\":\"https:\/\/invest.warmia.mazury.pl\/de\/#organization\",\"name\":\"Invest Ermland Masuren\",\"url\":\"https:\/\/invest.warmia.mazury.pl\/de\/\",\"logo\":{\"@type\":\"ImageObject\",\"inLanguage\":\"de\",\"@id\":\"https:\/\/invest.warmia.mazury.pl\/de\/#\/schema\/logo\/image\/\",\"url\":\"https:\/\/invest.warmia.mazury.pl\/de\/wp-content\/uploads\/sites\/4\/2021\/12\/logo-invest-in-color.svg\",\"contentUrl\":\"https:\/\/invest.warmia.mazury.pl\/de\/wp-content\/uploads\/sites\/4\/2021\/12\/logo-invest-in-color.svg\",\"caption\":\"Invest Ermland Masuren\"},\"image\":{\"@id\":\"https:\/\/invest.warmia.mazury.pl\/de\/#\/schema\/logo\/image\/\"}}]}<\/script>\n<!-- \/ Yoast SEO plugin. -->","yoast_head_json":{"title":"Zentrum f\u00fcr die Unterst\u00fctzung von Investoren und Exporteuren - Invest Ermland Masuren","robots":{"index":"index","follow":"follow","max-snippet":"max-snippet:-1","max-image-preview":"max-image-preview:large","max-video-preview":"max-video-preview:-1"},"canonical":"https:\/\/invest.warmia.mazury.pl\/de\/servicecenter-fuer-investoren-und-exporteure\/","og_locale":"de_DE","og_type":"article","og_title":"Zentrum f\u00fcr die Unterst\u00fctzung von Investoren und Exporteuren - Invest Ermland Masuren","og_description":"Centrum Obs\u0142ugi Inwestor\u00f3w i Eksporter\u00f3w (poln. Ank. COIE; Zentrum f\u00fcr die Unterst\u00fctzung von Investoren und Exporteuren) im Marschallamt der Woiwodschaft Ermland-Masuren in Olsztyn besteht aus Spezialisten, die Investoren und Exporteure [&hellip;]","og_url":"https:\/\/invest.warmia.mazury.pl\/de\/servicecenter-fuer-investoren-und-exporteure\/","og_site_name":"Invest Ermland Masuren","article_modified_time":"2022-02-07T14:27:17+00:00","twitter_card":"summary_large_image","twitter_misc":{"Gesch\u00e4tzte Lesezeit":"4\u00a0Minuten"},"schema":{"@context":"https:\/\/schema.org","@graph":[{"@type":"WebPage","@id":"https:\/\/invest.warmia.mazury.pl\/de\/servicecenter-fuer-investoren-und-exporteure\/","url":"https:\/\/invest.warmia.mazury.pl\/de\/servicecenter-fuer-investoren-und-exporteure\/","name":"Zentrum f\u00fcr die Unterst\u00fctzung von Investoren und Exporteuren - Invest Ermland Masuren","isPartOf":{"@id":"https:\/\/invest.warmia.mazury.pl\/de\/#website"},"datePublished":"2021-12-21T08:00:02+00:00","dateModified":"2022-02-07T14:27:17+00:00","breadcrumb":{"@id":"https:\/\/invest.warmia.mazury.pl\/de\/servicecenter-fuer-investoren-und-exporteure\/#breadcrumb"},"inLanguage":"de","potentialAction":[{"@type":"ReadAction","target":["https:\/\/invest.warmia.mazury.pl\/de\/servicecenter-fuer-investoren-und-exporteure\/"]}]},{"@type":"BreadcrumbList","@id":"https:\/\/invest.warmia.mazury.pl\/de\/servicecenter-fuer-investoren-und-exporteure\/#breadcrumb","itemListElement":[{"@type":"ListItem","position":1,"name":"Strona g\u0142\u00f3wna","item":"https:\/\/invest.warmia.mazury.pl\/de\/"},{"@type":"ListItem","position":2,"name":"Zentrum f\u00fcr die Unterst\u00fctzung von Investoren und Exporteuren"}]},{"@type":"WebSite","@id":"https:\/\/invest.warmia.mazury.pl\/de\/#website","url":"https:\/\/invest.warmia.mazury.pl\/de\/","name":"Invest Ermland Masuren","description":"","publisher":{"@id":"https:\/\/invest.warmia.mazury.pl\/de\/#organization"},"potentialAction":[{"@type":"SearchAction","target":{"@type":"EntryPoint","urlTemplate":"https:\/\/invest.warmia.mazury.pl\/de\/?s={search_term_string}"},"query-input":{"@type":"PropertyValueSpecification","valueRequired":true,"valueName":"search_term_string"}}],"inLanguage":"de"},{"@type":"Organization","@id":"https:\/\/invest.warmia.mazury.pl\/de\/#organization","name":"Invest Ermland Masuren","url":"https:\/\/invest.warmia.mazury.pl\/de\/","logo":{"@type":"ImageObject","inLanguage":"de","@id":"https:\/\/invest.warmia.mazury.pl\/de\/#\/schema\/logo\/image\/","url":"https:\/\/invest.warmia.mazury.pl\/de\/wp-content\/uploads\/sites\/4\/2021\/12\/logo-invest-in-color.svg","contentUrl":"https:\/\/invest.warmia.mazury.pl\/de\/wp-content\/uploads\/sites\/4\/2021\/12\/logo-invest-in-color.svg","caption":"Invest Ermland Masuren"},"image":{"@id":"https:\/\/invest.warmia.mazury.pl\/de\/#\/schema\/logo\/image\/"}}]}},"_links":{"self":[{"href":"https:\/\/invest.warmia.mazury.pl\/de\/wp-json\/wp\/v2\/pages\/20","targetHints":{"allow":["GET"]}}],"collection":[{"href":"https:\/\/invest.warmia.mazury.pl\/de\/wp-json\/wp\/v2\/pages"}],"about":[{"href":"https:\/\/invest.warmia.mazury.pl\/de\/wp-json\/wp\/v2\/types\/page"}],"author":[{"embeddable":true,"href":"https:\/\/invest.warmia.mazury.pl\/de\/wp-json\/wp\/v2\/users\/1"}],"replies":[{"embeddable":true,"href":"https:\/\/invest.warmia.mazury.pl\/de\/wp-json\/wp\/v2\/comments?post=20"}],"version-history":[{"count":4,"href":"https:\/\/invest.warmia.mazury.pl\/de\/wp-json\/wp\/v2\/pages\/20\/revisions"}],"predecessor-version":[{"id":64,"href":"https:\/\/invest.warmia.mazury.pl\/de\/wp-json\/wp\/v2\/pages\/20\/revisions\/64"}],"wp:attachment":[{"href":"https:\/\/invest.warmia.mazury.pl\/de\/wp-json\/wp\/v2\/media?parent=20"}],"curies":[{"name":"wp","href":"https:\/\/api.w.org\/{rel}","templated":true}]}}