{"id":12,"date":"2021-12-21T08:56:43","date_gmt":"2021-12-21T07:56:43","guid":{"rendered":"https:\/\/invest.warmia.mazury.pl\/de\/?page_id=12"},"modified":"2022-02-07T16:27:04","modified_gmt":"2022-02-07T15:27:04","slug":"kontakt","status":"publish","type":"page","link":"https:\/\/invest.warmia.mazury.pl\/de\/kontakt\/","title":{"rendered":"Kontakt"},"content":{"rendered":"\n<h2 class=\"wp-block-heading\" id=\"zentrum-fur-die-unterstutzung-von-investoren-und-exporteuren-beim-marschallamt-der-woiwodschaft-ermland-masuren-in-olsztyn\">Zentrum f\u00fcr die Unterst\u00fctzung von Investoren und Exporteuren beim Marschallamt der Woiwodschaft Ermland-Masuren in Olsztyn<br><br><\/h2>\n\n\n\n<h2 class=\"wp-block-heading\" id=\"zentrum-fur-die-unterstutzung-von-investoren-und-exporteuren-beim-marschallamt-der-woiwodschaft-ermland-masuren-in-olsztyn\"><strong>B\u00fcrozeiten: <\/strong><\/h2>\n\n\n\n<ul class=\"wp-block-list\"><li>Montag: 8.00 \u2013 16.00 Uhr <\/li><li>Dienstag \u2013 Freitag: 7.30 \u2013 15.30 Uhr<\/li><\/ul>\n\n\n\n<p><\/p>\n\n\n\n<p><br><strong>Anschrift:<\/strong><\/p>\n\n\n\n<p>Marschallamt der Woiwodschaft Ermland-Masuren, Ul. G\u0142owackiego 17, 10-447 Olsztyn<\/p>\n\n\n\n<p><\/p>\n\n\n\n<p><br><strong>Telefone:<\/strong><\/p>\n\n\n\n<ul class=\"wp-block-list\"><li>+48 89 512-51-95<\/li><li>+48 89 512-51-83<\/li><li>+48 89 512-51-82<\/li><\/ul>\n\n\n\n<p><br><strong>E-mail:<\/strong><\/p>\n\n\n\n<p><a href=\"mailto:coie@warmia.mazury.pl\">coie@warmia.mazury.pl<\/a><\/p>\n","protected":false},"excerpt":{"rendered":"<p>Zentrum f\u00fcr die Unterst\u00fctzung von Investoren und Exporteuren beim Marschallamt der Woiwodschaft Ermland-Masuren in Olsztyn B\u00fcrozeiten: Montag: 8.00 \u2013 16.00 Uhr Dienstag \u2013 Freitag: 7.30 \u2013 15.30 Uhr Anschrift: Marschallamt [&hellip;]<\/p>\n","protected":false},"author":1,"featured_media":0,"parent":0,"menu_order":0,"comment_status":"closed","ping_status":"closed","template":"","meta":{"inline_featured_image":false,"footnotes":""},"class_list":["post-12","page","type-page","status-publish","hentry"],"yoast_head":"<!-- This site is optimized with the Yoast SEO plugin v26.7 - https:\/\/yoast.com\/wordpress\/plugins\/seo\/ -->\n<title>Kontakt - Invest Ermland Masuren<\/title>\n<meta name=\"robots\" content=\"index, follow, max-snippet:-1, max-image-preview:large, max-video-preview:-1\" \/>\n<link rel=\"canonical\" href=\"https:\/\/invest.warmia.mazury.pl\/de\/kontakt\/\" \/>\n<meta property=\"og:locale\" content=\"de_DE\" \/>\n<meta property=\"og:type\" content=\"article\" \/>\n<meta property=\"og:title\" content=\"Kontakt - Invest Ermland Masuren\" \/>\n<meta property=\"og:description\" content=\"Zentrum f\u00fcr die Unterst\u00fctzung von Investoren und Exporteuren beim Marschallamt der Woiwodschaft Ermland-Masuren in Olsztyn B\u00fcrozeiten: Montag: 8.00 \u2013 16.00 Uhr Dienstag \u2013 Freitag: 7.30 \u2013 15.30 Uhr Anschrift: Marschallamt [&hellip;]\" \/>\n<meta property=\"og:url\" content=\"https:\/\/invest.warmia.mazury.pl\/de\/kontakt\/\" \/>\n<meta property=\"og:site_name\" content=\"Invest Ermland Masuren\" \/>\n<meta property=\"article:modified_time\" content=\"2022-02-07T15:27:04+00:00\" \/>\n<meta name=\"twitter:card\" content=\"summary_large_image\" \/>\n<script type=\"application\/ld+json\" class=\"yoast-schema-graph\">{\"@context\":\"https:\/\/schema.org\",\"@graph\":[{\"@type\":\"WebPage\",\"@id\":\"https:\/\/invest.warmia.mazury.pl\/de\/kontakt\/\",\"url\":\"https:\/\/invest.warmia.mazury.pl\/de\/kontakt\/\",\"name\":\"Kontakt - Invest Ermland Masuren\",\"isPartOf\":{\"@id\":\"https:\/\/invest.warmia.mazury.pl\/de\/#website\"},\"datePublished\":\"2021-12-21T07:56:43+00:00\",\"dateModified\":\"2022-02-07T15:27:04+00:00\",\"breadcrumb\":{\"@id\":\"https:\/\/invest.warmia.mazury.pl\/de\/kontakt\/#breadcrumb\"},\"inLanguage\":\"de\",\"potentialAction\":[{\"@type\":\"ReadAction\",\"target\":[\"https:\/\/invest.warmia.mazury.pl\/de\/kontakt\/\"]}]},{\"@type\":\"BreadcrumbList\",\"@id\":\"https:\/\/invest.warmia.mazury.pl\/de\/kontakt\/#breadcrumb\",\"itemListElement\":[{\"@type\":\"ListItem\",\"position\":1,\"name\":\"Strona g\u0142\u00f3wna\",\"item\":\"https:\/\/invest.warmia.mazury.pl\/de\/\"},{\"@type\":\"ListItem\",\"position\":2,\"name\":\"Kontakt\"}]},{\"@type\":\"WebSite\",\"@id\":\"https:\/\/invest.warmia.mazury.pl\/de\/#website\",\"url\":\"https:\/\/invest.warmia.mazury.pl\/de\/\",\"name\":\"Invest Ermland Masuren\",\"description\":\"\",\"publisher\":{\"@id\":\"https:\/\/invest.warmia.mazury.pl\/de\/#organization\"},\"potentialAction\":[{\"@type\":\"SearchAction\",\"target\":{\"@type\":\"EntryPoint\",\"urlTemplate\":\"https:\/\/invest.warmia.mazury.pl\/de\/?s={search_term_string}\"},\"query-input\":{\"@type\":\"PropertyValueSpecification\",\"valueRequired\":true,\"valueName\":\"search_term_string\"}}],\"inLanguage\":\"de\"},{\"@type\":\"Organization\",\"@id\":\"https:\/\/invest.warmia.mazury.pl\/de\/#organization\",\"name\":\"Invest Ermland Masuren\",\"url\":\"https:\/\/invest.warmia.mazury.pl\/de\/\",\"logo\":{\"@type\":\"ImageObject\",\"inLanguage\":\"de\",\"@id\":\"https:\/\/invest.warmia.mazury.pl\/de\/#\/schema\/logo\/image\/\",\"url\":\"https:\/\/invest.warmia.mazury.pl\/de\/wp-content\/uploads\/sites\/4\/2021\/12\/logo-invest-in-color.svg\",\"contentUrl\":\"https:\/\/invest.warmia.mazury.pl\/de\/wp-content\/uploads\/sites\/4\/2021\/12\/logo-invest-in-color.svg\",\"caption\":\"Invest Ermland Masuren\"},\"image\":{\"@id\":\"https:\/\/invest.warmia.mazury.pl\/de\/#\/schema\/logo\/image\/\"}}]}<\/script>\n<!-- \/ Yoast SEO plugin. -->","yoast_head_json":{"title":"Kontakt - Invest Ermland Masuren","robots":{"index":"index","follow":"follow","max-snippet":"max-snippet:-1","max-image-preview":"max-image-preview:large","max-video-preview":"max-video-preview:-1"},"canonical":"https:\/\/invest.warmia.mazury.pl\/de\/kontakt\/","og_locale":"de_DE","og_type":"article","og_title":"Kontakt - Invest Ermland Masuren","og_description":"Zentrum f\u00fcr die Unterst\u00fctzung von Investoren und Exporteuren beim Marschallamt der Woiwodschaft Ermland-Masuren in Olsztyn B\u00fcrozeiten: Montag: 8.00 \u2013 16.00 Uhr Dienstag \u2013 Freitag: 7.30 \u2013 15.30 Uhr Anschrift: Marschallamt [&hellip;]","og_url":"https:\/\/invest.warmia.mazury.pl\/de\/kontakt\/","og_site_name":"Invest Ermland Masuren","article_modified_time":"2022-02-07T15:27:04+00:00","twitter_card":"summary_large_image","schema":{"@context":"https:\/\/schema.org","@graph":[{"@type":"WebPage","@id":"https:\/\/invest.warmia.mazury.pl\/de\/kontakt\/","url":"https:\/\/invest.warmia.mazury.pl\/de\/kontakt\/","name":"Kontakt - Invest Ermland Masuren","isPartOf":{"@id":"https:\/\/invest.warmia.mazury.pl\/de\/#website"},"datePublished":"2021-12-21T07:56:43+00:00","dateModified":"2022-02-07T15:27:04+00:00","breadcrumb":{"@id":"https:\/\/invest.warmia.mazury.pl\/de\/kontakt\/#breadcrumb"},"inLanguage":"de","potentialAction":[{"@type":"ReadAction","target":["https:\/\/invest.warmia.mazury.pl\/de\/kontakt\/"]}]},{"@type":"BreadcrumbList","@id":"https:\/\/invest.warmia.mazury.pl\/de\/kontakt\/#breadcrumb","itemListElement":[{"@type":"ListItem","position":1,"name":"Strona g\u0142\u00f3wna","item":"https:\/\/invest.warmia.mazury.pl\/de\/"},{"@type":"ListItem","position":2,"name":"Kontakt"}]},{"@type":"WebSite","@id":"https:\/\/invest.warmia.mazury.pl\/de\/#website","url":"https:\/\/invest.warmia.mazury.pl\/de\/","name":"Invest Ermland Masuren","description":"","publisher":{"@id":"https:\/\/invest.warmia.mazury.pl\/de\/#organization"},"potentialAction":[{"@type":"SearchAction","target":{"@type":"EntryPoint","urlTemplate":"https:\/\/invest.warmia.mazury.pl\/de\/?s={search_term_string}"},"query-input":{"@type":"PropertyValueSpecification","valueRequired":true,"valueName":"search_term_string"}}],"inLanguage":"de"},{"@type":"Organization","@id":"https:\/\/invest.warmia.mazury.pl\/de\/#organization","name":"Invest Ermland Masuren","url":"https:\/\/invest.warmia.mazury.pl\/de\/","logo":{"@type":"ImageObject","inLanguage":"de","@id":"https:\/\/invest.warmia.mazury.pl\/de\/#\/schema\/logo\/image\/","url":"https:\/\/invest.warmia.mazury.pl\/de\/wp-content\/uploads\/sites\/4\/2021\/12\/logo-invest-in-color.svg","contentUrl":"https:\/\/invest.warmia.mazury.pl\/de\/wp-content\/uploads\/sites\/4\/2021\/12\/logo-invest-in-color.svg","caption":"Invest Ermland Masuren"},"image":{"@id":"https:\/\/invest.warmia.mazury.pl\/de\/#\/schema\/logo\/image\/"}}]}},"_links":{"self":[{"href":"https:\/\/invest.warmia.mazury.pl\/de\/wp-json\/wp\/v2\/pages\/12","targetHints":{"allow":["GET"]}}],"collection":[{"href":"https:\/\/invest.warmia.mazury.pl\/de\/wp-json\/wp\/v2\/pages"}],"about":[{"href":"https:\/\/invest.warmia.mazury.pl\/de\/wp-json\/wp\/v2\/types\/page"}],"author":[{"embeddable":true,"href":"https:\/\/invest.warmia.mazury.pl\/de\/wp-json\/wp\/v2\/users\/1"}],"replies":[{"embeddable":true,"href":"https:\/\/invest.warmia.mazury.pl\/de\/wp-json\/wp\/v2\/comments?post=12"}],"version-history":[{"count":3,"href":"https:\/\/invest.warmia.mazury.pl\/de\/wp-json\/wp\/v2\/pages\/12\/revisions"}],"predecessor-version":[{"id":78,"href":"https:\/\/invest.warmia.mazury.pl\/de\/wp-json\/wp\/v2\/pages\/12\/revisions\/78"}],"wp:attachment":[{"href":"https:\/\/invest.warmia.mazury.pl\/de\/wp-json\/wp\/v2\/media?parent=12"}],"curies":[{"name":"wp","href":"https:\/\/api.w.org\/{rel}","templated":true}]}}